{"id":944,"date":"2018-02-20T16:21:46","date_gmt":"2018-02-20T15:21:46","guid":{"rendered":"https:\/\/www.billy-montigny.fr\/site\/?page_id=944"},"modified":"2025-07-31T09:53:49","modified_gmt":"2025-07-31T07:53:49","slug":"autres-associations-sportives","status":"publish","type":"page","link":"https:\/\/www.billy-montigny.fr\/site\/vivre-a-billy-montigny\/sport\/autres-associations-sportives\/","title":{"rendered":"Autres associations sportives"},"content":{"rendered":"<h4 class=\"spip\">Billy Varappe<\/h4>\n<p><strong>Adresse<\/strong><br \/>\nHalle Joliot Curie<br \/>\nStade Paul Guerre<\/p>\n<p><strong>Contacts<\/strong><br \/>\nDenis GALLOT (Pr\u00e9sident)<br \/>\nT\u00e9l : 06 86 03 70 58<br \/>\nGilbert GALLOT (Tr\u00e9sorier)<br \/>\nT\u00e9l : 06.89.14.51.40<\/p>\n<p>Apprentissage et perfectionnement des techniques de grimpe, sorties en milieu naturel avec encadrement. Lundi et jeudi de 18h30 \u00e0 20h30. \u00c9cole d\u2019escalade pour les 7-18 ans le mardi de 18h30 \u00e0 20h30.<\/p>\n<h4 class=\"spip\">U.C.S.B. (Union Communale du Sport Boules)<\/h4>\n<p><strong>Adresse<\/strong><br \/>\nBoulodrome Robert Dautricourt et Jean-Marie Lourme<\/p>\n<p>Parc Maurice Thorez<br \/>\nCit\u00e9 du 10<\/p>\n<p><strong>Responsable<\/strong><br \/>\nMichel MONNIER<\/p>\n<p>Entra\u00eenements au sport de boules lyonnaises. Tous les jours de 17h \u00e0 20h00. \u00c0 partir de 7 ans. Inscription sur place.<\/p>\n<h4 class=\"spip\">Billard Club Billysien<\/h4>\n<p><strong>Adresse<\/strong><br \/>\nSalle Robert Desmazi\u00e8res<br \/>\nZone Eurobilly<br \/>\n3 Avenue de la Fosse 2 (avenue des bureaux centraux pour le GPS)<\/p>\n<p><strong>Contact<\/strong><br \/>\nAndr\u00e9 DESBLEU<br \/>\nT\u00e9l : 06.08.95.70.58<br \/>\nMail : cdesbleu@gmail.com<\/p>\n<p>Billard fran\u00e7ais. Adultes et enfants \u00e0 partir de 10 ans. Du lundi au vendredi de 10h \u00e0 20h30, \u00e9cole de billard le mercredi de 15h \u00e0 17h30.<\/p>\n<h4 class=\"spip\">La p\u00e9tanque billysienne<\/h4>\n<p><strong>Adresse<\/strong><br \/>\nBoulodrome J. Ferraton<br \/>\nAvenue du 1er Mai<br \/>\n62420 Billy-Montigny<\/p>\n<p><strong>Responsable<\/strong><br \/>\nJoseph FERA<br \/>\nT\u00e9l\u00a0: 06.82.57.69.54<\/p>\n<p>De 16h30 \u00e0 20h00 du mardi au dimanche. \u00c0 partir de 12 ans. Inscription sur place.<\/p>\n<h4 class=\"spip\">Soci\u00e9t\u00e9 Colombophile \u00ab\u00a0L\u2019Aile de Fer\u00a0\u00bb<\/h4>\n<p><strong>Adresse<\/strong><br \/>\nLocal colombophile Jules Godderis<br \/>\nRue Amp\u00e8re<br \/>\nSite Eurobilly<br \/>\n62420 Billy-Montigny<\/p>\n<p><strong>Contact<\/strong><br \/>\nDidier HANTUTE<br \/>\nTel. 06.01.06.63.72<\/p>\n<p>Organisation et mise en loge, concours de pigeons voyageurs, expositions locales avec classement, expositions partielles. Samedi de 17h \u00e0 20h les jours de concours, permanences mardi et jeudi.<\/p>\n<h4 class=\"spip\">Soci\u00e9t\u00e9 de P\u00eache \u00ab\u00a0Les Percoteux Billysiens\u00a0\u00bb<\/h4>\n<p><strong>Responsable<\/strong><br \/>\nFr\u00e9d\u00e9ric DACHEVILLE<br \/>\nT\u00e9l : 06.61.89.07.60<\/p>\n<p>P\u00eache de loisirs. Enfants (sous la responsabilit\u00e9 d\u2019un adulte) et adultes. Marais de Pelves (Biache Saint Vaast).<\/p>\n<h4 class=\"spip\">Les Ch\u2019tis Rouleux<\/h4>\n<p><strong>Adresse<\/strong><br \/>\nLocal des Ch\u2019tis Rouleux<br \/>\n5 avenue de la Fosse 2<br \/>\nZone Eurobilly<br \/>\n62420 Billy-Montigny<\/p>\n<p><strong>Responsable<\/strong><br \/>\nFabrice LAUDE<br \/>\nT\u00e9l\u00a0: 06.58.98.66.77<\/p>\n<p>Club moto des passionn\u00e9s de deux roues pour des sorties touristiques. Permanences le vendredi et samedi de 18h30 \u00e0 21h et le dimanche de 11h30 \u00e0 13h. \u00c0 partir de 18 ans, cylindr\u00e9e min. 125 cm\u00b3.<\/p>\n<h4 class=\"spip\">Association des Supporters du Hand-Ball<\/h4>\n<p><strong>Responsable<\/strong><br \/>\nRolland PLOUVIN<br \/>\n29 rue du Mar\u00e9chal Fayolle<br \/>\n62420 Billy-Montigny<\/p>\n<h4 class=\"spip\">Club des Supporters des CBM Football<\/h4>\n<p><strong>Responsables<\/strong><br \/>\nBernard DEJARDIN et Bernard MASSIN<br \/>\nStade Paul Guerre<br \/>\n62420 Billy-Montigny<\/p>\n","protected":false},"excerpt":{"rendered":"<p>Billy Varappe Adresse Halle Joliot Curie Stade Paul Guerre Contacts Denis GALLOT (Pr\u00e9sident) T\u00e9l : 06 86 03 70 58 Gilbert GALLOT (Tr\u00e9sorier) T\u00e9l : 06.89.14.51.40 Apprentissage et perfectionnement des techniques de grimpe, sorties en milieu naturel avec encadrement. Lundi et jeudi de 18h30 \u00e0 20h30. \u00c9cole d\u2019escalade pour les 7-18 ans le mardi de [&hellip;]<\/p>\n","protected":false},"author":3,"featured_media":0,"parent":918,"menu_order":0,"comment_status":"closed","ping_status":"closed","template":"","meta":{"footnotes":""},"class_list":["post-944","page","type-page","status-publish","hentry"],"publishpress_future_action":{"enabled":false,"date":"2026-05-06 21:57:54","action":"change-status","newStatus":"draft","terms":[],"taxonomy":"","extraData":[]},"publishpress_future_workflow_manual_trigger":{"enabledWorkflows":[]},"_links":{"self":[{"href":"https:\/\/www.billy-montigny.fr\/site\/wp-json\/wp\/v2\/pages\/944","targetHints":{"allow":["GET"]}}],"collection":[{"href":"https:\/\/www.billy-montigny.fr\/site\/wp-json\/wp\/v2\/pages"}],"about":[{"href":"https:\/\/www.billy-montigny.fr\/site\/wp-json\/wp\/v2\/types\/page"}],"author":[{"embeddable":true,"href":"https:\/\/www.billy-montigny.fr\/site\/wp-json\/wp\/v2\/users\/3"}],"replies":[{"embeddable":true,"href":"https:\/\/www.billy-montigny.fr\/site\/wp-json\/wp\/v2\/comments?post=944"}],"version-history":[{"count":16,"href":"https:\/\/www.billy-montigny.fr\/site\/wp-json\/wp\/v2\/pages\/944\/revisions"}],"predecessor-version":[{"id":5608,"href":"https:\/\/www.billy-montigny.fr\/site\/wp-json\/wp\/v2\/pages\/944\/revisions\/5608"}],"up":[{"embeddable":true,"href":"https:\/\/www.billy-montigny.fr\/site\/wp-json\/wp\/v2\/pages\/918"}],"wp:attachment":[{"href":"https:\/\/www.billy-montigny.fr\/site\/wp-json\/wp\/v2\/media?parent=944"}],"curies":[{"name":"wp","href":"https:\/\/api.w.org\/{rel}","templated":true}]}}