{"id":938,"date":"2018-02-20T16:14:33","date_gmt":"2018-02-20T15:14:33","guid":{"rendered":"https:\/\/www.billy-montigny.fr\/site\/?page_id=938"},"modified":"2025-09-17T14:02:04","modified_gmt":"2025-09-17T12:02:04","slug":"lassociation-sportive-billysienne-a-s-b","status":"publish","type":"page","link":"https:\/\/www.billy-montigny.fr\/site\/vivre-a-billy-montigny\/sport\/lassociation-sportive-billysienne-a-s-b\/","title":{"rendered":"L&rsquo;Association Sportive Billysienne"},"content":{"rendered":"<h4 style=\"text-align: left;\">Comit\u00e9 directeur<\/h4>\n<p>MICHEL MONNIER<br \/>\n14 rue Jeanne d\u2019Arc<br \/>\n62420 Billy-Montigny<br \/>\nT\u00e9l\u00a0: 07.86.49.75.97<\/p>\n<h4><\/h4>\n<h4 class=\"spip\">Essor Danse<\/h4>\n<p><strong>Adresse<\/strong><br \/>\n\u201cLe Khor\u00e9a\u201d<br \/>\nrue Amp\u00e8re (site Eurobilly)<br \/>\n62420 Billy-Montigny<\/p>\n<p><strong>Responsable<\/strong><br \/>\nAnnie DECADT<br \/>\nT\u00e9l : 03.21.76.24.78<br \/>\nMail : lekhorea@outlook.fr<\/p>\n<p>SECTION\u00a0: Moderne jazz &#8211; \u00c9veil corporel &#8211; Danse moderne &#8211; Danse contemporaine &#8211; Danse classique. Cours pour d\u00e9butants et confirm\u00e9s. \u00c0 partir de 4 ans. Renseignements et inscriptions \u00e0 la Salle de Danse et de Remise en forme \u201cLe Khor\u00e9a\u201d, rue Amp\u00e8re (site Eurobilly).<\/p>\n<h4><\/h4>\n<h4 class=\"spip\">Section Cyclotouristes<\/h4>\n<p><strong>Adresse<\/strong><br \/>\nMaison des associations, rue A.M.\u00a0Amp\u00e8re (Zone Eurobilly)<\/p>\n<p><strong>Responsable<\/strong><br \/>\nMichel LHEUREUX<br \/>\nTel : 06.71.74.56.50<\/p>\n<p>Randonn\u00e9es v\u00e9lo chaque samedi matin, sorties familiales. \u00c0 partir de 16 ans. Mardi et vendredi de 15h \u00e0 17h (en salle &#8211; remise en forme).<\/p>\n<h4><\/h4>\n<h4 class=\"spip\">Section Majorettes \u00ab\u00a0Les Flam\u00e9lias\u00a0\u00bb<\/h4>\n<p><strong>Adresse<\/strong><br \/>\nSalle Paul Eluard, Stade Paul Guerre<\/p>\n<p><strong>Responsable<\/strong><br \/>\nMartine DESTRES<br \/>\nT\u00e9l : 06.88.11.64.95<br \/>\nMail : l-unik-martine@hotmail.fr<\/p>\n<p>Samedi de 14h \u00e0 16h et de 16h15 \u00e019h, dimanche de 14h \u00e0 18h30. \u00c0 partir de 6 ans.<\/p>\n<h3><\/h3>\n<h4 class=\"spip\">Section Javelot \u00ab\u00a0Gare les V\u2019l\u00e0\u00a0\u00bb<\/h4>\n<p><strong>Adresse<\/strong><br \/>\nSalle Auguste Legrand<br \/>\nRue Rostand<\/p>\n<p><strong>Responsable<\/strong><br \/>\nRoger DUBOIS<br \/>\nT\u00e9l : 06.69.70.68.69<br \/>\nMail : elianedubois49@gmail.com<\/p>\n<p>Lancer de javelot \u00e0 l\u2019oiseau. Tous les samedis de 18h30 \u00e0 20h30, concours de cartel et challenge le dimanche de 10h \u00e0 13h. De 14 \u00e0 80 ans.<\/p>\n<h3><\/h3>\n<h4 class=\"spip\">Section Boxing Club Billysien<\/h4>\n<p><strong>Adresse<\/strong><br \/>\nSalle G\u00e9rard Philipe<br \/>\nStade Paul Guerre<\/p>\n<p><strong>Pr\u00e9sidente<\/strong><\/p>\n<p>M\u00e9lissa CORNUEL<br \/>\nT\u00e9l : 06.27.92.33.54<br \/>\nMail : bc-billysien@sfr.fr<\/p>\n<p>Boxe Anglaise. Entra\u00eenement tous les lundis, mercredis et jeudis de 18h \u00e0 20h et le mercredi de 16h \u00e0 17h30 pour les jeunes \u00e0 partir de 8 ans.<\/p>\n<h3><\/h3>\n<h4 class=\"spip\">Section Tennis de Table de Billy-Montigny (T.T.B.M.)<\/h4>\n<p><strong>Adresse<\/strong><br \/>\nHalle Joliot-Curie<br \/>\nStade Paul Guerre<\/p>\n<p><strong>Responsable<\/strong><br \/>\nLudovic KUBACKI<br \/>\nTel : 06.64.88.83.67<br \/>\nMail : ttbm2024@gmail.com<\/p>\n<p>Comp\u00e9tition et loisirs, \u00e0 partir de 4 ans. Entra\u00eenements du mardi au samedi.<\/p>\n<h3><\/h3>\n<h4 class=\"spip\">Judo-club billysien, Ju-Jitsu<\/h4>\n<p><strong>Adresse<\/strong><br \/>\nSalle G\u00e9rard Philippe<br \/>\nStade Paul Guerre<\/p>\n<p><strong>Responsable<\/strong><br \/>\nNathalie Salszmann<br \/>\nTel : 06.98.69.08.32<br \/>\nMail : jcbillymontigny@orange.fr<\/p>\n<p>D\u00e9couverte judo \u00e9ducatif, comp\u00e9titions. Entra\u00eenements du mardi au dimanche selon les cat\u00e9gories d\u2019\u00e2ge et disciplines. \u00c0 partir de 4 ans. Inscription sur place.<\/p>\n","protected":false},"excerpt":{"rendered":"<p>Comit\u00e9 directeur MICHEL MONNIER 14 rue Jeanne d\u2019Arc 62420 Billy-Montigny T\u00e9l\u00a0: 07.86.49.75.97 Essor Danse Adresse \u201cLe Khor\u00e9a\u201d rue Amp\u00e8re (site Eurobilly) 62420 Billy-Montigny Responsable Annie DECADT T\u00e9l : 03.21.76.24.78 Mail : lekhorea@outlook.fr SECTION\u00a0: Moderne jazz &#8211; \u00c9veil corporel &#8211; Danse moderne &#8211; Danse contemporaine &#8211; Danse classique. Cours pour d\u00e9butants et confirm\u00e9s. \u00c0 partir de [&hellip;]<\/p>\n","protected":false},"author":3,"featured_media":0,"parent":918,"menu_order":0,"comment_status":"closed","ping_status":"closed","template":"","meta":{"footnotes":""},"class_list":["post-938","page","type-page","status-publish","hentry"],"publishpress_future_action":{"enabled":false,"date":"2026-04-24 06:06:54","action":"change-status","newStatus":"draft","terms":[],"taxonomy":"","extraData":[]},"publishpress_future_workflow_manual_trigger":{"enabledWorkflows":[]},"_links":{"self":[{"href":"https:\/\/www.billy-montigny.fr\/site\/wp-json\/wp\/v2\/pages\/938","targetHints":{"allow":["GET"]}}],"collection":[{"href":"https:\/\/www.billy-montigny.fr\/site\/wp-json\/wp\/v2\/pages"}],"about":[{"href":"https:\/\/www.billy-montigny.fr\/site\/wp-json\/wp\/v2\/types\/page"}],"author":[{"embeddable":true,"href":"https:\/\/www.billy-montigny.fr\/site\/wp-json\/wp\/v2\/users\/3"}],"replies":[{"embeddable":true,"href":"https:\/\/www.billy-montigny.fr\/site\/wp-json\/wp\/v2\/comments?post=938"}],"version-history":[{"count":21,"href":"https:\/\/www.billy-montigny.fr\/site\/wp-json\/wp\/v2\/pages\/938\/revisions"}],"predecessor-version":[{"id":5681,"href":"https:\/\/www.billy-montigny.fr\/site\/wp-json\/wp\/v2\/pages\/938\/revisions\/5681"}],"up":[{"embeddable":true,"href":"https:\/\/www.billy-montigny.fr\/site\/wp-json\/wp\/v2\/pages\/918"}],"wp:attachment":[{"href":"https:\/\/www.billy-montigny.fr\/site\/wp-json\/wp\/v2\/media?parent=938"}],"curies":[{"name":"wp","href":"https:\/\/api.w.org\/{rel}","templated":true}]}}