{"id":933,"date":"2018-02-20T15:55:41","date_gmt":"2018-02-20T14:55:41","guid":{"rendered":"https:\/\/www.billy-montigny.fr\/site\/?page_id=933"},"modified":"2026-03-18T16:54:23","modified_gmt":"2026-03-18T15:54:23","slug":"centre-aquatique","status":"publish","type":"page","link":"https:\/\/www.billy-montigny.fr\/site\/vivre-a-billy-montigny\/sport\/centre-aquatique\/","title":{"rendered":"Centre aquatique municipal Louis Aragon"},"content":{"rendered":"<p style=\"text-align: center;\"><a href=\"https:\/\/www.billy-montigny.fr\/site\/wp-content\/uploads\/2026\/03\/1.jpg\"><img loading=\"lazy\" decoding=\"async\" class=\"aligncenter wp-image-6129 size-medium\" src=\"https:\/\/www.billy-montigny.fr\/site\/wp-content\/uploads\/2026\/03\/1-210x300.jpg\" alt=\"\" width=\"210\" height=\"300\" srcset=\"https:\/\/www.billy-montigny.fr\/site\/wp-content\/uploads\/2026\/03\/1-210x300.jpg 210w, https:\/\/www.billy-montigny.fr\/site\/wp-content\/uploads\/2026\/03\/1-717x1024.jpg 717w, https:\/\/www.billy-montigny.fr\/site\/wp-content\/uploads\/2026\/03\/1-768x1097.jpg 768w, https:\/\/www.billy-montigny.fr\/site\/wp-content\/uploads\/2026\/03\/1-1075x1536.jpg 1075w, https:\/\/www.billy-montigny.fr\/site\/wp-content\/uploads\/2026\/03\/1-1434x2048.jpg 1434w, https:\/\/www.billy-montigny.fr\/site\/wp-content\/uploads\/2026\/03\/1-280x400.jpg 280w, https:\/\/www.billy-montigny.fr\/site\/wp-content\/uploads\/2026\/03\/1-1170x1672.jpg 1170w, https:\/\/www.billy-montigny.fr\/site\/wp-content\/uploads\/2026\/03\/1-380x543.jpg 380w, https:\/\/www.billy-montigny.fr\/site\/wp-content\/uploads\/2026\/03\/1-77x110.jpg 77w, https:\/\/www.billy-montigny.fr\/site\/wp-content\/uploads\/2026\/03\/1.jpg 1654w\" sizes=\"auto, (max-width: 210px) 100vw, 210px\" \/><\/a><\/p>\n<p><strong>Adresse : <\/strong>153 avenue de la R\u00e9publique<\/p>\n<p>T\u00e9l\u00e9phone : 03 76 09 02 16<\/p>\n<p>Mail : <a href=\"mailto:centre-aquatique@billy-montigny.fr\">centre-aquatique@billy-montigny.fr<\/a><\/p>\n<p><a href=\"https:\/\/www.facebook.com\/Centre.aquatique.Louis.Aragon\">facebook.com\/centre.aquatique.louis.aragon<\/a><\/p>\n<p><strong>Tarifs et horaires<\/strong> :<\/p>\n<p style=\"text-align: center;\"><a href=\"https:\/\/www.billy-montigny.fr\/site\/wp-content\/uploads\/2026\/03\/plaquette-rentree-20252.jpg\"><img loading=\"lazy\" decoding=\"async\" class=\"aligncenter wp-image-6126 size-medium\" src=\"https:\/\/www.billy-montigny.fr\/site\/wp-content\/uploads\/2026\/03\/plaquette-rentree-20252-213x300.jpg\" alt=\"\" width=\"213\" height=\"300\" srcset=\"https:\/\/www.billy-montigny.fr\/site\/wp-content\/uploads\/2026\/03\/plaquette-rentree-20252-213x300.jpg 213w, https:\/\/www.billy-montigny.fr\/site\/wp-content\/uploads\/2026\/03\/plaquette-rentree-20252-726x1024.jpg 726w, https:\/\/www.billy-montigny.fr\/site\/wp-content\/uploads\/2026\/03\/plaquette-rentree-20252-768x1084.jpg 768w, https:\/\/www.billy-montigny.fr\/site\/wp-content\/uploads\/2026\/03\/plaquette-rentree-20252-1089x1536.jpg 1089w, https:\/\/www.billy-montigny.fr\/site\/wp-content\/uploads\/2026\/03\/plaquette-rentree-20252-1451x2048.jpg 1451w, https:\/\/www.billy-montigny.fr\/site\/wp-content\/uploads\/2026\/03\/plaquette-rentree-20252-283x400.jpg 283w, https:\/\/www.billy-montigny.fr\/site\/wp-content\/uploads\/2026\/03\/plaquette-rentree-20252-1170x1651.jpg 1170w, https:\/\/www.billy-montigny.fr\/site\/wp-content\/uploads\/2026\/03\/plaquette-rentree-20252-380x536.jpg 380w, https:\/\/www.billy-montigny.fr\/site\/wp-content\/uploads\/2026\/03\/plaquette-rentree-20252-78x110.jpg 78w, https:\/\/www.billy-montigny.fr\/site\/wp-content\/uploads\/2026\/03\/plaquette-rentree-20252.jpg 1725w\" sizes=\"auto, (max-width: 213px) 100vw, 213px\" \/><\/a><\/p>\n<p>&nbsp;<\/p>\n","protected":false},"excerpt":{"rendered":"<p>Adresse : 153 avenue de la R\u00e9publique T\u00e9l\u00e9phone : 03 76 09 02 16 Mail : centre-aquatique@billy-montigny.fr facebook.com\/centre.aquatique.louis.aragon Tarifs et horaires : &nbsp;<\/p>\n","protected":false},"author":3,"featured_media":0,"parent":918,"menu_order":0,"comment_status":"closed","ping_status":"closed","template":"","meta":{"footnotes":""},"class_list":["post-933","page","type-page","status-publish","hentry"],"publishpress_future_action":{"enabled":false,"date":"2026-05-19 08:13:57","action":"change-status","newStatus":"draft","terms":[],"taxonomy":"","extraData":[]},"publishpress_future_workflow_manual_trigger":{"enabledWorkflows":[]},"_links":{"self":[{"href":"https:\/\/www.billy-montigny.fr\/site\/wp-json\/wp\/v2\/pages\/933","targetHints":{"allow":["GET"]}}],"collection":[{"href":"https:\/\/www.billy-montigny.fr\/site\/wp-json\/wp\/v2\/pages"}],"about":[{"href":"https:\/\/www.billy-montigny.fr\/site\/wp-json\/wp\/v2\/types\/page"}],"author":[{"embeddable":true,"href":"https:\/\/www.billy-montigny.fr\/site\/wp-json\/wp\/v2\/users\/3"}],"replies":[{"embeddable":true,"href":"https:\/\/www.billy-montigny.fr\/site\/wp-json\/wp\/v2\/comments?post=933"}],"version-history":[{"count":24,"href":"https:\/\/www.billy-montigny.fr\/site\/wp-json\/wp\/v2\/pages\/933\/revisions"}],"predecessor-version":[{"id":6130,"href":"https:\/\/www.billy-montigny.fr\/site\/wp-json\/wp\/v2\/pages\/933\/revisions\/6130"}],"up":[{"embeddable":true,"href":"https:\/\/www.billy-montigny.fr\/site\/wp-json\/wp\/v2\/pages\/918"}],"wp:attachment":[{"href":"https:\/\/www.billy-montigny.fr\/site\/wp-json\/wp\/v2\/media?parent=933"}],"curies":[{"name":"wp","href":"https:\/\/api.w.org\/{rel}","templated":true}]}}