{"id":930,"date":"2018-02-20T15:53:58","date_gmt":"2018-02-20T14:53:58","guid":{"rendered":"https:\/\/www.billy-montigny.fr\/site\/?page_id=930"},"modified":"2025-07-31T10:13:31","modified_gmt":"2025-07-31T08:13:31","slug":"les-carabiniers-de-billy-montigny","status":"publish","type":"page","link":"https:\/\/www.billy-montigny.fr\/site\/vivre-a-billy-montigny\/sport\/les-carabiniers-de-billy-montigny\/","title":{"rendered":"Les Carabiniers de Billy-Montigny"},"content":{"rendered":"<h5 class=\"spip\">Section Athl\u00e9tisme<\/h5>\n<p><strong>Adresse<\/strong><br \/>\nStade Paul Guerre<br \/>\nEspace C\u00e9line Paczkowski<\/p>\n<p><strong>Contact<\/strong><br \/>\nM. Alexandre MANTEL<br \/>\nT\u00e9l : 07.69.94.84.70<br \/>\nMail : bureau.cbm.athletisme@gmail.com<br \/>\nSite\u00a0:\u00a0<a href=\"https:\/\/www.billymontignyathletisme.com\/\">www.billymontignyathletisme.com\/<\/a><\/p>\n<p>Athl\u00e9tisme en entra\u00eenement, loisir et comp\u00e9tition. Running, randonn\u00e9e p\u00e9destre. Du lundi au samedi, horaires selon les cat\u00e9gories. \u00c0 partir de 8 ans.<\/p>\n<h5><\/h5>\n<h5 class=\"spip\">Section Football<\/h5>\n<p><strong>Adresse<\/strong><br \/>\nStade Paul Guerre<br \/>\nStade Gabriel P\u00e9ri<\/p>\n<p><strong>Contact <\/strong><br \/>\nM. Bernard DEJARDIN<\/p>\n<p>T\u00e9l : 06.12.66.46.92<br \/>\nMail : dejarber@orange.fr<br \/>\nT\u00e9l (stade)\u00a0: 03.21.76.21.52<br \/>\nT\u00e9l (secr\u00e9tariat)\u00a0: 03.62.90.22.69<\/p>\n<p>Entra\u00eenements chaque jour selon cat\u00e9gorie. Horaires et tarifs selon la cat\u00e9gorie d\u2019\u00e2ge. partir de 5 ans. Inscriptions sur place.<\/p>\n<h5><\/h5>\n<h5 class=\"spip\">Section Hand-Ball<\/h5>\n<p><strong>Adresse<\/strong><br \/>\nStade Paul Guerre<br \/>\nComplexe Otello Troni<\/p>\n<p><strong>Contact<\/strong><br \/>\nMme Sophie ROSEMONT-LIBESSART<br \/>\nMail : contact@cbmhandball.fr<\/p>\n<p>Pratique du handball et comp\u00e9titions. Entra\u00eenements du lundi au vendredi de 18h \u00e0 21h et de 14h30 \u00e0 21h le mercredi. \u00c0 partir de 6 ans.<\/p>\n<h5><\/h5>\n<h5 class=\"spip\">Section Sports et Loisirs<\/h5>\n<p><strong>Adresse<\/strong><br \/>\nStade Paul Guerre<br \/>\nSalle G\u00e9rard Philippe<\/p>\n<p><strong>Contact <\/strong><\/p>\n<p>Mme Caroline GRAMLICH<\/p>\n<p>Renforcement musculaire, fitness &#8211; LIA, stretching, relaxation, zumba. Lundi et mercredi de 18h30 \u00e0 19h30, vendredi de 17h30 \u00e0 18h30. Tout \u00e2ge.<\/p>\n<h5><\/h5>\n<h5 class=\"spip\">Section Tennis<\/h5>\n<p><strong>Adresse<\/strong><br \/>\nSalle J. Paindavoine<br \/>\nStade Paul Guerre<\/p>\n<p><strong>Contact <\/strong><br \/>\nM. Franck NOWICKI<br \/>\nMail : frukrpl@hotmail.fr<\/p>\n<p>Pratique et enseignement du tennis en loisir et comp\u00e9tition. De 9h \u00e0 11h30 et de 14h \u00e0 21h. D\u00e8s 5ans. Inscriptions sur place.<\/p>\n<p>&nbsp;<\/p>\n<h5 class=\"spip\">Section Tir<\/h5>\n<p><strong>Adresse<\/strong><br \/>\nCentre Sportif Lucien Delannoy<br \/>\nAvenue du 1er Mai<br \/>\n62420 Billy-Montigny<\/p>\n<p><strong>Contact<\/strong><br \/>\nM. Marc BARROIS<br \/>\nMail : accueil@cbm-tir.fr<\/p>\n<p>Tir de pr\u00e9cision au pistolet, carabine, arbal\u00e8te, 10 m, 25m et 50m. Tous les lundis, mercredis et samedis de 14h30 \u00e0 18h30, dimanches et jours f\u00e9ri\u00e9s de 9h30 \u00e0 12h15. Tarifs et Inscriptions sur place.<\/p>\n<p>&nbsp;<\/p>\n<h5 class=\"spip\">Section \u00c9ducation Canine<\/h5>\n<p><strong>Adresse<\/strong><br \/>\nCentre Sportif Lucien Delannoy<br \/>\nAvenue du 1er Mai<br \/>\n62420 Billy-Montigny<\/p>\n<p><strong>Contact<\/strong><br \/>\nM. Davy DIEUX<\/p>\n<p>Tel : 06.17.81.06.59<\/p>\n<p>Cours d\u2019ob\u00e9issance, de sociabilit\u00e9 avec les autres chiens. Toutes races admises, LOF ou non LOF. \u00c0 partir de 18 ans. Tous les samedis et dimanches de 9h00 \u00e0 10h00.<\/p>\n","protected":false},"excerpt":{"rendered":"<p>Section Athl\u00e9tisme Adresse Stade Paul Guerre Espace C\u00e9line Paczkowski Contact M. Alexandre MANTEL T\u00e9l : 07.69.94.84.70 Mail : bureau.cbm.athletisme@gmail.com Site\u00a0:\u00a0www.billymontignyathletisme.com\/ Athl\u00e9tisme en entra\u00eenement, loisir et comp\u00e9tition. Running, randonn\u00e9e p\u00e9destre. Du lundi au samedi, horaires selon les cat\u00e9gories. \u00c0 partir de 8 ans. Section Football Adresse Stade Paul Guerre Stade Gabriel P\u00e9ri Contact M. Bernard DEJARDIN [&hellip;]<\/p>\n","protected":false},"author":3,"featured_media":0,"parent":918,"menu_order":0,"comment_status":"closed","ping_status":"closed","template":"","meta":{"footnotes":""},"class_list":["post-930","page","type-page","status-publish","hentry"],"publishpress_future_action":{"enabled":false,"date":"2026-05-07 02:08:50","action":"change-status","newStatus":"draft","terms":[],"taxonomy":"","extraData":[]},"publishpress_future_workflow_manual_trigger":{"enabledWorkflows":[]},"_links":{"self":[{"href":"https:\/\/www.billy-montigny.fr\/site\/wp-json\/wp\/v2\/pages\/930","targetHints":{"allow":["GET"]}}],"collection":[{"href":"https:\/\/www.billy-montigny.fr\/site\/wp-json\/wp\/v2\/pages"}],"about":[{"href":"https:\/\/www.billy-montigny.fr\/site\/wp-json\/wp\/v2\/types\/page"}],"author":[{"embeddable":true,"href":"https:\/\/www.billy-montigny.fr\/site\/wp-json\/wp\/v2\/users\/3"}],"replies":[{"embeddable":true,"href":"https:\/\/www.billy-montigny.fr\/site\/wp-json\/wp\/v2\/comments?post=930"}],"version-history":[{"count":10,"href":"https:\/\/www.billy-montigny.fr\/site\/wp-json\/wp\/v2\/pages\/930\/revisions"}],"predecessor-version":[{"id":5612,"href":"https:\/\/www.billy-montigny.fr\/site\/wp-json\/wp\/v2\/pages\/930\/revisions\/5612"}],"up":[{"embeddable":true,"href":"https:\/\/www.billy-montigny.fr\/site\/wp-json\/wp\/v2\/pages\/918"}],"wp:attachment":[{"href":"https:\/\/www.billy-montigny.fr\/site\/wp-json\/wp\/v2\/media?parent=930"}],"curies":[{"name":"wp","href":"https:\/\/api.w.org\/{rel}","templated":true}]}}