{"id":845,"date":"2018-02-02T11:34:23","date_gmt":"2018-02-02T10:34:23","guid":{"rendered":"https:\/\/www.billy-montigny.fr\/site\/?page_id=845"},"modified":"2026-02-11T16:10:52","modified_gmt":"2026-02-11T15:10:52","slug":"pre-inscription-en-creche","status":"publish","type":"page","link":"https:\/\/www.billy-montigny.fr\/site\/pre-inscription-en-creche\/","title":{"rendered":"Pr\u00e9-inscription en cr\u00e8che"},"content":{"rendered":"<p>Quelques \u00e9tapes suffisent \u00e0 vous pr\u00e9inscrire :<\/p>\n<ol>\n<li>Connectez-vous sur le site <a href=\"http:\/\/www.lpcr.fr\" target=\"_blank\" rel=\"noopener\">www.lpcr.fr<\/a><\/li>\n<li>Dans la rubrique Famille, cliquez sur <strong>Pr\u00e9-inscription en cr\u00e8che<\/strong> puis sur <strong>Oui<\/strong><\/li>\n<li>Cr\u00e9ez votre compte personnel<\/li>\n<li>Saisissez le code entreprise : <strong>62420<\/strong><\/li>\n<li>Remplissez le formulaire de pr\u00e9inscription<\/li>\n<\/ol>\n<p>Pour toute demande de renseignements, n&rsquo;h\u00e9sitez pas \u00e0 nous contacter au <strong>03 59 93 79 99<\/strong> ou par mail <strong>billy.montigny@lpcr.fr<\/strong><\/p>\n","protected":false},"excerpt":{"rendered":"<p>Quelques \u00e9tapes suffisent \u00e0 vous pr\u00e9inscrire : Connectez-vous sur le site www.lpcr.fr Dans la rubrique Famille, cliquez sur Pr\u00e9-inscription en cr\u00e8che puis sur Oui Cr\u00e9ez votre compte personnel Saisissez le code entreprise : 62420 Remplissez le formulaire de pr\u00e9inscription Pour toute demande de renseignements, n&rsquo;h\u00e9sitez pas \u00e0 nous contacter au 03 59 93 79 99 [&hellip;]<\/p>\n","protected":false},"author":3,"featured_media":0,"parent":0,"menu_order":0,"comment_status":"closed","ping_status":"closed","template":"","meta":{"footnotes":""},"class_list":["post-845","page","type-page","status-publish","hentry"],"publishpress_future_action":{"enabled":false,"date":"2026-05-16 14:10:49","action":"change-status","newStatus":"draft","terms":[],"taxonomy":"","extraData":[]},"publishpress_future_workflow_manual_trigger":{"enabledWorkflows":[]},"_links":{"self":[{"href":"https:\/\/www.billy-montigny.fr\/site\/wp-json\/wp\/v2\/pages\/845","targetHints":{"allow":["GET"]}}],"collection":[{"href":"https:\/\/www.billy-montigny.fr\/site\/wp-json\/wp\/v2\/pages"}],"about":[{"href":"https:\/\/www.billy-montigny.fr\/site\/wp-json\/wp\/v2\/types\/page"}],"author":[{"embeddable":true,"href":"https:\/\/www.billy-montigny.fr\/site\/wp-json\/wp\/v2\/users\/3"}],"replies":[{"embeddable":true,"href":"https:\/\/www.billy-montigny.fr\/site\/wp-json\/wp\/v2\/comments?post=845"}],"version-history":[{"count":5,"href":"https:\/\/www.billy-montigny.fr\/site\/wp-json\/wp\/v2\/pages\/845\/revisions"}],"predecessor-version":[{"id":6035,"href":"https:\/\/www.billy-montigny.fr\/site\/wp-json\/wp\/v2\/pages\/845\/revisions\/6035"}],"wp:attachment":[{"href":"https:\/\/www.billy-montigny.fr\/site\/wp-json\/wp\/v2\/media?parent=845"}],"curies":[{"name":"wp","href":"https:\/\/api.w.org\/{rel}","templated":true}]}}