{"id":823,"date":"2018-02-01T10:54:44","date_gmt":"2018-02-01T09:54:44","guid":{"rendered":"https:\/\/www.billy-montigny.fr\/site\/?page_id=823"},"modified":"2020-04-14T15:47:54","modified_gmt":"2020-04-14T13:47:54","slug":"etude-de-faisabilite","status":"publish","type":"page","link":"https:\/\/www.billy-montigny.fr\/site\/etude-de-faisabilite\/","title":{"rendered":"\u00c9tude de faisabilit\u00e9"},"content":{"rendered":"<h5 style=\"text-align: center;\"><strong>\u00c9tude de faisabilit\u00e9<\/strong><\/h5>\n<p>Le document ci-dessous est \u00e0 t\u00e9l\u00e9charger, imprimer, et remettre d\u00fbment rempli au service urbanisme de la mairie :<\/p>\n<p><center><a href=\"https:\/\/www.billy-montigny.fr\/site\/wp-content\/uploads\/2018\/01\/cerfa-DP_13703-04.pdf\" target=\"_blank\" rel=\"noopener noreferrer\"><img loading=\"lazy\" decoding=\"async\" class=\"aligncenter wp-image-808\" src=\"https:\/\/www.billy-montigny.fr\/site\/wp-content\/uploads\/2018\/02\/D\u00e9claration-pr\u00e9alable-212x300.jpg\" sizes=\"auto, (max-width: 100px) 100vw, 100px\" srcset=\"https:\/\/www.billy-montigny.fr\/site\/wp-content\/uploads\/2018\/02\/D\u00e9claration-pr\u00e9alable-212x300.jpg 212w, https:\/\/www.billy-montigny.fr\/site\/wp-content\/uploads\/2018\/02\/D\u00e9claration-pr\u00e9alable-768x1086.jpg 768w, https:\/\/www.billy-montigny.fr\/site\/wp-content\/uploads\/2018\/02\/D\u00e9claration-pr\u00e9alable-724x1024.jpg 724w, https:\/\/www.billy-montigny.fr\/site\/wp-content\/uploads\/2018\/02\/D\u00e9claration-pr\u00e9alable-283x400.jpg 283w, https:\/\/www.billy-montigny.fr\/site\/wp-content\/uploads\/2018\/02\/D\u00e9claration-pr\u00e9alable-1170x1655.jpg 1170w, https:\/\/www.billy-montigny.fr\/site\/wp-content\/uploads\/2018\/02\/D\u00e9claration-pr\u00e9alable-380x538.jpg 380w, https:\/\/www.billy-montigny.fr\/site\/wp-content\/uploads\/2018\/02\/D\u00e9claration-pr\u00e9alable-78x110.jpg 78w, https:\/\/www.billy-montigny.fr\/site\/wp-content\/uploads\/2018\/02\/D\u00e9claration-pr\u00e9alable.jpg 1240w\" alt=\"\" width=\"100\" height=\"141\" \/><\/a><\/center><\/p>\n","protected":false},"excerpt":{"rendered":"<p>\u00c9tude de faisabilit\u00e9 Le document ci-dessous est \u00e0 t\u00e9l\u00e9charger, imprimer, et remettre d\u00fbment rempli au service urbanisme de la mairie :<\/p>\n","protected":false},"author":3,"featured_media":0,"parent":0,"menu_order":0,"comment_status":"closed","ping_status":"closed","template":"","meta":{"footnotes":""},"class_list":["post-823","page","type-page","status-publish","hentry"],"publishpress_future_action":{"enabled":false,"date":"2026-05-14 09:33:25","action":"change-status","newStatus":"draft","terms":[],"taxonomy":"","extraData":[]},"publishpress_future_workflow_manual_trigger":{"enabledWorkflows":[]},"_links":{"self":[{"href":"https:\/\/www.billy-montigny.fr\/site\/wp-json\/wp\/v2\/pages\/823","targetHints":{"allow":["GET"]}}],"collection":[{"href":"https:\/\/www.billy-montigny.fr\/site\/wp-json\/wp\/v2\/pages"}],"about":[{"href":"https:\/\/www.billy-montigny.fr\/site\/wp-json\/wp\/v2\/types\/page"}],"author":[{"embeddable":true,"href":"https:\/\/www.billy-montigny.fr\/site\/wp-json\/wp\/v2\/users\/3"}],"replies":[{"embeddable":true,"href":"https:\/\/www.billy-montigny.fr\/site\/wp-json\/wp\/v2\/comments?post=823"}],"version-history":[{"count":2,"href":"https:\/\/www.billy-montigny.fr\/site\/wp-json\/wp\/v2\/pages\/823\/revisions"}],"predecessor-version":[{"id":2463,"href":"https:\/\/www.billy-montigny.fr\/site\/wp-json\/wp\/v2\/pages\/823\/revisions\/2463"}],"wp:attachment":[{"href":"https:\/\/www.billy-montigny.fr\/site\/wp-json\/wp\/v2\/media?parent=823"}],"curies":[{"name":"wp","href":"https:\/\/api.w.org\/{rel}","templated":true}]}}