{"id":818,"date":"2018-02-01T10:49:19","date_gmt":"2018-02-01T09:49:19","guid":{"rendered":"https:\/\/www.billy-montigny.fr\/site\/?page_id=818"},"modified":"2018-02-01T10:55:10","modified_gmt":"2018-02-01T09:55:10","slug":"consulter-le-cadastre","status":"publish","type":"page","link":"https:\/\/www.billy-montigny.fr\/site\/consulter-le-cadastre\/","title":{"rendered":"Consulter le cadastre"},"content":{"rendered":"<h5 style=\"text-align: center;\"><strong>Consultation du cadastre<\/strong><\/h5>\n<p>Le lien ci-dessous vous permet de consulter le cadastre de toutes les communes de France. Il est possible d\u2019effectuer votre recherche par d\u00e9partement, commune, adresse ou par r\u00e9f\u00e9rences cadastrales. Les documents visualis\u00e9s gratuitement peuvent \u00eatre d\u00e9livr\u00e9s sous forme num\u00e9rique ou physique contre paiement d\u2019une redevance.<\/p>\n<ul>\n<li><a href=\"https:\/\/www.cadastre.gouv.fr\/scpc\/accueil.do?CSRF_TOKEN=YIUU-4WTZ-JIHQ-1HVC-5J5Y-NZKV-K3CH-EUJM\">Consulter le cadastre<\/a><\/li>\n<\/ul>\n","protected":false},"excerpt":{"rendered":"<p>Consultation du cadastre Le lien ci-dessous vous permet de consulter le cadastre de toutes les communes de France. Il est possible d\u2019effectuer votre recherche par d\u00e9partement, commune, adresse ou par r\u00e9f\u00e9rences cadastrales. Les documents visualis\u00e9s gratuitement peuvent \u00eatre d\u00e9livr\u00e9s sous forme num\u00e9rique ou physique contre paiement d\u2019une redevance. Consulter le cadastre<\/p>\n","protected":false},"author":3,"featured_media":0,"parent":0,"menu_order":0,"comment_status":"closed","ping_status":"closed","template":"","meta":{"footnotes":""},"class_list":["post-818","page","type-page","status-publish","hentry"],"publishpress_future_action":{"enabled":false,"date":"2026-04-20 16:50:51","action":"change-status","newStatus":"draft","terms":[],"taxonomy":"","extraData":[]},"publishpress_future_workflow_manual_trigger":{"enabledWorkflows":[]},"_links":{"self":[{"href":"https:\/\/www.billy-montigny.fr\/site\/wp-json\/wp\/v2\/pages\/818","targetHints":{"allow":["GET"]}}],"collection":[{"href":"https:\/\/www.billy-montigny.fr\/site\/wp-json\/wp\/v2\/pages"}],"about":[{"href":"https:\/\/www.billy-montigny.fr\/site\/wp-json\/wp\/v2\/types\/page"}],"author":[{"embeddable":true,"href":"https:\/\/www.billy-montigny.fr\/site\/wp-json\/wp\/v2\/users\/3"}],"replies":[{"embeddable":true,"href":"https:\/\/www.billy-montigny.fr\/site\/wp-json\/wp\/v2\/comments?post=818"}],"version-history":[{"count":2,"href":"https:\/\/www.billy-montigny.fr\/site\/wp-json\/wp\/v2\/pages\/818\/revisions"}],"predecessor-version":[{"id":825,"href":"https:\/\/www.billy-montigny.fr\/site\/wp-json\/wp\/v2\/pages\/818\/revisions\/825"}],"wp:attachment":[{"href":"https:\/\/www.billy-montigny.fr\/site\/wp-json\/wp\/v2\/media?parent=818"}],"curies":[{"name":"wp","href":"https:\/\/api.w.org\/{rel}","templated":true}]}}