{"id":812,"date":"2018-02-01T10:39:03","date_gmt":"2018-02-01T09:39:03","guid":{"rendered":"https:\/\/www.billy-montigny.fr\/site\/?page_id=812"},"modified":"2026-01-29T16:15:10","modified_gmt":"2026-01-29T15:15:10","slug":"demande-de-permis-de-construire","status":"publish","type":"page","link":"https:\/\/www.billy-montigny.fr\/site\/demande-de-permis-de-construire\/","title":{"rendered":"Demande de permis de construire"},"content":{"rendered":"<h5 style=\"text-align: center;\"><strong>Demande de permis de construire, d&rsquo;am\u00e9nager..<\/strong>.<\/h5>\n<p>Le document ci-dessous est \u00e0 t\u00e9l\u00e9charger, imprimer, et remettre d\u00fbment rempli au service urbanisme de la mairie :<\/p>\n<p><center><a href=\"https:\/\/www.billy-montigny.fr\/site\/wp-content\/uploads\/2026\/01\/Permis-de-Construire-cerfa13409-16.pdf\" target=\"_blank\" rel=\"noopener noreferrer\"><img loading=\"lazy\" decoding=\"async\" class=\"aligncenter wp-image-5383\" src=\"https:\/\/www.billy-montigny.fr\/site\/wp-content\/uploads\/2025\/03\/cerfa_13409-15-212x300.jpg\" alt=\"\" width=\"156\" height=\"221\" srcset=\"https:\/\/www.billy-montigny.fr\/site\/wp-content\/uploads\/2025\/03\/cerfa_13409-15-212x300.jpg 212w, https:\/\/www.billy-montigny.fr\/site\/wp-content\/uploads\/2025\/03\/cerfa_13409-15-724x1024.jpg 724w, https:\/\/www.billy-montigny.fr\/site\/wp-content\/uploads\/2025\/03\/cerfa_13409-15-768x1086.jpg 768w, https:\/\/www.billy-montigny.fr\/site\/wp-content\/uploads\/2025\/03\/cerfa_13409-15-1086x1536.jpg 1086w, https:\/\/www.billy-montigny.fr\/site\/wp-content\/uploads\/2025\/03\/cerfa_13409-15-283x400.jpg 283w, https:\/\/www.billy-montigny.fr\/site\/wp-content\/uploads\/2025\/03\/cerfa_13409-15-1170x1655.jpg 1170w, https:\/\/www.billy-montigny.fr\/site\/wp-content\/uploads\/2025\/03\/cerfa_13409-15-380x538.jpg 380w, https:\/\/www.billy-montigny.fr\/site\/wp-content\/uploads\/2025\/03\/cerfa_13409-15-78x110.jpg 78w, https:\/\/www.billy-montigny.fr\/site\/wp-content\/uploads\/2025\/03\/cerfa_13409-15.jpg 1240w\" sizes=\"auto, (max-width: 156px) 100vw, 156px\" \/><\/a><\/center><center>\u00a0<\/center><\/p>\n<p style=\"text-align: left;\"><span style=\"color: #ff0000;\"><strong>Les permis de construire peuvent \u00eatre d\u00e9pos\u00e9s en ligne<\/strong><strong>\u00a0<\/strong><\/span><\/p>\n<p style=\"text-align: left;\">Depuis 2022, un usager peut d\u00e9poser sa demande de permis de construire en ligne, \u00e0 tout moment et o\u00f9 qu\u2019il soit, dans une d\u00e9marche simplifi\u00e9e et sans frais.<\/p>\n<p style=\"text-align: left;\">Le d\u00e9p\u00f4t et l\u2019instruction en ligne de toutes les demandes d\u2019autorisation d\u2019urbanisme r\u00e9pondent aux enjeux de simplification et de modernisation des services publics, \u00e0 l\u2019heure o\u00f9 une grande majorit\u00e9 de services sont accessibles en ligne. Il s\u2019inscrit pleinement dans la d\u00e9marche Action publique 2022, qui vise \u00e0 am\u00e9liorer la qualit\u00e9 des services publics et \u00e0 moderniser l\u2019action publique, tout en ma\u00eetrisant les d\u00e9penses et en optimisant les moyens.<\/p>\n<p style=\"text-align: left;\">Deux obligations r\u00e9glementaires encadrent le projet de d\u00e9mat\u00e9rialisation des permis de construire, autour d\u2019une m\u00eame \u00e9ch\u00e9ance, le 1er janvier 2022 :<\/p>\n<ul style=\"text-align: left;\">\n<li>Pour toutes les communes, sans exception, l\u2019obligation d\u2019\u00eatre en capacit\u00e9 de recevoir les demandes d\u2019autorisation d\u2019urbanisme par voie \u00e9lectronique, selon les modalit\u00e9s qu\u2019elle choisit de mettre en \u0153uvre (adresse courriel d\u00e9di\u00e9e, formulaire de contact, t\u00e9l\u00e9service sp\u00e9cifique\u2026)<\/li>\n<li>Pour les communes de plus de 3500 habitants, outre la saisine par voie \u00e9lectronique, l\u2019obligation de disposer d\u2019une \u00ab t\u00e9l\u00e9proc\u00e9dure sp\u00e9cifique leur permettant de recevoir et d\u2019instruire sous forme d\u00e9mat\u00e9rialis\u00e9e les demandes d\u2019autorisation d\u2019urbanisme<\/li>\n<\/ul>\n<p style=\"text-align: left;\">NB : Dans le cadre d&rsquo;une r\u00e9novation dite \u00e9nerg\u00e9tique de son logement,\u00a0<a href=\"https:\/\/www.ecologie.gouv.fr\/dematerialisation-des-autorisations-durbanisme-1\">le Minist\u00e8re de la Transition \u00e9cologique<\/a>\u00a0met \u00e0 disposition des primes \u00e9nergie (<a href=\"https:\/\/www.upenergie.com\/prime-energie\/\">liste disponible ici<\/a>) encourageant les particuliers \u00e0 faire des \u00e9conomies d\u2019\u00e9nergie.\u00a0\u00a0Elles peuvent \u00eatre cumul\u00e9es avec d&rsquo;autres aides comme l&rsquo;\u00e9co-pr\u00eat \u00e0 taux z\u00e9ro. Dans le cas o\u00f9 il n&rsquo;est pas possible d&rsquo;effectuer un cumul d&rsquo;aides, des experts peuvent vous accompagner dans vos d\u00e9marches et vous\u00a0<a href=\"https:\/\/www.gotoinvest.com\/\">conseiller<\/a>\u00a0sur les diff\u00e9rentes aides financi\u00e8res.<\/p>\n<p style=\"text-align: left;\">Les demandes sont \u00e0 envoyer \u00e0 l&rsquo;adresse suivante : <a href=\"mailto:autorisation.urbanisme@billy-montigny.fr\">autorisation.urbanisme@billy-montigny.fr<\/a><\/p>\n<p>&nbsp;<\/p>\n<p>&nbsp;<\/p>\n","protected":false},"excerpt":{"rendered":"<p>Demande de permis de construire, d&rsquo;am\u00e9nager&#8230; Le document ci-dessous est \u00e0 t\u00e9l\u00e9charger, imprimer, et remettre d\u00fbment rempli au service urbanisme de la mairie : \u00a0 Les permis de construire peuvent \u00eatre d\u00e9pos\u00e9s en ligne\u00a0 Depuis 2022, un usager peut d\u00e9poser sa demande de permis de construire en ligne, \u00e0 tout moment et o\u00f9 qu\u2019il soit, [&hellip;]<\/p>\n","protected":false},"author":3,"featured_media":0,"parent":0,"menu_order":0,"comment_status":"closed","ping_status":"closed","template":"","meta":{"footnotes":""},"class_list":["post-812","page","type-page","status-publish","hentry"],"publishpress_future_action":{"enabled":false,"date":"2026-05-06 14:07:09","action":"change-status","newStatus":"draft","terms":[],"taxonomy":"","extraData":[]},"publishpress_future_workflow_manual_trigger":{"enabledWorkflows":[]},"_links":{"self":[{"href":"https:\/\/www.billy-montigny.fr\/site\/wp-json\/wp\/v2\/pages\/812","targetHints":{"allow":["GET"]}}],"collection":[{"href":"https:\/\/www.billy-montigny.fr\/site\/wp-json\/wp\/v2\/pages"}],"about":[{"href":"https:\/\/www.billy-montigny.fr\/site\/wp-json\/wp\/v2\/types\/page"}],"author":[{"embeddable":true,"href":"https:\/\/www.billy-montigny.fr\/site\/wp-json\/wp\/v2\/users\/3"}],"replies":[{"embeddable":true,"href":"https:\/\/www.billy-montigny.fr\/site\/wp-json\/wp\/v2\/comments?post=812"}],"version-history":[{"count":10,"href":"https:\/\/www.billy-montigny.fr\/site\/wp-json\/wp\/v2\/pages\/812\/revisions"}],"predecessor-version":[{"id":5914,"href":"https:\/\/www.billy-montigny.fr\/site\/wp-json\/wp\/v2\/pages\/812\/revisions\/5914"}],"wp:attachment":[{"href":"https:\/\/www.billy-montigny.fr\/site\/wp-json\/wp\/v2\/media?parent=812"}],"curies":[{"name":"wp","href":"https:\/\/api.w.org\/{rel}","templated":true}]}}