{"id":807,"date":"2018-02-01T10:22:46","date_gmt":"2018-02-01T09:22:46","guid":{"rendered":"https:\/\/www.billy-montigny.fr\/site\/?page_id=807"},"modified":"2026-01-29T16:12:54","modified_gmt":"2026-01-29T15:12:54","slug":"declaration-prealable","status":"publish","type":"page","link":"https:\/\/www.billy-montigny.fr\/site\/declaration-prealable\/","title":{"rendered":"D\u00e9claration pr\u00e9alable"},"content":{"rendered":"<h5 style=\"text-align: center;\"><strong>D\u00e9claration pr\u00e9alable<\/strong><\/h5>\n<p>Le document ci-dessous est \u00e0 t\u00e9l\u00e9charger, imprimer, et remettre d\u00fbment rempli au service urbanisme de la mairie :<\/p>\n<p><center><a href=\"https:\/\/www.billy-montigny.fr\/site\/wp-content\/uploads\/2026\/01\/DPC-cerfa-16702-02.pdf\" target=\"_blank\" rel=\"noopener noreferrer\"><img loading=\"lazy\" decoding=\"async\" class=\"aligncenter wp-image-5380 size-medium\" src=\"https:\/\/www.billy-montigny.fr\/site\/wp-content\/uploads\/2025\/03\/cerfa-DPCT-16702-01--212x300.jpg\" alt=\"\" width=\"212\" height=\"300\" srcset=\"https:\/\/www.billy-montigny.fr\/site\/wp-content\/uploads\/2025\/03\/cerfa-DPCT-16702-01--212x300.jpg 212w, https:\/\/www.billy-montigny.fr\/site\/wp-content\/uploads\/2025\/03\/cerfa-DPCT-16702-01--724x1024.jpg 724w, https:\/\/www.billy-montigny.fr\/site\/wp-content\/uploads\/2025\/03\/cerfa-DPCT-16702-01--768x1086.jpg 768w, https:\/\/www.billy-montigny.fr\/site\/wp-content\/uploads\/2025\/03\/cerfa-DPCT-16702-01--1086x1536.jpg 1086w, https:\/\/www.billy-montigny.fr\/site\/wp-content\/uploads\/2025\/03\/cerfa-DPCT-16702-01--283x400.jpg 283w, https:\/\/www.billy-montigny.fr\/site\/wp-content\/uploads\/2025\/03\/cerfa-DPCT-16702-01--1170x1655.jpg 1170w, https:\/\/www.billy-montigny.fr\/site\/wp-content\/uploads\/2025\/03\/cerfa-DPCT-16702-01--380x538.jpg 380w, https:\/\/www.billy-montigny.fr\/site\/wp-content\/uploads\/2025\/03\/cerfa-DPCT-16702-01--78x110.jpg 78w, https:\/\/www.billy-montigny.fr\/site\/wp-content\/uploads\/2025\/03\/cerfa-DPCT-16702-01-.jpg 1240w\" sizes=\"auto, (max-width: 212px) 100vw, 212px\" \/><\/a><\/center>&nbsp;<\/p>\n","protected":false},"excerpt":{"rendered":"<p>D\u00e9claration pr\u00e9alable Le document ci-dessous est \u00e0 t\u00e9l\u00e9charger, imprimer, et remettre d\u00fbment rempli au service urbanisme de la mairie : &nbsp;<\/p>\n","protected":false},"author":3,"featured_media":0,"parent":0,"menu_order":0,"comment_status":"closed","ping_status":"closed","template":"","meta":{"footnotes":""},"class_list":["post-807","page","type-page","status-publish","hentry"],"publishpress_future_action":{"enabled":false,"date":"2026-04-22 22:10:57","action":"change-status","newStatus":"draft","terms":[],"taxonomy":"","extraData":[]},"publishpress_future_workflow_manual_trigger":{"enabledWorkflows":[]},"_links":{"self":[{"href":"https:\/\/www.billy-montigny.fr\/site\/wp-json\/wp\/v2\/pages\/807","targetHints":{"allow":["GET"]}}],"collection":[{"href":"https:\/\/www.billy-montigny.fr\/site\/wp-json\/wp\/v2\/pages"}],"about":[{"href":"https:\/\/www.billy-montigny.fr\/site\/wp-json\/wp\/v2\/types\/page"}],"author":[{"embeddable":true,"href":"https:\/\/www.billy-montigny.fr\/site\/wp-json\/wp\/v2\/users\/3"}],"replies":[{"embeddable":true,"href":"https:\/\/www.billy-montigny.fr\/site\/wp-json\/wp\/v2\/comments?post=807"}],"version-history":[{"count":7,"href":"https:\/\/www.billy-montigny.fr\/site\/wp-json\/wp\/v2\/pages\/807\/revisions"}],"predecessor-version":[{"id":5912,"href":"https:\/\/www.billy-montigny.fr\/site\/wp-json\/wp\/v2\/pages\/807\/revisions\/5912"}],"wp:attachment":[{"href":"https:\/\/www.billy-montigny.fr\/site\/wp-json\/wp\/v2\/media?parent=807"}],"curies":[{"name":"wp","href":"https:\/\/api.w.org\/{rel}","templated":true}]}}