{"id":780,"date":"2018-01-26T17:35:28","date_gmt":"2018-01-26T16:35:28","guid":{"rendered":"https:\/\/www.billy-montigny.fr\/site\/?page_id=780"},"modified":"2018-01-26T17:40:36","modified_gmt":"2018-01-26T16:40:36","slug":"pacte-civile-de-solidarite-pacs","status":"publish","type":"page","link":"https:\/\/www.billy-montigny.fr\/site\/pacte-civile-de-solidarite-pacs\/","title":{"rendered":"Pacte Civil de Solidarit\u00e9 (PACS)"},"content":{"rendered":"<h5><strong>Pacte Civil de Solidarit\u00e9 (PACS)<\/strong><\/h5>\n<p>La loi n\u00b02016-1547 du 18 novembre 2016 (article 48) de modernisation de la justice du XXIe si\u00e8cle modifie les dispositions relatives au pacte civil de solidarit\u00e9 (PACS).<\/p>\n<p>Depuis le 1er novembre 2017 (article 114, IV de la loi justice du XXIe si\u00e8cle), la\u00a0 gestion des PACS est assur\u00e9e par les officiers de l\u2019\u00e9tat civil en lieu et place des greffes des Tribunaux d&rsquo;Instance.<\/p>\n<p>Documents \u00e0 t\u00e9l\u00e9charger, imprimer et remettre remplis au service \u00e9tat civil de la mairie :<\/p>\n<ul>\n<li><a href=\"https:\/\/www.billy-montigny.fr\/site\/wp-content\/uploads\/2018\/01\/egrcNotice_pacs.pdf\">Notice explicative<\/a><\/li>\n<li><a href=\"https:\/\/www.billy-montigny.fr\/site\/wp-content\/uploads\/2018\/01\/Edition-Cerfa-de-convention-type-dun-PACS.pdf\" target=\"_blank\" rel=\"noopener\">Convention-type<\/a><\/li>\n<li><a href=\"https:\/\/www.billy-montigny.fr\/site\/wp-content\/uploads\/2017\/12\/D\u00e9claration-conjointe-cerfa_15725-02.pdf\">D\u00e9claration conjointe<\/a><\/li>\n<\/ul>\n","protected":false},"excerpt":{"rendered":"<p>Pacte Civil de Solidarit\u00e9 (PACS) La loi n\u00b02016-1547 du 18 novembre 2016 (article 48) de modernisation de la justice du XXIe si\u00e8cle modifie les dispositions relatives au pacte civil de solidarit\u00e9 (PACS). Depuis le 1er novembre 2017 (article 114, IV de la loi justice du XXIe si\u00e8cle), la\u00a0 gestion des PACS est assur\u00e9e par les [&hellip;]<\/p>\n","protected":false},"author":3,"featured_media":0,"parent":0,"menu_order":0,"comment_status":"closed","ping_status":"closed","template":"","meta":{"footnotes":""},"class_list":["post-780","page","type-page","status-publish","hentry"],"publishpress_future_action":{"enabled":false,"date":"2026-05-07 17:08:06","action":"change-status","newStatus":"draft","terms":[],"taxonomy":"","extraData":[]},"publishpress_future_workflow_manual_trigger":{"enabledWorkflows":[]},"_links":{"self":[{"href":"https:\/\/www.billy-montigny.fr\/site\/wp-json\/wp\/v2\/pages\/780","targetHints":{"allow":["GET"]}}],"collection":[{"href":"https:\/\/www.billy-montigny.fr\/site\/wp-json\/wp\/v2\/pages"}],"about":[{"href":"https:\/\/www.billy-montigny.fr\/site\/wp-json\/wp\/v2\/types\/page"}],"author":[{"embeddable":true,"href":"https:\/\/www.billy-montigny.fr\/site\/wp-json\/wp\/v2\/users\/3"}],"replies":[{"embeddable":true,"href":"https:\/\/www.billy-montigny.fr\/site\/wp-json\/wp\/v2\/comments?post=780"}],"version-history":[{"count":2,"href":"https:\/\/www.billy-montigny.fr\/site\/wp-json\/wp\/v2\/pages\/780\/revisions"}],"predecessor-version":[{"id":785,"href":"https:\/\/www.billy-montigny.fr\/site\/wp-json\/wp\/v2\/pages\/780\/revisions\/785"}],"wp:attachment":[{"href":"https:\/\/www.billy-montigny.fr\/site\/wp-json\/wp\/v2\/media?parent=780"}],"curies":[{"name":"wp","href":"https:\/\/api.w.org\/{rel}","templated":true}]}}