{"id":5928,"date":"2026-01-29T16:37:19","date_gmt":"2026-01-29T15:37:19","guid":{"rendered":"https:\/\/www.billy-montigny.fr\/site\/?page_id=5928"},"modified":"2026-01-29T16:37:50","modified_gmt":"2026-01-29T15:37:50","slug":"permis-damenager","status":"publish","type":"page","link":"https:\/\/www.billy-montigny.fr\/site\/permis-damenager\/","title":{"rendered":"Demande de permis d&rsquo;am\u00e9nager"},"content":{"rendered":"<p>Le document ci-dessous est \u00e0 t\u00e9l\u00e9charger, imprimer, et remettre d\u00fbment rempli au service urbanisme de la mairie :<\/p>\n<p style=\"text-align: center;\"><a href=\"https:\/\/www.billy-montigny.fr\/site\/wp-content\/uploads\/2026\/01\/Permis-d-amenager-cerfa-16297-04.pdf\" target=\"_blank\" rel=\"noopener\"><img loading=\"lazy\" decoding=\"async\" class=\"aligncenter wp-image-5929\" src=\"https:\/\/www.billy-montigny.fr\/site\/wp-content\/uploads\/2026\/01\/Permis-d-amenager-cerfa-16297-04-212x300.jpg\" alt=\"\" width=\"156\" height=\"221\" srcset=\"https:\/\/www.billy-montigny.fr\/site\/wp-content\/uploads\/2026\/01\/Permis-d-amenager-cerfa-16297-04-212x300.jpg 212w, https:\/\/www.billy-montigny.fr\/site\/wp-content\/uploads\/2026\/01\/Permis-d-amenager-cerfa-16297-04-724x1024.jpg 724w, https:\/\/www.billy-montigny.fr\/site\/wp-content\/uploads\/2026\/01\/Permis-d-amenager-cerfa-16297-04-768x1086.jpg 768w, https:\/\/www.billy-montigny.fr\/site\/wp-content\/uploads\/2026\/01\/Permis-d-amenager-cerfa-16297-04-1086x1536.jpg 1086w, https:\/\/www.billy-montigny.fr\/site\/wp-content\/uploads\/2026\/01\/Permis-d-amenager-cerfa-16297-04-283x400.jpg 283w, https:\/\/www.billy-montigny.fr\/site\/wp-content\/uploads\/2026\/01\/Permis-d-amenager-cerfa-16297-04-1170x1655.jpg 1170w, https:\/\/www.billy-montigny.fr\/site\/wp-content\/uploads\/2026\/01\/Permis-d-amenager-cerfa-16297-04-380x538.jpg 380w, https:\/\/www.billy-montigny.fr\/site\/wp-content\/uploads\/2026\/01\/Permis-d-amenager-cerfa-16297-04-78x110.jpg 78w, https:\/\/www.billy-montigny.fr\/site\/wp-content\/uploads\/2026\/01\/Permis-d-amenager-cerfa-16297-04.jpg 1240w\" sizes=\"auto, (max-width: 156px) 100vw, 156px\" \/><\/a><\/p>\n","protected":false},"excerpt":{"rendered":"<p>Le document ci-dessous est \u00e0 t\u00e9l\u00e9charger, imprimer, et remettre d\u00fbment rempli au service urbanisme de la mairie :<\/p>\n","protected":false},"author":3,"featured_media":0,"parent":0,"menu_order":0,"comment_status":"closed","ping_status":"closed","template":"","meta":{"footnotes":""},"class_list":["post-5928","page","type-page","status-publish","hentry"],"publishpress_future_action":{"enabled":false,"date":"2026-04-21 13:49:53","action":"change-status","newStatus":"draft","terms":[],"taxonomy":"","extraData":[]},"publishpress_future_workflow_manual_trigger":{"enabledWorkflows":[]},"_links":{"self":[{"href":"https:\/\/www.billy-montigny.fr\/site\/wp-json\/wp\/v2\/pages\/5928","targetHints":{"allow":["GET"]}}],"collection":[{"href":"https:\/\/www.billy-montigny.fr\/site\/wp-json\/wp\/v2\/pages"}],"about":[{"href":"https:\/\/www.billy-montigny.fr\/site\/wp-json\/wp\/v2\/types\/page"}],"author":[{"embeddable":true,"href":"https:\/\/www.billy-montigny.fr\/site\/wp-json\/wp\/v2\/users\/3"}],"replies":[{"embeddable":true,"href":"https:\/\/www.billy-montigny.fr\/site\/wp-json\/wp\/v2\/comments?post=5928"}],"version-history":[{"count":2,"href":"https:\/\/www.billy-montigny.fr\/site\/wp-json\/wp\/v2\/pages\/5928\/revisions"}],"predecessor-version":[{"id":5932,"href":"https:\/\/www.billy-montigny.fr\/site\/wp-json\/wp\/v2\/pages\/5928\/revisions\/5932"}],"wp:attachment":[{"href":"https:\/\/www.billy-montigny.fr\/site\/wp-json\/wp\/v2\/media?parent=5928"}],"curies":[{"name":"wp","href":"https:\/\/api.w.org\/{rel}","templated":true}]}}