{"id":5924,"date":"2026-01-29T16:28:41","date_gmt":"2026-01-29T15:28:41","guid":{"rendered":"https:\/\/www.billy-montigny.fr\/site\/?page_id=5924"},"modified":"2026-01-29T16:28:41","modified_gmt":"2026-01-29T15:28:41","slug":"declaration-douverture-de-chantier","status":"publish","type":"page","link":"https:\/\/www.billy-montigny.fr\/site\/declaration-douverture-de-chantier\/","title":{"rendered":"D\u00e9claration d\u2019ouverture de chantier"},"content":{"rendered":"<p>Le document ci-dessous est \u00e0 t\u00e9l\u00e9charger, imprimer, et remettre d\u00fbment rempli au service urbanisme de la mairie :<\/p>\n<p style=\"text-align: center;\"><a href=\"https:\/\/www.billy-montigny.fr\/site\/wp-content\/uploads\/2026\/01\/Ouverture-de-chantier-cerfa-13407-11.pdf\"><img loading=\"lazy\" decoding=\"async\" class=\"aligncenter wp-image-5925\" src=\"https:\/\/www.billy-montigny.fr\/site\/wp-content\/uploads\/2026\/01\/Ouverture-de-chantier-cerfa-13407-11-212x300.jpg\" alt=\"\" width=\"156\" height=\"221\" srcset=\"https:\/\/www.billy-montigny.fr\/site\/wp-content\/uploads\/2026\/01\/Ouverture-de-chantier-cerfa-13407-11-212x300.jpg 212w, https:\/\/www.billy-montigny.fr\/site\/wp-content\/uploads\/2026\/01\/Ouverture-de-chantier-cerfa-13407-11-724x1024.jpg 724w, https:\/\/www.billy-montigny.fr\/site\/wp-content\/uploads\/2026\/01\/Ouverture-de-chantier-cerfa-13407-11-768x1086.jpg 768w, https:\/\/www.billy-montigny.fr\/site\/wp-content\/uploads\/2026\/01\/Ouverture-de-chantier-cerfa-13407-11-1086x1536.jpg 1086w, https:\/\/www.billy-montigny.fr\/site\/wp-content\/uploads\/2026\/01\/Ouverture-de-chantier-cerfa-13407-11-283x400.jpg 283w, https:\/\/www.billy-montigny.fr\/site\/wp-content\/uploads\/2026\/01\/Ouverture-de-chantier-cerfa-13407-11-1170x1655.jpg 1170w, https:\/\/www.billy-montigny.fr\/site\/wp-content\/uploads\/2026\/01\/Ouverture-de-chantier-cerfa-13407-11-380x538.jpg 380w, https:\/\/www.billy-montigny.fr\/site\/wp-content\/uploads\/2026\/01\/Ouverture-de-chantier-cerfa-13407-11-78x110.jpg 78w, https:\/\/www.billy-montigny.fr\/site\/wp-content\/uploads\/2026\/01\/Ouverture-de-chantier-cerfa-13407-11.jpg 1240w\" sizes=\"auto, (max-width: 156px) 100vw, 156px\" \/><\/a><\/p>\n","protected":false},"excerpt":{"rendered":"<p>Le document ci-dessous est \u00e0 t\u00e9l\u00e9charger, imprimer, et remettre d\u00fbment rempli au service urbanisme de la mairie :<\/p>\n","protected":false},"author":3,"featured_media":0,"parent":0,"menu_order":0,"comment_status":"closed","ping_status":"closed","template":"","meta":{"footnotes":""},"class_list":["post-5924","page","type-page","status-publish","hentry"],"publishpress_future_action":{"enabled":false,"date":"2026-05-12 18:52:19","action":"change-status","newStatus":"draft","terms":[],"taxonomy":"","extraData":[]},"publishpress_future_workflow_manual_trigger":{"enabledWorkflows":[]},"_links":{"self":[{"href":"https:\/\/www.billy-montigny.fr\/site\/wp-json\/wp\/v2\/pages\/5924","targetHints":{"allow":["GET"]}}],"collection":[{"href":"https:\/\/www.billy-montigny.fr\/site\/wp-json\/wp\/v2\/pages"}],"about":[{"href":"https:\/\/www.billy-montigny.fr\/site\/wp-json\/wp\/v2\/types\/page"}],"author":[{"embeddable":true,"href":"https:\/\/www.billy-montigny.fr\/site\/wp-json\/wp\/v2\/users\/3"}],"replies":[{"embeddable":true,"href":"https:\/\/www.billy-montigny.fr\/site\/wp-json\/wp\/v2\/comments?post=5924"}],"version-history":[{"count":1,"href":"https:\/\/www.billy-montigny.fr\/site\/wp-json\/wp\/v2\/pages\/5924\/revisions"}],"predecessor-version":[{"id":5926,"href":"https:\/\/www.billy-montigny.fr\/site\/wp-json\/wp\/v2\/pages\/5924\/revisions\/5926"}],"wp:attachment":[{"href":"https:\/\/www.billy-montigny.fr\/site\/wp-json\/wp\/v2\/media?parent=5924"}],"curies":[{"name":"wp","href":"https:\/\/api.w.org\/{rel}","templated":true}]}}