{"id":5169,"date":"2024-12-12T09:06:13","date_gmt":"2024-12-12T08:06:13","guid":{"rendered":"https:\/\/www.billy-montigny.fr\/site\/?page_id=5169"},"modified":"2024-12-18T12:31:13","modified_gmt":"2024-12-18T11:31:13","slug":"lettre-dinformation","status":"publish","type":"page","link":"https:\/\/www.billy-montigny.fr\/site\/en-un-clic\/urbanisme\/lettre-dinformation\/","title":{"rendered":"D\u00e9claration de projet valant mise en compatibilit\u00e9 du PLU pour la r\u00e9alisation d\u2019une centrale photovolta\u00efque"},"content":{"rendered":"<p>Veuillez trouver la lettre d&rsquo;information concernant la d\u00e9claration de projet valant mise en compatibilit\u00e9 du PLU pour la r\u00e9alisation d\u2019une centrale photovolta\u00efque<\/p>\n<p style=\"text-align: center;\"><a href=\"https:\/\/www.billy-montigny.fr\/site\/wp-content\/uploads\/2024\/12\/Lettre-dinformation-Billy-Montigny-1.pdf\">Lettre d&rsquo;information &#8211; Billy-Montigny<\/a><\/p>\n","protected":false},"excerpt":{"rendered":"<p>Veuillez trouver la lettre d&rsquo;information concernant la d\u00e9claration de projet valant mise en compatibilit\u00e9 du PLU pour la r\u00e9alisation d\u2019une centrale photovolta\u00efque Lettre d&rsquo;information &#8211; Billy-Montigny<\/p>\n","protected":false},"author":6,"featured_media":0,"parent":372,"menu_order":0,"comment_status":"closed","ping_status":"closed","template":"","meta":{"footnotes":""},"class_list":["post-5169","page","type-page","status-publish","hentry"],"publishpress_future_action":{"enabled":false,"date":"2026-05-13 03:32:09","action":"change-status","newStatus":"draft","terms":[],"taxonomy":"","extraData":[]},"publishpress_future_workflow_manual_trigger":{"enabledWorkflows":[]},"_links":{"self":[{"href":"https:\/\/www.billy-montigny.fr\/site\/wp-json\/wp\/v2\/pages\/5169","targetHints":{"allow":["GET"]}}],"collection":[{"href":"https:\/\/www.billy-montigny.fr\/site\/wp-json\/wp\/v2\/pages"}],"about":[{"href":"https:\/\/www.billy-montigny.fr\/site\/wp-json\/wp\/v2\/types\/page"}],"author":[{"embeddable":true,"href":"https:\/\/www.billy-montigny.fr\/site\/wp-json\/wp\/v2\/users\/6"}],"replies":[{"embeddable":true,"href":"https:\/\/www.billy-montigny.fr\/site\/wp-json\/wp\/v2\/comments?post=5169"}],"version-history":[{"count":6,"href":"https:\/\/www.billy-montigny.fr\/site\/wp-json\/wp\/v2\/pages\/5169\/revisions"}],"predecessor-version":[{"id":5202,"href":"https:\/\/www.billy-montigny.fr\/site\/wp-json\/wp\/v2\/pages\/5169\/revisions\/5202"}],"up":[{"embeddable":true,"href":"https:\/\/www.billy-montigny.fr\/site\/wp-json\/wp\/v2\/pages\/372"}],"wp:attachment":[{"href":"https:\/\/www.billy-montigny.fr\/site\/wp-json\/wp\/v2\/media?parent=5169"}],"curies":[{"name":"wp","href":"https:\/\/api.w.org\/{rel}","templated":true}]}}