{"id":393,"date":"2017-10-20T16:27:34","date_gmt":"2017-10-20T14:27:34","guid":{"rendered":"https:\/\/www.billy-montigny.fr\/site\/?page_id=393"},"modified":"2018-01-19T10:59:22","modified_gmt":"2018-01-19T09:59:22","slug":"activite-economique","status":"publish","type":"page","link":"https:\/\/www.billy-montigny.fr\/site\/activite-economique\/","title":{"rendered":"Activit\u00e9 \u00e9conomique"},"content":{"rendered":"<h5><span style=\"color: #000000;\"><strong>Restauration<\/strong><\/span><\/h5>\n\n<table id=\"tablepress-2\" class=\"tablepress tablepress-id-2\">\n<tbody class=\"row-striping row-hover\">\n<tr class=\"row-1\">\n\t<td class=\"column-1\">Chez Marie<br \/>\n8 rue Florent Evrard<br \/>\n<\/td><td class=\"column-2\">Friterie<\/td><td class=\"column-3\">TEL : 03.21.49.46.36<\/td>\n<\/tr>\n<tr class=\"row-2\">\n\t<td class=\"column-1\">Papa Pizzy<br \/>\n21 Rue du 8 Mai 1945<br \/>\n<\/td><td class=\"column-2\">Pizzeria<\/td><td class=\"column-3\">TEL : 03.21.49.43.00<\/td>\n<\/tr>\n<tr class=\"row-3\">\n\t<td class=\"column-1\">La Casa Del Pizza<br \/>\n115 Avenue de la R\u00e9publique<\/td><td class=\"column-2\">Pizzeria<\/td><td class=\"column-3\">TEL : 09.53.36.08.57<\/td>\n<\/tr>\n<tr class=\"row-4\">\n\t<td class=\"column-1\">Hashtag Pizza<br \/>\n8 rue des Fusill\u00e9s<\/td><td class=\"column-2\">Pizzeria<\/td><td class=\"column-3\">TEL : 03.21.68.00.20<\/td>\n<\/tr>\n<tr class=\"row-5\">\n\t<td class=\"column-1\">Billy Kebab<br \/>\n109 Avenue de la R\u00e9publique<br \/>\n<\/td><td class=\"column-2\">Restauration rapide sur place ou \u00e0 emporter<\/td><td class=\"column-3\">TEL : 09.73.24.66.90<\/td>\n<\/tr>\n<tr class=\"row-6\">\n\t<td class=\"column-1\">Grill Anatolia<br \/>\n44 rue Jean Jaur\u00e8s<br \/>\n<\/td><td class=\"column-2\">Restauration rapide sur place ou \u00e0 emporter<\/td><td class=\"column-3\">TEL : 03.21.42.55.31<\/td>\n<\/tr>\n<tr class=\"row-7\">\n\t<td class=\"column-1\">LM \u00d4 Burger<br \/>\n133 bis avenue de la R\u00e9publique<\/td><td class=\"column-2\">Restauration rapide sur place ou \u00e0 emporte<\/td><td class=\"column-3\">TEL : 09.86.70.09.34<\/td>\n<\/tr>\n<tr class=\"row-8\">\n\t<td class=\"column-1\">Milk &amp; Cr\u00eapes<br \/>\n131 avenue de la R\u00e9publique<br \/>\n<\/td><td class=\"column-2\">Restauration rapide sur place ou \u00e0 emporter<\/td><td class=\"column-3\">TEL : 07.49.96.62.73<\/td>\n<\/tr>\n<tr class=\"row-9\">\n\t<td class=\"column-1\">Rapid'crousti<br \/>\n2 rue du 8 mai 1945<\/td><td class=\"column-2\">Restauration \u00e0 emporter<\/td><td class=\"column-3\">TEL : 03.21.40.22.10<\/td>\n<\/tr>\n<tr class=\"row-10\">\n\t<td class=\"column-1\">L'excellence<br \/>\n4 rue Jean Jaur\u00e8s<\/td><td class=\"column-2\">Restaurant<\/td><td class=\"column-3\">TEL : 07.45.40.92.03<\/td>\n<\/tr>\n<tr class=\"row-11\">\n\t<td class=\"column-1\">Les Tontons Burger<br \/>\n4 rue des Fusill\u00e9s<\/td><td class=\"column-2\">Restauration rapide \u00e0 emporter<\/td><td class=\"column-3\">TEL : 07.45.59.87.07<\/td>\n<\/tr>\n<\/tbody>\n<\/table>\n<!-- #tablepress-2 from cache -->\n<h5><span style=\"color: #000000;\"><strong>Commerces<\/strong><\/span><\/h5>\n\n<table id=\"tablepress-4\" class=\"tablepress tablepress-id-4\">\n<tbody class=\"row-striping row-hover\">\n<tr class=\"row-1\">\n\t<td class=\"column-1\">Carrefour Contact<br \/>\nPlace du Mar\u00e9chal Leclerc<\/td><td class=\"column-2\">Supermarch\u00e9<\/td><td class=\"column-3\">TEL : 03.21.20.64.50<br \/>\n<ahref=\"http:\/\/www.carrefour.fr\/magasin\/contact-billy-montigny\" rel=\"noopener\" target=\"_blank\">Site<\/a><\/td>\n<\/tr>\n<tr class=\"row-2\">\n\t<td class=\"column-1\">Kady Eco<br \/>\nRue Joseph et Etienne Montgolfier<\/td><td class=\"column-2\">Supermarch\u00e9<\/td><td class=\"column-3\">TEL : 03.21.76.91.75<\/td>\n<\/tr>\n<tr class=\"row-3\">\n\t<td class=\"column-1\">La Maison Louf<br \/>\n48 rue Jean Jaur\u00e8s<\/td><td class=\"column-2\">Boucherie - Traiteur<\/td><td class=\"column-3\">TEL : 03.21.20.20.87<\/td>\n<\/tr>\n<tr class=\"row-4\">\n\t<td class=\"column-1\">Boucherie Amine<br \/>\n141 avenue de la R\u00e9publique<\/td><td class=\"column-2\">Boucherie - Charcuterie<\/td><td class=\"column-3\">TEL : 03.21.42.95.43<\/td>\n<\/tr>\n<tr class=\"row-5\">\n\t<td class=\"column-1\">Chez Brahim<br \/>\n125 avenue de la R\u00e9publique<\/td><td class=\"column-2\">Boucherie - Charcuterie<\/td><td class=\"column-3\">TEL : 03.21.75.46.94<\/td>\n<\/tr>\n<tr class=\"row-6\">\n\t<td class=\"column-1\">L'atelier Viandes<br \/>\nRue Danton<\/td><td class=\"column-2\">Boucherie - Alimentation G\u00e9n\u00e9rale<\/td><td class=\"column-3\">TEL : 03.21.49.21.51<br \/>\n<a href=\"https:\/\/m.facebook.com\/Latelier-Viandes-100442742396856\/\" rel=\"noopener\" target=\"_blank\">Facebook L'atelier Viandes<\/a><\/td>\n<\/tr>\n<tr class=\"row-7\">\n\t<td class=\"column-1\">La baguette d'or<br \/>\n8 rue Pasteur<\/td><td class=\"column-2\">Boulangerie<\/td><td class=\"column-3\">TEL : 09.61.39.05.22<\/td>\n<\/tr>\n<tr class=\"row-8\">\n\t<td class=\"column-1\">Mehdi Fournil<br \/>\n90 avenue de la R\u00e9publique<\/td><td class=\"column-2\">Boulangerie<\/td><td class=\"column-3\">TEL : 03.21.49.14.75<\/td>\n<\/tr>\n<tr class=\"row-9\">\n\t<td class=\"column-1\">Les Gourmandises de Billy<br \/>\n22 rue Jean Jaur\u00e8s<\/td><td class=\"column-2\">Boulangerie<\/td><td class=\"column-3\">TEL : 06.98.99.20.08<\/td>\n<\/tr>\n<tr class=\"row-10\">\n\t<td class=\"column-1\">Zeeman<br \/>\nPlace Mar\u00e9chal Leclerc<\/td><td class=\"column-2\">Magasin de v\u00eatements, de linge de maison et de fil \u00e0 tricoter<\/td><td class=\"column-3\">TEL : 03.59.93.02.91<\/td>\n<\/tr>\n<tr class=\"row-11\">\n\t<td class=\"column-1\">Le dressing<br \/>\n33 rue Jean Jaur\u00e8s<\/td><td class=\"column-2\">Pr\u00eat-\u00e0-porter f\u00e9minin, bijoux<\/td><td class=\"column-3\">TEL : 07.86.87.61.53<br \/>\n<a href=\"https:\/\/fr-fr.facebook.com\/Le-Dressing-778003148965459\/\" rel=\"noopener\" target=\"_blank\">Facebook Le Dressing<\/a><\/td>\n<\/tr>\n<tr class=\"row-12\">\n\t<td class=\"column-1\">Bulles<br \/>\n28 rue Jean Jaur\u00e8s<\/td><td class=\"column-2\">Pr\u00eat-\u00e0-porter f\u00e9minin<\/td><td class=\"column-3\">TEL : 06.85.85.44.13<\/td>\n<\/tr>\n<tr class=\"row-13\">\n\t<td class=\"column-1\">Soryana<br \/>\n86 avenue de la R\u00e9publique<\/td><td class=\"column-2\">Produits de beaut\u00e9<\/td><td class=\"column-3\"><a href=\"https:\/\/www.instagram.com\/soryana.fr\/\" rel=\"noopener\" target=\"_blank\">Instagram, <a href=\"https:\/\/www.tiktok.com\/@soryana.fr\" rel=\"noopener\" target=\"_blank\">TikTok<\/a><\/td>\n<\/tr>\n<tr class=\"row-14\">\n\t<td class=\"column-1\">Terra Incognita<br \/>\n28 rue Jean Jaur\u00e8s<\/td><td class=\"column-2\">Salon de tatouage, piercing<\/td><td class=\"column-3\">TEL : 06.22.10.86.41<\/td>\n<\/tr>\n<tr class=\"row-15\">\n\t<td class=\"column-1\">Annelyse Beaut\u00e9<br \/>\n31 rue Florent Evrard<\/td><td class=\"column-2\">Salon de coiffure<\/td><td class=\"column-3\">TEL : 03.21.20.65.01<br \/>\n<a href=\"https:\/\/www.facebook.com\/annelysebeautecoiffur\/\" rel=\"noopener\" target=\"_blank\">Annelyse beaut\u00e9<\/a><\/td>\n<\/tr>\n<tr class=\"row-16\">\n\t<td class=\"column-1\">MJ Coiffure<br \/>\n30 rue Florent Evrard<\/td><td class=\"column-2\">Salon de coiffure<\/td><td class=\"column-3\">TEL : 03.21.49.12.02 <br \/>\n<a href=\"https:\/\/reservationcoiffeur.fr\/mj-coiffure-62420\/coiffeur-billy-montigny-62420-expert-coloriste-et-technicien-expert-blond-expert\" rel=\"noopener\" target=\"_blank\">MJ Coiffure<\/a><\/td>\n<\/tr>\n<tr class=\"row-17\">\n\t<td class=\"column-1\">Tendance Coiffure et Esth\u00e9tique<br \/>\n18 rue Jean Jaur\u00e8s<\/td><td class=\"column-2\">Salon de coiffure<\/td><td class=\"column-3\">TEL : 03.21.20.14.39<\/td>\n<\/tr>\n<tr class=\"row-18\">\n\t<td class=\"column-1\">L'art cutz<br \/>\n28 rue Jean Jaur\u00e8s<\/td><td class=\"column-2\">Salon de coiffure<\/td><td class=\"column-3\"><a href=\"<br \/>\nhttps:\/\/www.planity.com\/lart-cutz-62420-billy-montigny\" rel=\"noopener\" target=\"_blank\">L'art cutz<\/a><br \/>\n<\/td>\n<\/tr>\n<tr class=\"row-19\">\n\t<td class=\"column-1\">Le salon de Sophie <br \/>\n38 rue Jean Jaur\u00e8s<\/td><td class=\"column-2\">Salon de coiffure<\/td><td class=\"column-3\">TEL : 09.52.53.66.96<br \/>\n<a href=\"https:\/\/www.planity.com\/le-salon-de-sophie-62420-billy-montigny\" rel=\"noopener\" target=\"_blank\">Le salon de Sophie<\/a><\/td>\n<\/tr>\n<tr class=\"row-20\">\n\t<td class=\"column-1\">Tizi Coiffure<br \/>\n75 Avenue de la R\u00e9publique<\/td><td class=\"column-2\">Salon de coiffure <\/td><td class=\"column-3\">TEL : 06.29.61.51.08<\/td>\n<\/tr>\n<tr class=\"row-21\">\n\t<td class=\"column-1\">Hair Styl'Annick <br \/>\n80 Avenue de la R\u00e9publique<\/td><td class=\"column-2\">Salon de coiffure<\/td><td class=\"column-3\">TEL : 03.21.49.07.65<br \/>\n<a href=\"https:\/\/www.facebook.com\/people\/Hair-StylAnnick\/100042095994587\/\" rel=\"noopener\" target=\"_blank\">Facebook Hair Styl'Annick<\/a><\/td>\n<\/tr>\n<tr class=\"row-22\">\n\t<td class=\"column-1\">Atelier Coiffure<br \/>\n27 rue des Fusill\u00e9s<\/td><td class=\"column-2\">Salon de coiffure <\/td><td class=\"column-3\">TEL : 07.55.30.40.83<\/td>\n<\/tr>\n<tr class=\"row-23\">\n\t<td class=\"column-1\">12'S Barber<br \/>\n12 rue des Fusill\u00e9s<\/td><td class=\"column-2\">Salon de coiffure<\/td><td class=\"column-3\">TEL : 07.45.36.21.86<\/td>\n<\/tr>\n<tr class=\"row-24\">\n\t<td class=\"column-1\">DA CARLO<br \/>\n1er rue de Rouvroy<\/td><td class=\"column-2\">Salon de coiffure, barbier<\/td><td class=\"column-3\">TEL : 06.51.40.90.60<br \/>\n<\/td>\n<\/tr>\n<tr class=\"row-25\">\n\t<td class=\"column-1\">Youg Barber<br \/>\n98 Avenue de la R\u00e9publique<\/td><td class=\"column-2\">Barbier<\/td><td class=\"column-3\"><\/td>\n<\/tr>\n<tr class=\"row-26\">\n\t<td class=\"column-1\">Micro Boutique<br \/>\n16 rue des Fusill\u00e9s<\/td><td class=\"column-2\">R\u00e9paration, Maintenance, Vente informatique<\/td><td class=\"column-3\">TEL : 03.21.43.03.64<br \/>\n<a href=\"http:\/\/www.micro-boutique.com\/\" rel=\"noopener\" target=\"_blank\">www.micro-boutique.com<\/a><\/td>\n<\/tr>\n<tr class=\"row-27\">\n\t<td class=\"column-1\">BV Productions<br \/>\nRue Jean Rostand<\/td><td class=\"column-2\">\u00c9quipementier automobile<\/td><td class=\"column-3\">TEL : 03.21.08.18.20<br \/>\n<a href=\"https:\/\/bv-productions.com\/\" rel=\"noopener\" target=\"_blank\">BV-Productions<\/a><\/td>\n<\/tr>\n<tr class=\"row-28\">\n\t<td class=\"column-1\">Meubles Huleux<br \/>\n127 avenue de la R\u00e9publique<\/td><td class=\"column-2\">Magasin de meubles<\/td><td class=\"column-3\">TEL : 03.21.20.07.71<br \/>\n<a href=\"http:\/\/www.meubles-huleux.com\/\" rel=\"noopener\" target=\"_blank\">Meubles Huleux<\/a><\/td>\n<\/tr>\n<tr class=\"row-29\">\n\t<td class=\"column-1\">Dream Games<br \/>\n24 rue Jean Jaur\u00e8s<\/td><td class=\"column-2\">Magasin de jeux vid\u00e9o<\/td><td class=\"column-3\">TEL : 03.21.75.55.50<br \/>\n<a href=\"http:\/\/www.dreamgames.sitew.fr\/\" rel=\"noopener\" target=\"_blank\">Site, <a href=\"https:\/\/fr-fr.facebook.com\/Dreamgames1995\" rel=\"noopener\" target=\"_blank\">Facebook<\/a><\/td>\n<\/tr>\n<tr class=\"row-30\">\n\t<td class=\"column-1\">Le Rami<br \/>\n10 rue des Fusill\u00e9s<\/td><td class=\"column-2\">Caf\u00e9, Tabac<\/td><td class=\"column-3\">TEL : 03.21.20.03.29<\/td>\n<\/tr>\n<tr class=\"row-31\">\n\t<td class=\"column-1\">Le Jean Bart<br \/>\n129 Avenue de la R\u00e9publique<\/td><td class=\"column-2\">Caf\u00e9, Tabac, PMU<\/td><td class=\"column-3\">TEL : 03.21.20.28.79<\/td>\n<\/tr>\n<tr class=\"row-32\">\n\t<td class=\"column-1\">Le Chantillie<br \/>\n1 rue des Fusill\u00e9s<\/td><td class=\"column-2\">Caf\u00e9, Tabac, PMU<\/td><td class=\"column-3\">TEL : 06.95.62.56.24<\/td>\n<\/tr>\n<tr class=\"row-33\">\n\t<td class=\"column-1\">La Civette<br \/>\n23 bis rue du 8 mai 1945<\/td><td class=\"column-2\">D\u00e9bit de tabac, Presse<\/td><td class=\"column-3\">TEL : 09.77.90.54.61<\/td>\n<\/tr>\n<tr class=\"row-34\">\n\t<td class=\"column-1\">La Civette<br \/>\n52 avenue de la R\u00e9publique<\/td><td class=\"column-2\">D\u00e9bit de tabac, Presse<\/td><td class=\"column-3\">TEL : 03.21.75.39.19<\/td>\n<\/tr>\n<tr class=\"row-35\">\n\t<td class=\"column-1\">La Royale<br \/>\nRue du Dr Lourties<\/td><td class=\"column-2\">Caf\u00e9, Bar, Tabac<\/td><td class=\"column-3\">TEL : 03.21.20.30.22<\/td>\n<\/tr>\n<tr class=\"row-36\">\n\t<td class=\"column-1\"><\/td><td class=\"column-2\"><\/td><td class=\"column-3\"><\/td>\n<\/tr>\n<\/tbody>\n<\/table>\n<!-- #tablepress-4 from cache -->\n<h5><span style=\"color: #000000;\"><strong>Services<\/strong><\/span><\/h5>\n\n<table id=\"tablepress-6\" class=\"tablepress tablepress-id-6\">\n<tbody class=\"row-striping row-hover\">\n<tr class=\"row-1\">\n\t<td class=\"column-1\">Allianz<br \/>\n52 rue Jean Jaur\u00e8s<\/td><td class=\"column-2\">Assureur<\/td><td class=\"column-3\">TEL : 03.21.20.04.87<br \/>\n<a href=\"https:\/\/www.allianz.fr\/assurances-particuliers\/agence\/62300\/lens-bollaert\/meynckens\/\" rel=\"noopener\" target=\"_blank\">Allianz<\/a><\/td>\n<\/tr>\n<tr class=\"row-2\">\n\t<td class=\"column-1\">Caisse d\u2019\u00c9pargne<br \/>\n119 avenue de la R\u00e9publique<\/td><td class=\"column-2\">Banque<\/td><td class=\"column-3\">TEL : 03.21.13.03.03<br \/>\n<a href=\"https:\/\/www.caisse-epargne.fr\/particuliers\" rel=\"noopener\" target=\"_blank\">Caisse d'\u00c9pargne<\/a><\/td>\n<\/tr>\n<tr class=\"row-3\">\n\t<td class=\"column-1\">La Poste<br \/>\nRue Sainte C\u00e9cile<\/td><td class=\"column-2\">Banque, Poste<\/td><td class=\"column-3\">TEL : 09.70.82.36.31<br \/>\n<a href=\"https:\/\/www.laposte.fr\/particulier\" rel=\"noopener\" target=\"_blank\">La Poste<\/a>, <a href=\"https:\/\/www.labanquepostale.fr\" rel=\"noopener\" target=\"_blank\">La Banque Postale<\/a><\/td>\n<\/tr>\n<tr class=\"row-4\">\n\t<td class=\"column-1\">Voyages Baudart<br \/>\n147 avenue de la R\u00e9publique<\/td><td class=\"column-2\">Agence de voyages<\/td><td class=\"column-3\">TEL : 03.21.20.22.75<br \/>\n<a href=\"http:\/\/www.voyages-baudart.fr\" rel=\"noopener\" target=\"_blank\">Voyages Baudart<\/a><\/td>\n<\/tr>\n<tr class=\"row-5\">\n\t<td class=\"column-1\">SIA Habitat<br \/>\nPl. du Mar\u00e9chal Leclerc<\/td><td class=\"column-2\">Agence immobil\u00e8re<\/td><td class=\"column-3\">TEL : 09.69.32.12.18<\/td>\n<\/tr>\n<tr class=\"row-6\">\n\t<td class=\"column-1\">NT Immobilier<br \/>\n39 rue Jean Jaur\u00e8s<\/td><td class=\"column-2\">Agence immobili\u00e8re<\/td><td class=\"column-3\">TEL : 03.21.75.01.00<br \/>\n<a href=\"http:\/\/www.nt-immobilier.fr\/\" rel=\"noopener\" target=\"_blank\">N&amp;T Immobilier<\/a><\/td>\n<\/tr>\n<tr class=\"row-7\">\n\t<td class=\"column-1\">Auto-\u00c9cole City'zen<br \/>\n41 rue des Fusill\u00e9s<\/td><td class=\"column-2\">Auto-\u00c9cole<\/td><td class=\"column-3\">TEL : 03.21.67.21.47<br \/>\n<a href=\"http:\/\/www.city-zen-nord.fr\/\" rel=\"noopener\" target=\"_blank\">Ciyt'Zen<\/a><\/td>\n<\/tr>\n<tr class=\"row-8\">\n\t<td class=\"column-1\">Auto-\u00c9cole Daniel<br \/>\n36 rue du 8 mai 1945<\/td><td class=\"column-2\">Auto-\u00c9cole<\/td><td class=\"column-3\">TEL : 03.21.75.59.52<br \/>\n<a href=\"http:\/\/www.auto-ecole-daniel.fr\/\" rel=\"noopener\" target=\"_blank\">Auto-Ecole Daniel<\/a><\/td>\n<\/tr>\n<tr class=\"row-9\">\n\t<td class=\"column-1\">Me Cathy Faliva<br \/>\n179 avenue de la R\u00e9publique<\/td><td class=\"column-2\">Avocat<\/td><td class=\"column-3\">TEL : 03.21.49.22.10 <\/td>\n<\/tr>\n<tr class=\"row-10\">\n\t<td class=\"column-1\">Assainipi\u00e8ces Services<br \/>\nCentre des affaires Bl\u00e9riot, Zone Eurobilly<\/td><td class=\"column-2\">Pi\u00e8ces d\u00e9tach\u00e9es pour hydrocureurs, fournitures industrielles<\/td><td class=\"column-3\">TEL : 03.21.28.72.43<br \/>\nMail : assainipi\u00e8ces@wanadoo.fr<\/td>\n<\/tr>\n<tr class=\"row-11\">\n\t<td class=\"column-1\">Dourdin B\u00e2timent<br \/>\n99 route de M\u00e9ricourt<\/td><td class=\"column-2\">Mat\u00e9riaux de construction<\/td><td class=\"column-3\"><\/td>\n<\/tr>\n<tr class=\"row-12\">\n\t<td class=\"column-1\">Nuances Constructions<br \/>\n8 route de M\u00e9ricourt<\/td><td class=\"column-2\">Entreprise g\u00e9n\u00e9rale de b\u00e2timent<\/td><td class=\"column-3\">TEL : 06.46.91.29.16<\/td>\n<\/tr>\n<tr class=\"row-13\">\n\t<td class=\"column-1\">Batihome<br \/>\n23 rue Roger Salengro<\/td><td class=\"column-2\">Entreprise g\u00e9n\u00e9rale de b\u00e2timent<\/td><td class=\"column-3\">TEL : 03.21.13.72.50<br \/>\n<a href=\"http:\/\/www.batihome.eu\/\" rel=\"noopener\" target=\"_blank\">Batihome<\/a><\/td>\n<\/tr>\n<tr class=\"row-14\">\n\t<td class=\"column-1\">Archi Carton<br \/>\n9 rue de la Convention<\/td><td class=\"column-2\">Cr\u00e9ation d'Identit\u00e9 Int\u00e9rieure<\/td><td class=\"column-3\">TEL : 06.25.80.19.76<br \/>\n<a href=\"https:\/\/www.homify.fr\/experts\/84873\/archicartonr\"rel=\"noopener\"target=\"_blank\">Archi Carton<\/a><\/td>\n<\/tr>\n<tr class=\"row-15\">\n\t<td class=\"column-1\">Mister Carrelage<br \/>\n21 avenue de la R\u00e9publique<\/td><td class=\"column-2\">Carrelages sols et murs, accessoires<\/td><td class=\"column-3\">TEL : 03.74.71.21.08<br \/>\nMail : mistercarrelage6259@gmail.com<\/td>\n<\/tr>\n<tr class=\"row-16\">\n\t<td class=\"column-1\">Saninord<br \/>\n2 rue H\u00e9l\u00e8ne Boucher<\/td><td class=\"column-2\">Vidange de fosses sceptiques<\/td><td class=\"column-3\">TEL : 03.21.20.30.89<\/td>\n<\/tr>\n<tr class=\"row-17\">\n\t<td class=\"column-1\">JCZ Couverture<br \/>\n12 rue Etienne Dolet<\/td><td class=\"column-2\">Couvreur, Zingueur<\/td><td class=\"column-3\">TEL : 03.21.49.25.32<br \/>\n<\/td>\n<\/tr>\n<tr class=\"row-18\">\n\t<td class=\"column-1\">JMJ \u00e9tanche<br \/>\n8 Rue Gambetta<\/td><td class=\"column-2\">Couvreur, Zingueur<\/td><td class=\"column-3\">TEL : 09.83.80.48.20<br \/>\n        07.50.87.16.89<\/td>\n<\/tr>\n<tr class=\"row-19\">\n\t<td class=\"column-1\">Luyckx Patrice Sarl<br \/>\n23 Rue Roger Salengro<\/td><td class=\"column-2\">Couvreur, Zingueur<\/td><td class=\"column-3\">TEL : 03.21.42.24.87<\/td>\n<\/tr>\n<tr class=\"row-20\">\n\t<td class=\"column-1\">Lanelec<br \/>\n4 rue Jacques Brel<\/td><td class=\"column-2\">\u00c9lectricien<\/td><td class=\"column-3\">TEL : 06.52.10.33.72<br \/>\n<a href=\"https:\/\/lanelec-electricite.fr\/\" rel=\"noopener\" target=\"_blank\">Lanelec<\/a><\/td>\n<\/tr>\n<tr class=\"row-21\">\n\t<td class=\"column-1\">DRE \u00c9lectricit\u00e9 (Installation et D\u00e9pannage) <br \/>\n42 rue des Fusill\u00e9s<\/td><td class=\"column-2\">\u00c9lectricien<\/td><td class=\"column-3\">TEL : 06.63.25.16.61<\/td>\n<\/tr>\n<tr class=\"row-22\">\n\t<td class=\"column-1\">Redinger Energies<br \/>\n35 rue \u00c9tienne Dolet<\/td><td class=\"column-2\">\u00c9lectricit\u00e9 g\u00e9n\u00e9rale<\/td><td class=\"column-3\">TEL : 09.52.71.60.22<\/td>\n<\/tr>\n<tr class=\"row-23\">\n\t<td class=\"column-1\">AutoCl\u00e924<br \/>\n21 avenue de la R\u00e9publique<\/td><td class=\"column-2\">R\u00e9paration, reproduction, programmation de cl\u00e9s voitures, reproduction cl\u00e9s maisons<\/td><td class=\"column-3\">TEL : 06.67.81.42.50<br \/>\n<a href=\"https:\/\/www.facebook.com\/people\/Autocl%C3%A924\/61575056644193\/?utm_source=gmb\" rel=\"noopener\" target=\"_blank\">Facebook Auto Cl\u00e9 24<\/a><\/td>\n<\/tr>\n<tr class=\"row-24\">\n\t<td class=\"column-1\">Espace Pare Brise<br \/>\n4 rue du 8 mai 1945<\/td><td class=\"column-2\">R\u00e9paration de pare-brises<\/td><td class=\"column-3\">TEL : 09.83.80.48.20<\/td>\n<\/tr>\n<tr class=\"row-25\">\n\t<td class=\"column-1\">SARL Dubois<br \/>\n11 rue de Rouvroy<br \/>\n<\/td><td class=\"column-2\">Vente, r\u00e9paration (cycles, scooters, quads)<\/td><td class=\"column-3\">TEL : 03.21.20.24.96<br \/>\n<a href=\"https:\/\/www.cyclesdubois.fr\/\" rel=\"noopener\" target=\"_blank\">SARL Dubois<\/a><\/td>\n<\/tr>\n<tr class=\"row-26\">\n\t<td class=\"column-1\">SHOP GSM<br \/>\n137 avenue de la R\u00e9publique<\/td><td class=\"column-2\">R\u00e9paration de t\u00e9l\u00e9phones mobiles<\/td><td class=\"column-3\">TEL : 09.81.67.81.72<br \/>\n<a href=\"https:\/\/www.facebook.com\/Shop-GSM-1040599312709396\/\" rel=\"noopener\" target=\"_blank\">Facebook Shop GSM<\/a><\/td>\n<\/tr>\n<tr class=\"row-27\">\n\t<td class=\"column-1\">Soryana<br \/>\n86 avenue de la R\u00e9publique<\/td><td class=\"column-2\">Parfums, diffuseur d'ambiance, produits de beaut\u00e9<\/td><td class=\"column-3\">www.soryana.fr<\/td>\n<\/tr>\n<tr class=\"row-28\">\n\t<td class=\"column-1\">Le collectif des lunetiers<br \/>\n58 rue Jean Jaur\u00e8s<\/td><td class=\"column-2\">Opticien, Audioproth\u00e9siste<\/td><td class=\"column-3\">TEL : 03.21.20.02.83<br \/>\n03.21.51.77.34 (audioproth\u00e9siste)<\/td>\n<\/tr>\n<tr class=\"row-29\">\n\t<td class=\"column-1\">Souu Beauty'Full<br \/>\n13 rue des Fusill\u00e9s<\/td><td class=\"column-2\">Institut de beaut\u00e9 et centre de formation<\/td><td class=\"column-3\">TEL : 07.87.96.00.22<\/td>\n<\/tr>\n<tr class=\"row-30\">\n\t<td class=\"column-1\">\u00c9l\u00e9gance canine<br \/>\n32 bis rue Florent \u00c9vrard<\/td><td class=\"column-2\">Salon de toilettage<\/td><td class=\"column-3\">TEL : 03.21.76.14.31\u200e<br \/>\n<\/td>\n<\/tr>\n<tr class=\"row-31\">\n\t<td class=\"column-1\">SARL Lauric<br \/>\n44 rue Roger Salengro<\/td><td class=\"column-2\">Fabrication de matelas<\/td><td class=\"column-3\">TEL : 03.21.13.11.57<\/td>\n<\/tr>\n<tr class=\"row-32\">\n\t<td class=\"column-1\">Laverie<br \/>\n16 rue Jean Jaur\u00e8s<\/td><td class=\"column-2\">Laverie<\/td><td class=\"column-3\">TEL : 06.33.62.45.26<\/td>\n<\/tr>\n<tr class=\"row-33\">\n\t<td class=\"column-1\">Pompes Fun\u00e8bres de Billy-Montigny<br \/>\n14 rue Jean Jaur\u00e8s <\/td><td class=\"column-2\">Pompes Fun\u00e8bres<\/td><td class=\"column-3\">TEL : 03.21.28.73.31<br \/>\nMail : pfyanngauer@hotmail.com<br \/>\n<a href=\"https:\/\/pompes-funebres-billy-montigny.com\/\" rel=\"noopener\" target=\"_blank\"> Pompes Fun\u00e8bres site<\/a><\/td>\n<\/tr>\n<tr class=\"row-34\">\n\t<td class=\"column-1\">Pompes Fun\u00e8bres Roc Eclerc Billy-Montigny<br \/>\n44 rue du 8 Mai 1945<\/td><td class=\"column-2\">Pompes Fun\u00e8bres<\/td><td class=\"column-3\">TEL : 03.79.59.03.03<\/td>\n<\/tr>\n<tr class=\"row-35\">\n\t<td class=\"column-1\">Pompes Fun\u00e8bres Sauvage<br \/>\n33 rue de l'Egalit\u00e9<\/td><td class=\"column-2\">Pompes Fun\u00e8bres <\/td><td class=\"column-3\">TEL : 03.21.20.70.70<\/td>\n<\/tr>\n<tr class=\"row-36\">\n\t<td class=\"column-1\">M'Beauty By Lau<br \/>\n13 rue de Rouvroy<\/td><td class=\"column-2\">Institut de beaut\u00e9<\/td><td class=\"column-3\">TEL : 06.52.46.59.25<\/td>\n<\/tr>\n<\/tbody>\n<\/table>\n<!-- #tablepress-6 from cache -->\n<p>&nbsp;<\/p>\n<p>&nbsp;<\/p>\n<p>&nbsp;<\/p>\n","protected":false},"excerpt":{"rendered":"<p>Restauration Commerces Services &nbsp; &nbsp; &nbsp;<\/p>\n","protected":false},"author":3,"featured_media":0,"parent":0,"menu_order":0,"comment_status":"closed","ping_status":"closed","template":"","meta":{"footnotes":""},"class_list":["post-393","page","type-page","status-publish","hentry"],"publishpress_future_action":{"enabled":false,"date":"2026-05-07 14:55:14","action":"change-status","newStatus":"draft","terms":[],"taxonomy":"","extraData":[]},"publishpress_future_workflow_manual_trigger":{"enabledWorkflows":[]},"_links":{"self":[{"href":"https:\/\/www.billy-montigny.fr\/site\/wp-json\/wp\/v2\/pages\/393","targetHints":{"allow":["GET"]}}],"collection":[{"href":"https:\/\/www.billy-montigny.fr\/site\/wp-json\/wp\/v2\/pages"}],"about":[{"href":"https:\/\/www.billy-montigny.fr\/site\/wp-json\/wp\/v2\/types\/page"}],"author":[{"embeddable":true,"href":"https:\/\/www.billy-montigny.fr\/site\/wp-json\/wp\/v2\/users\/3"}],"replies":[{"embeddable":true,"href":"https:\/\/www.billy-montigny.fr\/site\/wp-json\/wp\/v2\/comments?post=393"}],"version-history":[{"count":12,"href":"https:\/\/www.billy-montigny.fr\/site\/wp-json\/wp\/v2\/pages\/393\/revisions"}],"predecessor-version":[{"id":733,"href":"https:\/\/www.billy-montigny.fr\/site\/wp-json\/wp\/v2\/pages\/393\/revisions\/733"}],"wp:attachment":[{"href":"https:\/\/www.billy-montigny.fr\/site\/wp-json\/wp\/v2\/media?parent=393"}],"curies":[{"name":"wp","href":"https:\/\/api.w.org\/{rel}","templated":true}]}}