{"id":378,"date":"2017-10-20T14:38:47","date_gmt":"2017-10-20T12:38:47","guid":{"rendered":"https:\/\/www.billy-montigny.fr\/site\/?page_id=378"},"modified":"2024-12-10T16:52:27","modified_gmt":"2024-12-10T15:52:27","slug":"urbanisme-et-reglementation","status":"publish","type":"page","link":"https:\/\/www.billy-montigny.fr\/site\/en-un-clic\/urbanisme\/urbanisme-et-reglementation\/","title":{"rendered":"Urbanisme et r\u00e9glementation"},"content":{"rendered":"<h5><span style=\"color: #000000;\"><strong>Consultation du cadastre<\/strong><\/span><\/h5>\n<p>Le lien ci-dessous vous permet de consulter le cadastre de toutes les communes de France. Il est possible d&rsquo;effectuer votre recherche par d\u00e9partement, commune, adresse ou par r\u00e9f\u00e9rences cadastrales. Les documents visualis\u00e9s gratuitement peuvent \u00eatre d\u00e9livr\u00e9s sous forme num\u00e9rique ou physique contre paiement d&rsquo;une redevance.<\/p>\n<ul style=\"list-style-type: square;\">\n<li><a href=\"https:\/\/www.cadastre.gouv.fr\/scpc\/accueil.do?CSRF_TOKEN=YIUU-4WTZ-JIHQ-1HVC-5J5Y-NZKV-K3CH-EUJM\">Consulter le cadastre<\/a><\/li>\n<\/ul>\n<h5><span style=\"color: #000000;\"><strong>Demande de certificat d&rsquo;urbanisme<\/strong><\/span><\/h5>\n<p>Document \u00e0 t\u00e9l\u00e9charger, imprimer, et remettre rempli au service urbanisme de la mairie :<\/p>\n<ul style=\"list-style-type: square;\">\n<li><a href=\"https:\/\/www.billy-montigny.fr\/site\/wp-content\/uploads\/2017\/10\/cerfa_13410-04.pdf\">Demande de certificat d&rsquo;urbanisme (cerfa_13410-04)<\/a><\/li>\n<\/ul>\n<h5><span style=\"color: #000000;\"><strong>D\u00e9clarations pr\u00e9alables<\/strong><\/span><\/h5>\n<p>Documents \u00e0 t\u00e9l\u00e9charger, imprimer, et remettre rempli au service urbanisme de la mairie :<\/p>\n<ul style=\"list-style-type: square;\">\n<li><a href=\"https:\/\/www.service-public.fr\/particuliers\/recherche?keyword=d%C3%A9claration+pr%C3%A9alable\">Toutes les d\u00e9clarations pr\u00e9alables<\/a><\/li>\n<\/ul>\n<h5><span style=\"color: #000000;\"><strong>Permis de construire, d&rsquo;am\u00e9nager, d\u00e9claration d&rsquo;ouvrage&#8230;<\/strong><\/span><\/h5>\n<p>Documents \u00e0 t\u00e9l\u00e9charger, imprimer, et remettre rempli au service urbanisme de la mairie :<\/p>\n<ul style=\"list-style-type: square;\">\n<li><a href=\"https:\/\/www.service-public.fr\/particuliers\/recherche?keyword=Permis+de+construire\">Toutes les demandes de permis<\/a><\/li>\n<\/ul>\n<p>&nbsp;<\/p>\n","protected":false},"excerpt":{"rendered":"<p>Consultation du cadastre Le lien ci-dessous vous permet de consulter le cadastre de toutes les communes de France. Il est possible d&rsquo;effectuer votre recherche par d\u00e9partement, commune, adresse ou par r\u00e9f\u00e9rences cadastrales. Les documents visualis\u00e9s gratuitement peuvent \u00eatre d\u00e9livr\u00e9s sous forme num\u00e9rique ou physique contre paiement d&rsquo;une redevance. Consulter le cadastre Demande de certificat d&rsquo;urbanisme [&hellip;]<\/p>\n","protected":false},"author":3,"featured_media":0,"parent":372,"menu_order":0,"comment_status":"closed","ping_status":"closed","template":"","meta":{"footnotes":""},"class_list":["post-378","page","type-page","status-publish","hentry"],"publishpress_future_action":{"enabled":false,"date":"2026-04-28 22:32:05","action":"change-status","newStatus":"draft","terms":[],"taxonomy":"","extraData":[]},"publishpress_future_workflow_manual_trigger":{"enabledWorkflows":[]},"_links":{"self":[{"href":"https:\/\/www.billy-montigny.fr\/site\/wp-json\/wp\/v2\/pages\/378","targetHints":{"allow":["GET"]}}],"collection":[{"href":"https:\/\/www.billy-montigny.fr\/site\/wp-json\/wp\/v2\/pages"}],"about":[{"href":"https:\/\/www.billy-montigny.fr\/site\/wp-json\/wp\/v2\/types\/page"}],"author":[{"embeddable":true,"href":"https:\/\/www.billy-montigny.fr\/site\/wp-json\/wp\/v2\/users\/3"}],"replies":[{"embeddable":true,"href":"https:\/\/www.billy-montigny.fr\/site\/wp-json\/wp\/v2\/comments?post=378"}],"version-history":[{"count":5,"href":"https:\/\/www.billy-montigny.fr\/site\/wp-json\/wp\/v2\/pages\/378\/revisions"}],"predecessor-version":[{"id":5145,"href":"https:\/\/www.billy-montigny.fr\/site\/wp-json\/wp\/v2\/pages\/378\/revisions\/5145"}],"up":[{"embeddable":true,"href":"https:\/\/www.billy-montigny.fr\/site\/wp-json\/wp\/v2\/pages\/372"}],"wp:attachment":[{"href":"https:\/\/www.billy-montigny.fr\/site\/wp-json\/wp\/v2\/media?parent=378"}],"curies":[{"name":"wp","href":"https:\/\/api.w.org\/{rel}","templated":true}]}}