{"id":351,"date":"2017-10-12T16:05:16","date_gmt":"2017-10-12T14:05:16","guid":{"rendered":"https:\/\/www.billy-montigny.fr\/site\/?page_id=351"},"modified":"2019-09-18T15:46:10","modified_gmt":"2019-09-18T13:46:10","slug":"jeunesse","status":"publish","type":"page","link":"https:\/\/www.billy-montigny.fr\/site\/jeunesse\/","title":{"rendered":"Jeunesse &#8211; Petite enfance"},"content":{"rendered":"<h5><span style=\"color: #000000;\"><strong>Dossier d&rsquo;inscription aux accueils de loisirs et r\u00e8glement int\u00e9rieur<\/strong><\/span><\/h5>\n<p style=\"text-align: justify;\">Le document est \u00e0 t\u00e9l\u00e9charger, imprimer et remettre rempli au Point Information Jeunesse, 6-8 rue \u00c9tienne Dolet :<\/p>\n<ul style=\"list-style-type: square;\">\n<li><a href=\"https:\/\/www.billy-montigny.fr\/site\/wp-content\/uploads\/2018\/05\/CENTRE-DE-LOISIRS-3.pdf\" target=\"_blank\" rel=\"noopener noreferrer\">Dossier d&rsquo;inscription &amp; RI<\/a><\/li>\n<\/ul>\n<h5><span style=\"color: #000000;\"><strong>Liste des documents \u00e0 fournir<\/strong><\/span><\/h5>\n<p style=\"text-align: justify;\">Veuillez trouver ci-dessous la liste des documents \u00e0 fournir lors de votre inscription aux accueils de loisirs. Notez \u00e9galement que le l&rsquo;inscription ne sera pas prise en compte si votre dossier n&rsquo;est pas complet :<\/p>\n<ul style=\"list-style-type: square;\">\n<li><a href=\"https:\/\/www.billy-montigny.fr\/site\/wp-content\/uploads\/2017\/10\/document_dorothee.pdf\">Documents \u00e0 fournir<\/a><\/li>\n<\/ul>\n<h5><span style=\"color: #000000;\"><strong>T\u00e9l\u00e9charger le planning des accueils de loisirs<\/strong><\/span><\/h5>\n<p><em>planning des accueils de loisirs d&rsquo;\u00e9t\u00e9 \u00e0 venir<\/em><\/p>\n<h5><span style=\"color: #000000;\"><strong>Dossier de candidature animateurs<\/strong><\/span><\/h5>\n<p style=\"text-align: justify;\">Le document ci-dessous est \u00e0 t\u00e9l\u00e9charger, imprimer et remettre rempli en Mairie, rue Jean Jaur\u00e8s 62420 Billy-Montigny.<\/p>\n<ul style=\"list-style-type: square;\">\n<li><a href=\"https:\/\/www.billy-montigny.fr\/site\/wp-content\/uploads\/2019\/09\/Dossier-de-candidature-centres.pdf\">Dossier de candidature<\/a><\/li>\n<\/ul>\n","protected":false},"excerpt":{"rendered":"<p>Dossier d&rsquo;inscription aux accueils de loisirs et r\u00e8glement int\u00e9rieur Le document est \u00e0 t\u00e9l\u00e9charger, imprimer et remettre rempli au Point Information Jeunesse, 6-8 rue \u00c9tienne Dolet : Dossier d&rsquo;inscription &amp; RI Liste des documents \u00e0 fournir Veuillez trouver ci-dessous la liste des documents \u00e0 fournir lors de votre inscription aux accueils de loisirs. Notez \u00e9galement [&hellip;]<\/p>\n","protected":false},"author":3,"featured_media":0,"parent":0,"menu_order":0,"comment_status":"closed","ping_status":"closed","template":"","meta":{"footnotes":""},"class_list":["post-351","page","type-page","status-publish","hentry"],"publishpress_future_action":{"enabled":false,"date":"2026-04-15 09:38:18","action":"change-status","newStatus":"draft","terms":[],"taxonomy":"","extraData":[]},"publishpress_future_workflow_manual_trigger":{"enabledWorkflows":[]},"_links":{"self":[{"href":"https:\/\/www.billy-montigny.fr\/site\/wp-json\/wp\/v2\/pages\/351","targetHints":{"allow":["GET"]}}],"collection":[{"href":"https:\/\/www.billy-montigny.fr\/site\/wp-json\/wp\/v2\/pages"}],"about":[{"href":"https:\/\/www.billy-montigny.fr\/site\/wp-json\/wp\/v2\/types\/page"}],"author":[{"embeddable":true,"href":"https:\/\/www.billy-montigny.fr\/site\/wp-json\/wp\/v2\/users\/3"}],"replies":[{"embeddable":true,"href":"https:\/\/www.billy-montigny.fr\/site\/wp-json\/wp\/v2\/comments?post=351"}],"version-history":[{"count":9,"href":"https:\/\/www.billy-montigny.fr\/site\/wp-json\/wp\/v2\/pages\/351\/revisions"}],"predecessor-version":[{"id":2101,"href":"https:\/\/www.billy-montigny.fr\/site\/wp-json\/wp\/v2\/pages\/351\/revisions\/2101"}],"wp:attachment":[{"href":"https:\/\/www.billy-montigny.fr\/site\/wp-json\/wp\/v2\/media?parent=351"}],"curies":[{"name":"wp","href":"https:\/\/api.w.org\/{rel}","templated":true}]}}