{"id":3193,"date":"2021-06-02T14:22:41","date_gmt":"2021-06-02T12:22:41","guid":{"rendered":"https:\/\/www.billy-montigny.fr\/site\/?page_id=3193"},"modified":"2026-04-23T15:06:28","modified_gmt":"2026-04-23T13:06:28","slug":"aide-a-limplantation-de-commerce","status":"publish","type":"page","link":"https:\/\/www.billy-montigny.fr\/site\/en-un-clic\/commerces\/aide-a-limplantation-de-commerce\/","title":{"rendered":"Aide \u00e0 l&rsquo;implantation de commerce"},"content":{"rendered":"<p>Veuillez trouver ci-joint l&rsquo;ensemble des documents requis afin de monter votre dossier d&rsquo;aide \u00e0 l&rsquo;implantation de commerce.<\/p>\n<p style=\"text-align: center;\"><a href=\"https:\/\/www.billy-montigny.fr\/site\/wp-content\/uploads\/2021\/06\/DOSSIER-DE-DEMANDE-DE-SUBVENTION-IMPLANTATION.pdf\" target=\"_blank\" rel=\"noopener\">Dossier de demande de subvention<\/a><br \/>\n<a href=\"https:\/\/www.billy-montigny.fr\/site\/wp-content\/uploads\/2021\/06\/Lettre-dintention-Implantation.pdf\" target=\"_blank\" rel=\"noopener\">Lettre d&rsquo;intention<\/a><br \/>\n<a href=\"https:\/\/www.billy-montigny.fr\/site\/wp-content\/uploads\/2021\/06\/Reglement-Aide-a-limplantation.pdf\" target=\"_blank\" rel=\"noopener\">R\u00e8glement &#8211; Aide \u00e0 l&rsquo;implantation<\/a><\/p>\n<p>Il est imp\u00e9ratif de compl\u00e9ter l&rsquo;int\u00e9gralit\u00e9 des documents avant toute prise de rendez-vous avec l&rsquo;\u00e9lu en charge des dossiers.<\/p>\n<p>&nbsp;<\/p>\n","protected":false},"excerpt":{"rendered":"<p>Veuillez trouver ci-joint l&rsquo;ensemble des documents requis afin de monter votre dossier d&rsquo;aide \u00e0 l&rsquo;implantation de commerce. Dossier de demande de subvention Lettre d&rsquo;intention R\u00e8glement &#8211; Aide \u00e0 l&rsquo;implantation Il est imp\u00e9ratif de compl\u00e9ter l&rsquo;int\u00e9gralit\u00e9 des documents avant toute prise de rendez-vous avec l&rsquo;\u00e9lu en charge des dossiers. &nbsp;<\/p>\n","protected":false},"author":3,"featured_media":0,"parent":3191,"menu_order":0,"comment_status":"closed","ping_status":"closed","template":"","meta":{"footnotes":""},"class_list":["post-3193","page","type-page","status-publish","hentry"],"publishpress_future_action":{"enabled":false,"date":"2026-05-09 18:07:33","action":"change-status","newStatus":"draft","terms":[],"taxonomy":"","extraData":[]},"publishpress_future_workflow_manual_trigger":{"enabledWorkflows":[]},"_links":{"self":[{"href":"https:\/\/www.billy-montigny.fr\/site\/wp-json\/wp\/v2\/pages\/3193","targetHints":{"allow":["GET"]}}],"collection":[{"href":"https:\/\/www.billy-montigny.fr\/site\/wp-json\/wp\/v2\/pages"}],"about":[{"href":"https:\/\/www.billy-montigny.fr\/site\/wp-json\/wp\/v2\/types\/page"}],"author":[{"embeddable":true,"href":"https:\/\/www.billy-montigny.fr\/site\/wp-json\/wp\/v2\/users\/3"}],"replies":[{"embeddable":true,"href":"https:\/\/www.billy-montigny.fr\/site\/wp-json\/wp\/v2\/comments?post=3193"}],"version-history":[{"count":2,"href":"https:\/\/www.billy-montigny.fr\/site\/wp-json\/wp\/v2\/pages\/3193\/revisions"}],"predecessor-version":[{"id":6186,"href":"https:\/\/www.billy-montigny.fr\/site\/wp-json\/wp\/v2\/pages\/3193\/revisions\/6186"}],"up":[{"embeddable":true,"href":"https:\/\/www.billy-montigny.fr\/site\/wp-json\/wp\/v2\/pages\/3191"}],"wp:attachment":[{"href":"https:\/\/www.billy-montigny.fr\/site\/wp-json\/wp\/v2\/media?parent=3193"}],"curies":[{"name":"wp","href":"https:\/\/api.w.org\/{rel}","templated":true}]}}