{"id":301,"date":"2017-10-20T16:47:38","date_gmt":"2017-10-20T14:47:38","guid":{"rendered":"https:\/\/www.billy-montigny.fr\/site\/?page_id=301"},"modified":"2018-01-26T17:30:36","modified_gmt":"2018-01-26T16:30:36","slug":"livretdefamille","status":"publish","type":"page","link":"https:\/\/www.billy-montigny.fr\/site\/en-un-clic\/livretdefamille\/","title":{"rendered":"Demande de livret de famille"},"content":{"rendered":"<h5><strong>Demande de livret de famille<\/strong><\/h5>\n<p>Document \u00e0 t\u00e9l\u00e9charger, imprimer, et remettre rempli au service \u00e9tat civil de la mairie :<\/p>\n<ul style=\"list-style-type: square;\">\n<li><a href=\"https:\/\/www.billy-montigny.fr\/site\/wp-content\/uploads\/2017\/10\/Demande-de-livret-de-famille.pdf\">Demande de livret de famille<\/a><\/li>\n<\/ul>\n","protected":false},"excerpt":{"rendered":"<p>Demande de livret de famille Document \u00e0 t\u00e9l\u00e9charger, imprimer, et remettre rempli au service \u00e9tat civil de la mairie : Demande de livret de famille<\/p>\n","protected":false},"author":3,"featured_media":0,"parent":348,"menu_order":0,"comment_status":"closed","ping_status":"closed","template":"","meta":{"footnotes":""},"class_list":["post-301","page","type-page","status-publish","hentry"],"publishpress_future_action":{"enabled":false,"date":"2026-05-08 16:09:25","action":"change-status","newStatus":"draft","terms":[],"taxonomy":"","extraData":[]},"publishpress_future_workflow_manual_trigger":{"enabledWorkflows":[]},"_links":{"self":[{"href":"https:\/\/www.billy-montigny.fr\/site\/wp-json\/wp\/v2\/pages\/301","targetHints":{"allow":["GET"]}}],"collection":[{"href":"https:\/\/www.billy-montigny.fr\/site\/wp-json\/wp\/v2\/pages"}],"about":[{"href":"https:\/\/www.billy-montigny.fr\/site\/wp-json\/wp\/v2\/types\/page"}],"author":[{"embeddable":true,"href":"https:\/\/www.billy-montigny.fr\/site\/wp-json\/wp\/v2\/users\/3"}],"replies":[{"embeddable":true,"href":"https:\/\/www.billy-montigny.fr\/site\/wp-json\/wp\/v2\/comments?post=301"}],"version-history":[{"count":14,"href":"https:\/\/www.billy-montigny.fr\/site\/wp-json\/wp\/v2\/pages\/301\/revisions"}],"predecessor-version":[{"id":779,"href":"https:\/\/www.billy-montigny.fr\/site\/wp-json\/wp\/v2\/pages\/301\/revisions\/779"}],"up":[{"embeddable":true,"href":"https:\/\/www.billy-montigny.fr\/site\/wp-json\/wp\/v2\/pages\/348"}],"wp:attachment":[{"href":"https:\/\/www.billy-montigny.fr\/site\/wp-json\/wp\/v2\/media?parent=301"}],"curies":[{"name":"wp","href":"https:\/\/api.w.org\/{rel}","templated":true}]}}