{"id":2729,"date":"2020-08-04T10:24:53","date_gmt":"2020-08-04T08:24:53","guid":{"rendered":"https:\/\/www.billy-montigny.fr\/site\/?page_id=2729"},"modified":"2020-08-04T10:24:53","modified_gmt":"2020-08-04T08:24:53","slug":"stade-paul-guerre","status":"publish","type":"page","link":"https:\/\/www.billy-montigny.fr\/site\/stade-paul-guerre\/","title":{"rendered":"Stade Paul Guerre"},"content":{"rendered":"<p><a href=\"https:\/\/www.billy-montigny.fr\/site\/wp-content\/uploads\/2020\/08\/panorama1-scaled.jpg\"><img loading=\"lazy\" decoding=\"async\" class=\"aligncenter wp-image-2730 size-large\" src=\"https:\/\/www.billy-montigny.fr\/site\/wp-content\/uploads\/2020\/08\/panorama1-1024x334.jpg\" alt=\"\" width=\"640\" height=\"209\" srcset=\"https:\/\/www.billy-montigny.fr\/site\/wp-content\/uploads\/2020\/08\/panorama1-1024x334.jpg 1024w, https:\/\/www.billy-montigny.fr\/site\/wp-content\/uploads\/2020\/08\/panorama1-300x98.jpg 300w, https:\/\/www.billy-montigny.fr\/site\/wp-content\/uploads\/2020\/08\/panorama1-768x251.jpg 768w, https:\/\/www.billy-montigny.fr\/site\/wp-content\/uploads\/2020\/08\/panorama1-1536x501.jpg 1536w, https:\/\/www.billy-montigny.fr\/site\/wp-content\/uploads\/2020\/08\/panorama1-2048x668.jpg 2048w, https:\/\/www.billy-montigny.fr\/site\/wp-content\/uploads\/2020\/08\/panorama1-400x130.jpg 400w, https:\/\/www.billy-montigny.fr\/site\/wp-content\/uploads\/2020\/08\/panorama1-1170x382.jpg 1170w, https:\/\/www.billy-montigny.fr\/site\/wp-content\/uploads\/2020\/08\/panorama1-380x124.jpg 380w, https:\/\/www.billy-montigny.fr\/site\/wp-content\/uploads\/2020\/08\/panorama1-110x36.jpg 110w\" sizes=\"auto, (max-width: 640px) 100vw, 640px\" \/><\/a><\/p>\n<p><strong>Adresse :<\/strong> rue de la Convention<\/p>\n<p><strong>Horaires d&rsquo;ouverture :<\/strong><\/p>\n<ul>\n<li><span class=\"text_exposed_show\">du lundi au vendredi de 8h30 \u00e0 12h et de 13h30 \u00e0 21h30.<\/span><\/li>\n<li><span class=\"text_exposed_show\">le samedi de 8h30 \u00e0 21h30.<\/span><\/li>\n<li><span class=\"text_exposed_show\">le dimanche de 8h30 \u00e0 19h.<\/span><\/li>\n<\/ul>\n","protected":false},"excerpt":{"rendered":"<p>Adresse : rue de la Convention Horaires d&rsquo;ouverture : du lundi au vendredi de 8h30 \u00e0 12h et de 13h30 \u00e0 21h30. le samedi de 8h30 \u00e0 21h30. le dimanche de 8h30 \u00e0 19h.<\/p>\n","protected":false},"author":3,"featured_media":0,"parent":0,"menu_order":0,"comment_status":"closed","ping_status":"closed","template":"","meta":{"footnotes":""},"class_list":["post-2729","page","type-page","status-publish","hentry"],"publishpress_future_action":{"enabled":false,"date":"2026-04-21 23:36:51","action":"change-status","newStatus":"draft","terms":[],"taxonomy":"","extraData":[]},"publishpress_future_workflow_manual_trigger":{"enabledWorkflows":[]},"_links":{"self":[{"href":"https:\/\/www.billy-montigny.fr\/site\/wp-json\/wp\/v2\/pages\/2729","targetHints":{"allow":["GET"]}}],"collection":[{"href":"https:\/\/www.billy-montigny.fr\/site\/wp-json\/wp\/v2\/pages"}],"about":[{"href":"https:\/\/www.billy-montigny.fr\/site\/wp-json\/wp\/v2\/types\/page"}],"author":[{"embeddable":true,"href":"https:\/\/www.billy-montigny.fr\/site\/wp-json\/wp\/v2\/users\/3"}],"replies":[{"embeddable":true,"href":"https:\/\/www.billy-montigny.fr\/site\/wp-json\/wp\/v2\/comments?post=2729"}],"version-history":[{"count":1,"href":"https:\/\/www.billy-montigny.fr\/site\/wp-json\/wp\/v2\/pages\/2729\/revisions"}],"predecessor-version":[{"id":2731,"href":"https:\/\/www.billy-montigny.fr\/site\/wp-json\/wp\/v2\/pages\/2729\/revisions\/2731"}],"wp:attachment":[{"href":"https:\/\/www.billy-montigny.fr\/site\/wp-json\/wp\/v2\/media?parent=2729"}],"curies":[{"name":"wp","href":"https:\/\/api.w.org\/{rel}","templated":true}]}}