{"id":194,"date":"2017-06-29T15:15:48","date_gmt":"2017-06-29T13:15:48","guid":{"rendered":"https:\/\/www.billy-montigny.fr\/site\/?page_id=194"},"modified":"2026-02-26T17:39:10","modified_gmt":"2026-02-26T16:39:10","slug":"culture","status":"publish","type":"page","link":"https:\/\/www.billy-montigny.fr\/site\/vivre-a-billy-montigny\/culture\/","title":{"rendered":"Culture"},"content":{"rendered":"<h3 style=\"text-align: center;\">Espace culturel L\u00e9on Delfosse<\/h3>\n<div><img loading=\"lazy\" decoding=\"async\" class=\"wp-image-1854 size-large aligncenter\" src=\"https:\/\/www.billy-montigny.fr\/site\/wp-content\/uploads\/2019\/03\/IMG_4982-1024x683.jpg\" alt=\"\" width=\"640\" height=\"427\" srcset=\"https:\/\/www.billy-montigny.fr\/site\/wp-content\/uploads\/2019\/03\/IMG_4982-1024x683.jpg 1024w, https:\/\/www.billy-montigny.fr\/site\/wp-content\/uploads\/2019\/03\/IMG_4982-300x200.jpg 300w, https:\/\/www.billy-montigny.fr\/site\/wp-content\/uploads\/2019\/03\/IMG_4982-768x512.jpg 768w, https:\/\/www.billy-montigny.fr\/site\/wp-content\/uploads\/2019\/03\/IMG_4982-400x267.jpg 400w, https:\/\/www.billy-montigny.fr\/site\/wp-content\/uploads\/2019\/03\/IMG_4982-1170x780.jpg 1170w, https:\/\/www.billy-montigny.fr\/site\/wp-content\/uploads\/2019\/03\/IMG_4982-380x253.jpg 380w, https:\/\/www.billy-montigny.fr\/site\/wp-content\/uploads\/2019\/03\/IMG_4982-110x73.jpg 110w\" sizes=\"auto, (max-width: 640px) 100vw, 640px\" \/><b>Adresse<\/b> : <span class=\"LrzXr\">2 Avenue des Bureaux Centraux, 62420 Billy-Montigny<\/span><br \/>\n<b>T\u00e9l\u00e9phone<\/b> : <span class=\"LrzXr zdqRlf kno-fv\">03.21.49.68.94<\/span><br \/>\n<b>Mail<\/b> : francois.care@billy-montigny.fr<br \/>\n<b>Site<\/b> : <a href=\"https:\/\/fr-fr.facebook.com\/espaceculturelleondelfosse\" target=\"_blank\" rel=\"noopener noreferrer\">https:\/\/fr-fr.facebook.com\/espaceculturelleondelfosse<\/a><\/div>\n<pre class=\"gmail-jss403\"><\/pre>\n<div><center><iframe loading=\"lazy\" style=\"border: none;\" title=\"widget-picto-e36ee99a-d98f-48d2-8c3b-da990448a4f4\" src=\"https:\/\/widget.pictoaccess.fr\/accessibility?uid=e36ee99a-d98f-48d2-8c3b-da990448a4f4&amp;button-color=81c25d\" width=\"400\" height=\"200\"><br \/>\n<\/iframe><\/center><\/p>\n<hr \/>\n<h3 class=\"texte\" style=\"text-align: center;\">\u00a0<strong><span style=\"color: #ff0000;\"><span style=\"color: #000000;\">M\u00e9diath\u00e8que Nelson Madiba Mandela<\/span><\/span><\/strong><\/h3>\n<div>\n<p><img loading=\"lazy\" decoding=\"async\" class=\"aligncenter size-large wp-image-200\" src=\"https:\/\/www.billy-montigny.fr\/site\/wp-content\/uploads\/2017\/06\/M\u00e9diath\u00e8que-Nelson-Madiba-Mandela-1024x683.jpg\" alt=\"\" width=\"640\" height=\"427\" srcset=\"https:\/\/www.billy-montigny.fr\/site\/wp-content\/uploads\/2017\/06\/M\u00e9diath\u00e8que-Nelson-Madiba-Mandela-1024x683.jpg 1024w, https:\/\/www.billy-montigny.fr\/site\/wp-content\/uploads\/2017\/06\/M\u00e9diath\u00e8que-Nelson-Madiba-Mandela-300x200.jpg 300w, https:\/\/www.billy-montigny.fr\/site\/wp-content\/uploads\/2017\/06\/M\u00e9diath\u00e8que-Nelson-Madiba-Mandela-768x513.jpg 768w, https:\/\/www.billy-montigny.fr\/site\/wp-content\/uploads\/2017\/06\/M\u00e9diath\u00e8que-Nelson-Madiba-Mandela-896x598.jpg 896w, https:\/\/www.billy-montigny.fr\/site\/wp-content\/uploads\/2017\/06\/M\u00e9diath\u00e8que-Nelson-Madiba-Mandela-1170x781.jpg 1170w, https:\/\/www.billy-montigny.fr\/site\/wp-content\/uploads\/2017\/06\/M\u00e9diath\u00e8que-Nelson-Madiba-Mandela-320x214.jpg 320w, https:\/\/www.billy-montigny.fr\/site\/wp-content\/uploads\/2017\/06\/M\u00e9diath\u00e8que-Nelson-Madiba-Mandela-272x182.jpg 272w\" sizes=\"auto, (max-width: 640px) 100vw, 640px\" \/><\/p>\n<p><b>Adresse<\/b>\u00a0: Rue Pasteur 62420 Billy-Montigny<br \/>\n<b>T\u00e9l\u00e9phone<\/b>\u00a0: 03.21.49.08.59<br \/>\n<b>Mail<\/b> : mediatheque@billy-montigny.fr<br \/>\n<b>Site<\/b> : <a href=\"https:\/\/www.portailrelire.fr\/reseau\/billy-montigny-mediatheque-nelson-mandela\" target=\"_blank\" rel=\"noopener\">https:\/\/www.portailrelire.fr\/reseau\/billy-montigny-mediatheque-nelson-mandela<\/a><\/p>\n<table class=\"aligncenter\" style=\"width: 463.733px; border-color: #000000;\" border=\"2\" cellspacing=\"0\" cellpadding=\"2\">\n<colgroup>\n<col width=\"71\" \/>\n<col width=\"238\" \/><\/colgroup>\n<tbody>\n<tr>\n<td style=\"width: 461.733px;\" colspan=\"2\">\n<p style=\"text-align: center;\" align=\"center\"><strong><span style=\"color: #ff0000;\">Horaires d\u2019ouverture<br \/>\n<\/span><\/strong><\/p>\n<\/td>\n<\/tr>\n<tr>\n<td style=\"width: 188px;\">\n<p align=\"center\"><b>Mardi<\/b><\/p>\n<\/td>\n<td style=\"width: 273.733px;\">\n<p align=\"center\">14h00 \u00e0 19h00<\/p>\n<\/td>\n<\/tr>\n<tr>\n<td style=\"width: 188px;\">\n<p align=\"center\"><b>Mercredi<\/b><\/p>\n<\/td>\n<td style=\"width: 273.733px;\">\n<p align=\"center\">10h00 \u00e0 12h00<br \/>\net de 14h00 \u00e0 18h00<\/p>\n<\/td>\n<\/tr>\n<tr>\n<td style=\"width: 188px;\">\n<p align=\"center\"><b>Jeudi<\/b><\/p>\n<\/td>\n<td style=\"width: 273.733px;\">\n<p align=\"center\">14h00 \u00e0 18h00<\/p>\n<\/td>\n<\/tr>\n<tr>\n<td style=\"width: 188px;\">\n<p align=\"center\"><b>Vendredi<\/b><\/p>\n<\/td>\n<td style=\"width: 273.733px;\">\n<p align=\"center\">14h00 \u00e0 18h00<\/p>\n<\/td>\n<\/tr>\n<tr>\n<td style=\"width: 188px;\">\n<p align=\"center\"><b>Samedi<\/b><\/p>\n<\/td>\n<td style=\"width: 273.733px;\">\n<p align=\"center\">10h00 \u00e0 12h00<br \/>\net de 14h \u00e0 17h<\/p>\n<\/td>\n<\/tr>\n<\/tbody>\n<\/table>\n<p><b>Conditions d\u2019inscription<\/b><\/p>\n<p>L\u2019inscription, gratuite, est obligatoire pour tout emprunt de documents, ainsi que pour la consultation des postes multim\u00e9dia.<br \/>\nLes pi\u00e8ces \u00e0 pr\u00e9senter lors de l\u2019inscription sont les suivantes\u00a0:<\/p>\n<ul>\n<li><strong><i>Une pi\u00e8ce d\u2019identit\u00e9 en cours de validit\u00e9<\/i><\/strong> (carte nationale d\u2019identit\u00e9, passeport ou permis de conduire, carte de s\u00e9jour)<\/li>\n<li><strong><i>Un justificatif de domicile<\/i><\/strong> pour les Billysiens<\/li>\n<li>Pour les mineurs\u00a0: une autorisation des parents ou du responsable l\u00e9gal ainsi que <strong><i>la carte jeune<\/i><\/strong><\/li>\n<\/ul>\n<p><b>Consultation et pr\u00eat des documents<\/b><\/p>\n<p>Chaque abonn\u00e9 peut emprunter\u00a0:<\/p>\n<ul>\n<li>3 livres pour 3 semaines<\/li>\n<li>2 p\u00e9riodiques pour 2 semaines except\u00e9 le dernier num\u00e9ro<\/li>\n<li>2 supports parmi les CD, DVD ou jeux vid\u00e9o pour 2 semaines<\/li>\n<\/ul>\n<p><b>Impressions et photocopies<\/b><\/p>\n<table class=\"aligncenter\" style=\"height: 314px; width: 440px; border-color: #000000;\" border=\"2\" cellspacing=\"0\" cellpadding=\"2\">\n<colgroup>\n<col width=\"338\" \/>\n<col width=\"95\" \/><\/colgroup>\n<tbody>\n<tr style=\"height: 59px;\">\n<td style=\"width: 434.4px; height: 59px;\" colspan=\"2\">\n<p align=\"center\"><strong><span style=\"color: #ff0000;\">Tarifs<\/span><\/strong><\/p>\n<\/td>\n<\/tr>\n<tr style=\"height: 83px;\">\n<td style=\"width: 339.4px; height: 83px;\">\n<p align=\"center\"><b>Carte de 50 impressions couleur, format A4<\/b><\/p>\n<\/td>\n<td style=\"width: 95px; height: 83px;\">\n<p align=\"center\">10 \u20ac<\/p>\n<\/td>\n<\/tr>\n<tr style=\"height: 83px;\">\n<td style=\"width: 339.4px; height: 83px;\">\n<p align=\"center\"><b>Carte de 50 impressions noir et blanc, format A4<\/b><\/p>\n<\/td>\n<td style=\"width: 95px; height: 83px;\">\n<p align=\"center\">5 \u20ac<\/p>\n<\/td>\n<\/tr>\n<tr style=\"height: 74.5667px;\">\n<td style=\"width: 339.4px; height: 74.5667px;\">\n<p align=\"center\"><b>Photocopie<\/b><\/p>\n<\/td>\n<td style=\"width: 95px; height: 74.5667px;\">\n<p align=\"center\">0,20 \u20ac l\u2019unit\u00e9<\/p>\n<\/td>\n<\/tr>\n<\/tbody>\n<\/table>\n<\/div>\n<div><\/div>\n<div><\/div>\n<div><\/div>\n<div><\/div>\n<p><center><iframe loading=\"lazy\" style=\"border: none;\" title=\"widget-picto-e5c76609-377b-4c46-8a9a-d70ba251a65a\" src=\"https:\/\/widget.pictoaccess.fr\/accessibility?uid=e5c76609-377b-4c46-8a9a-d70ba251a65a&amp;button-color=81c25d\" width=\"400\" height=\"200\"><br \/>\n<\/iframe><\/center><\/p>\n<div>\n<hr \/>\n<h3 align=\"center\"><strong><span style=\"color: #ff0000;\"><span style=\"color: #000000;\">Espace Cyber-base<\/span><\/span><\/strong><\/h3>\n<\/div>\n<p>&nbsp;<\/p>\n<p><img loading=\"lazy\" decoding=\"async\" class=\"aligncenter size-large wp-image-211\" src=\"https:\/\/www.billy-montigny.fr\/site\/wp-content\/uploads\/2017\/06\/Cyberbase-1024x681.jpg\" alt=\"\" width=\"640\" height=\"426\" srcset=\"https:\/\/www.billy-montigny.fr\/site\/wp-content\/uploads\/2017\/06\/Cyberbase-1024x681.jpg 1024w, https:\/\/www.billy-montigny.fr\/site\/wp-content\/uploads\/2017\/06\/Cyberbase-300x199.jpg 300w, https:\/\/www.billy-montigny.fr\/site\/wp-content\/uploads\/2017\/06\/Cyberbase-768x511.jpg 768w, https:\/\/www.billy-montigny.fr\/site\/wp-content\/uploads\/2017\/06\/Cyberbase-899x598.jpg 899w, https:\/\/www.billy-montigny.fr\/site\/wp-content\/uploads\/2017\/06\/Cyberbase-1170x778.jpg 1170w, https:\/\/www.billy-montigny.fr\/site\/wp-content\/uploads\/2017\/06\/Cyberbase-320x213.jpg 320w, https:\/\/www.billy-montigny.fr\/site\/wp-content\/uploads\/2017\/06\/Cyberbase-272x182.jpg 272w\" sizes=\"auto, (max-width: 640px) 100vw, 640px\" \/><\/p>\n<div>\n<p style=\"text-align: left;\" align=\"center\">Espace Public Num\u00e9rique \u00ab\u00a0Louvre-Lens\u00a0\u00bb de Billy-Montigny<br \/>\nRue Jules Guesde 62420 Billy Montigny<br \/>\n<strong>Tel\u00a0:<\/strong> 09.64.14.33.62<br \/>\n<strong>Mail\u00a0:<\/strong> cyberbase@billy-montigny.fr<br \/>\n<strong>\u00a0Ouverture <\/strong>: vendredi de 9h \u00e0 12h.<\/p>\n<p align=\"center\"><span style=\"color: #ff0000;\"><strong>Tarifs<\/strong><\/span><\/p>\n<p style=\"text-align: center;\"><strong>Billysiens\u00a0:<\/strong> 10 \u20ac \/ an<br \/>\n<strong>Ext\u00e9rieurs\u00a0:<\/strong> 20 \u20ac \/ an<\/p>\n<p align=\"center\">Gratuit pour les billysiens d\u00e9tenteurs de la carte jeune, moins de 18 ans.<\/p>\n<p align=\"center\">Gratuit pour les \u00e9tudiants et demandeurs d\u2019emploi, sur pr\u00e9sentation d\u2019un justificatif.<\/p>\n<p align=\"center\">Ateliers (r\u00e9serv\u00e9s aux adh\u00e9rents)\u00a0: gratuits<\/p>\n<p align=\"center\">Carte de 50 impressions au format A4, noir et blanc : 5 \u20ac<br \/>\nCarte de 50 impressions au format A4, couleur : 10 \u20ac<\/p>\n<\/div>\n<hr \/>\n<p align=\"center\"><img loading=\"lazy\" decoding=\"async\" class=\"aligncenter size-large wp-image-213\" src=\"https:\/\/www.billy-montigny.fr\/site\/wp-content\/uploads\/2017\/06\/Espace-Culturel-L\u00e9o-Ferr\u00e9-1024x683.jpg\" alt=\"\" width=\"640\" height=\"427\" srcset=\"https:\/\/www.billy-montigny.fr\/site\/wp-content\/uploads\/2017\/06\/Espace-Culturel-L\u00e9o-Ferr\u00e9-1024x683.jpg 1024w, https:\/\/www.billy-montigny.fr\/site\/wp-content\/uploads\/2017\/06\/Espace-Culturel-L\u00e9o-Ferr\u00e9-300x200.jpg 300w, https:\/\/www.billy-montigny.fr\/site\/wp-content\/uploads\/2017\/06\/Espace-Culturel-L\u00e9o-Ferr\u00e9-768x513.jpg 768w, https:\/\/www.billy-montigny.fr\/site\/wp-content\/uploads\/2017\/06\/Espace-Culturel-L\u00e9o-Ferr\u00e9-896x598.jpg 896w, https:\/\/www.billy-montigny.fr\/site\/wp-content\/uploads\/2017\/06\/Espace-Culturel-L\u00e9o-Ferr\u00e9-1170x781.jpg 1170w, https:\/\/www.billy-montigny.fr\/site\/wp-content\/uploads\/2017\/06\/Espace-Culturel-L\u00e9o-Ferr\u00e9-320x214.jpg 320w, https:\/\/www.billy-montigny.fr\/site\/wp-content\/uploads\/2017\/06\/Espace-Culturel-L\u00e9o-Ferr\u00e9-272x182.jpg 272w\" sizes=\"auto, (max-width: 640px) 100vw, 640px\" \/><\/p>\n<p>&nbsp;<\/p>\n<h3 style=\"text-align: center;\"><strong><span style=\"color: #000000;\">\u00c9cole municipale de musique<\/span><\/strong><\/h3>\n<p><strong><span style=\"color: #000000;\">Adresse<\/span><\/strong><span style=\"color: #000000;\"><br \/>\nEspace Culturel L\u00e9o Ferr\u00e9<br \/>\nAvenue de la Fosse 2<br \/>\n62420 Billy-Montigny<\/span><\/p>\n<p><span style=\"color: #000000;\"><br \/>\n<\/span><strong><span style=\"color: #000000;\">Contact<\/span><\/strong><span style=\"color: #000000;\"><br \/>\nPatrick GUERLET<br \/>\nT\u00e9l\u00a0: 03.21.76.03.88<br \/>\nMail : ecole.musique@billy-montigny.fr<br \/>\n<\/span><\/p>\n<p><span style=\"color: #000000;\">Cours d\u2019instruments et formation musicale pour tout \u00e2ge.<\/span><\/p>\n<h3 class=\"western\" align=\"center\"><strong><span style=\"color: #000000;\">Soci\u00e9t\u00e9 Symphonique de Billy-Montigny<\/span><\/strong><\/h3>\n<p><strong><span style=\"color: #000000;\">Adresse<\/span><\/strong><span style=\"color: #000000;\"><br \/>\nEspace Culturel L\u00e9o Ferr\u00e9<br \/>\nAvenue de la Fosse 2<br \/>\n62420 Billy-Montigny<\/span><\/p>\n<p><span style=\"color: #000000;\"><br \/>\n<\/span><strong><span style=\"color: #000000;\">Contact<\/span><\/strong><span style=\"color: #000000;\"><br \/>\nR\u00e9gis VROOME<br \/>\nT\u00e9l : 06.84.86.05.47<br \/>\nMail : saxphonix@yahoo.fr<br \/>\n<\/span><\/p>\n<p><span style=\"color: #000000;\">Pratique r\u00e9guli\u00e8re de la musique en orchestre (non professionnel). Repr\u00e9sentations pluriannuelles en concert. Tous les jeudis de 19h30 \u00e0 21h.<\/span><\/p>\n<p>&nbsp;<\/p>\n<h3 class=\"western\" style=\"text-align: center;\" align=\"center\"><strong><span style=\"color: #000000;\">Chorale Hector Berlioz<\/span><\/strong><\/h3>\n<p><strong><span style=\"color: #000000;\">Adresse<\/span><\/strong><span style=\"color: #000000;\"><br \/>\nEspace Culturel L\u00e9o Ferr\u00e9<br \/>\nAvenue de la Fosse 2<br \/>\n62420 Billy-Montigny<\/span><\/p>\n<p><span style=\"color: #000000;\"><br \/>\n<\/span><strong><span style=\"color: #000000;\">Responsable<\/span><\/strong><span style=\"color: #000000;\"><br \/>\nJos\u00e9e GUILBERT<\/span><span style=\"color: #000000;\"><br \/>\nT\u00e9l : 03.21.75.02.84<br \/>\n<\/span><\/p>\n<p><span style=\"color: #000000;\">Chorale, organisation de concerts et de rencontres. \u00c0 partir de 12 ans. Tous les mercredis (hors vacances scolaire) de 19h \u00e0 20h30.<\/span><\/p>\n<\/div>\n","protected":false},"excerpt":{"rendered":"<p>Espace culturel L\u00e9on Delfosse Adresse : 2 Avenue des Bureaux Centraux, 62420 Billy-Montigny T\u00e9l\u00e9phone : 03.21.49.68.94 Mail : francois.care@billy-montigny.fr Site : https:\/\/fr-fr.facebook.com\/espaceculturelleondelfosse \u00a0M\u00e9diath\u00e8que Nelson Madiba Mandela Adresse\u00a0: Rue Pasteur 62420 Billy-Montigny T\u00e9l\u00e9phone\u00a0: 03.21.49.08.59 Mail : mediatheque@billy-montigny.fr Site : https:\/\/www.portailrelire.fr\/reseau\/billy-montigny-mediatheque-nelson-mandela Horaires d\u2019ouverture Mardi 14h00 \u00e0 19h00 Mercredi 10h00 \u00e0 12h00 et de 14h00 \u00e0 18h00 Jeudi [&hellip;]<\/p>\n","protected":false},"author":3,"featured_media":0,"parent":82,"menu_order":0,"comment_status":"closed","ping_status":"closed","template":"","meta":{"footnotes":""},"class_list":["post-194","page","type-page","status-publish","hentry"],"publishpress_future_action":{"enabled":false,"date":"2026-04-27 04:00:08","action":"change-status","newStatus":"draft","terms":[],"taxonomy":"","extraData":[]},"publishpress_future_workflow_manual_trigger":{"enabledWorkflows":[]},"_links":{"self":[{"href":"https:\/\/www.billy-montigny.fr\/site\/wp-json\/wp\/v2\/pages\/194","targetHints":{"allow":["GET"]}}],"collection":[{"href":"https:\/\/www.billy-montigny.fr\/site\/wp-json\/wp\/v2\/pages"}],"about":[{"href":"https:\/\/www.billy-montigny.fr\/site\/wp-json\/wp\/v2\/types\/page"}],"author":[{"embeddable":true,"href":"https:\/\/www.billy-montigny.fr\/site\/wp-json\/wp\/v2\/users\/3"}],"replies":[{"embeddable":true,"href":"https:\/\/www.billy-montigny.fr\/site\/wp-json\/wp\/v2\/comments?post=194"}],"version-history":[{"count":49,"href":"https:\/\/www.billy-montigny.fr\/site\/wp-json\/wp\/v2\/pages\/194\/revisions"}],"predecessor-version":[{"id":6095,"href":"https:\/\/www.billy-montigny.fr\/site\/wp-json\/wp\/v2\/pages\/194\/revisions\/6095"}],"up":[{"embeddable":true,"href":"https:\/\/www.billy-montigny.fr\/site\/wp-json\/wp\/v2\/pages\/82"}],"wp:attachment":[{"href":"https:\/\/www.billy-montigny.fr\/site\/wp-json\/wp\/v2\/media?parent=194"}],"curies":[{"name":"wp","href":"https:\/\/api.w.org\/{rel}","templated":true}]}}