{"id":1867,"date":"2019-03-26T10:51:26","date_gmt":"2019-03-26T09:51:26","guid":{"rendered":"https:\/\/www.billy-montigny.fr\/site\/?page_id=1867"},"modified":"2026-05-05T17:23:15","modified_gmt":"2026-05-05T15:23:15","slug":"demande-de-derogation-scolaire","status":"publish","type":"page","link":"https:\/\/www.billy-montigny.fr\/site\/en-un-clic\/scolarite\/demande-de-derogation-scolaire\/","title":{"rendered":"Demande de d\u00e9rogation scolaire"},"content":{"rendered":"<p>Une d\u00e9rogation est \u00e0 demander pour scolariser votre enfant dans une \u00e9cole hors de votre secteur, ou dans une autre ville.<br \/>\n<b>Dor\u00e9navant, elles sont accord\u00e9es par cycle : cycle maternelle, cycle primaire. Plus de renouvellement \u00e0 faire chaque<\/b> <strong>ann\u00e9e<\/strong>.<\/p>\n<p>Une fois l\u2019imprim\u00e9 compl\u00e9t\u00e9, avec les justificatifs, vous devez rencontrer un adjoint au maire afin de finaliser la demande.<\/p>\n<p style=\"text-align: center;\"><a href=\"https:\/\/www.billy-montigny.fr\/site\/wp-content\/uploads\/2026\/05\/Imprime-de-derogation2.pdf\" target=\"_blank\" rel=\"noopener\"><img loading=\"lazy\" decoding=\"async\" class=\"aligncenter wp-image-5269 size-medium\" src=\"https:\/\/www.billy-montigny.fr\/site\/wp-content\/uploads\/2025\/01\/Imprime-de-derogation-212x300.jpg\" alt=\"\" width=\"212\" height=\"300\" srcset=\"https:\/\/www.billy-montigny.fr\/site\/wp-content\/uploads\/2025\/01\/Imprime-de-derogation-212x300.jpg 212w, https:\/\/www.billy-montigny.fr\/site\/wp-content\/uploads\/2025\/01\/Imprime-de-derogation-724x1024.jpg 724w, https:\/\/www.billy-montigny.fr\/site\/wp-content\/uploads\/2025\/01\/Imprime-de-derogation-768x1086.jpg 768w, https:\/\/www.billy-montigny.fr\/site\/wp-content\/uploads\/2025\/01\/Imprime-de-derogation-1086x1536.jpg 1086w, https:\/\/www.billy-montigny.fr\/site\/wp-content\/uploads\/2025\/01\/Imprime-de-derogation-283x400.jpg 283w, https:\/\/www.billy-montigny.fr\/site\/wp-content\/uploads\/2025\/01\/Imprime-de-derogation-1170x1655.jpg 1170w, https:\/\/www.billy-montigny.fr\/site\/wp-content\/uploads\/2025\/01\/Imprime-de-derogation-380x538.jpg 380w, https:\/\/www.billy-montigny.fr\/site\/wp-content\/uploads\/2025\/01\/Imprime-de-derogation-78x110.jpg 78w, https:\/\/www.billy-montigny.fr\/site\/wp-content\/uploads\/2025\/01\/Imprime-de-derogation.jpg 1240w\" sizes=\"auto, (max-width: 212px) 100vw, 212px\" \/><\/a><\/p>\n","protected":false},"excerpt":{"rendered":"<p>Une d\u00e9rogation est \u00e0 demander pour scolariser votre enfant dans une \u00e9cole hors de votre secteur, ou dans une autre ville. Dor\u00e9navant, elles sont accord\u00e9es par cycle : cycle maternelle, cycle primaire. Plus de renouvellement \u00e0 faire chaque ann\u00e9e. Une fois l\u2019imprim\u00e9 compl\u00e9t\u00e9, avec les justificatifs, vous devez rencontrer un adjoint au maire afin de [&hellip;]<\/p>\n","protected":false},"author":3,"featured_media":0,"parent":1395,"menu_order":0,"comment_status":"closed","ping_status":"closed","template":"","meta":{"footnotes":""},"class_list":["post-1867","page","type-page","status-publish","hentry"],"publishpress_future_action":{"enabled":false,"date":"2026-05-19 14:52:17","action":"change-status","newStatus":"draft","terms":[],"taxonomy":"","extraData":[]},"publishpress_future_workflow_manual_trigger":{"enabledWorkflows":[]},"_links":{"self":[{"href":"https:\/\/www.billy-montigny.fr\/site\/wp-json\/wp\/v2\/pages\/1867","targetHints":{"allow":["GET"]}}],"collection":[{"href":"https:\/\/www.billy-montigny.fr\/site\/wp-json\/wp\/v2\/pages"}],"about":[{"href":"https:\/\/www.billy-montigny.fr\/site\/wp-json\/wp\/v2\/types\/page"}],"author":[{"embeddable":true,"href":"https:\/\/www.billy-montigny.fr\/site\/wp-json\/wp\/v2\/users\/3"}],"replies":[{"embeddable":true,"href":"https:\/\/www.billy-montigny.fr\/site\/wp-json\/wp\/v2\/comments?post=1867"}],"version-history":[{"count":15,"href":"https:\/\/www.billy-montigny.fr\/site\/wp-json\/wp\/v2\/pages\/1867\/revisions"}],"predecessor-version":[{"id":6251,"href":"https:\/\/www.billy-montigny.fr\/site\/wp-json\/wp\/v2\/pages\/1867\/revisions\/6251"}],"up":[{"embeddable":true,"href":"https:\/\/www.billy-montigny.fr\/site\/wp-json\/wp\/v2\/pages\/1395"}],"wp:attachment":[{"href":"https:\/\/www.billy-montigny.fr\/site\/wp-json\/wp\/v2\/media?parent=1867"}],"curies":[{"name":"wp","href":"https:\/\/api.w.org\/{rel}","templated":true}]}}