{"id":185,"date":"2017-06-29T15:04:47","date_gmt":"2017-06-29T13:04:47","guid":{"rendered":"https:\/\/www.billy-montigny.fr\/site\/?page_id=185"},"modified":"2020-05-12T17:07:33","modified_gmt":"2020-05-12T15:07:33","slug":"emploi-insertion","status":"publish","type":"page","link":"https:\/\/www.billy-montigny.fr\/site\/vivre-a-billy-montigny\/emploi-insertion\/","title":{"rendered":"Emploi, Insertion"},"content":{"rendered":"<h3 class=\"spip\">Le Point Information Jeunesse (PIJ)<\/h3>\n<p><img loading=\"lazy\" decoding=\"async\" class=\"aligncenter wp-image-1507 size-medium\" src=\"https:\/\/www.billy-montigny.fr\/site\/wp-content\/uploads\/2018\/10\/PIJ-300x280.jpg\" alt=\"\" width=\"300\" height=\"280\" \/><\/p>\n<p style=\"text-align: justify;\">Les objectifs du PIJ sont d\u2019accueillir, informer, pr\u00e9venir, \u00e9couter, orienter, renseigner tous les jeunes (12-25 ans) qui le souhaitent, sur tous les sujets qui touchent \u00e0 leur vie (sant\u00e9, logement, emploi, formation, loisirs, vacances&#8230;). Aide au montage de projet\u00a0; cr\u00e9ation d\u2019association&#8230;<\/p>\n<p><strong>Adresse\u00a0:<\/strong><br \/>\n6-8 rue \u00c9tienne Dolet<br \/>\n62420 Billy-Montigny<\/p>\n<table class=\"spip aligncenter\" style=\"width: 418.467px;\">\n<tbody>\n<tr class=\"row_even\">\n<td style=\"width: 416.467px; text-align: center;\" colspan=\"2\"><center><strong><span style=\"color: red;\">Horaires d\u2019ouverture\u00a0:<\/span><\/strong><\/center><\/td>\n<\/tr>\n<tr class=\"row_odd\">\n<td style=\"width: 203px; text-align: center;\"><strong>Lundi<\/strong><\/td>\n<td style=\"width: 213.467px; text-align: center;\"><center>8h30 \u00e0 12h \/\/ 14h \u00e0 17h30<\/center><\/td>\n<\/tr>\n<tr class=\"row_even\">\n<td style=\"width: 203px; text-align: center;\"><strong>Mardi<\/strong><\/td>\n<td style=\"width: 213.467px; text-align: center;\"><center>8h30 \u00e0 12h \/\/ 14h \u00e0 17h30<\/center><\/td>\n<\/tr>\n<tr class=\"row_odd\">\n<td style=\"width: 203px; text-align: center;\"><strong>Jeudi<\/strong><\/td>\n<td style=\"width: 213.467px; text-align: center;\"><center>8h30 \u00e0 12h \/\/ 14h \u00e0 17h30<\/center><\/td>\n<\/tr>\n<\/tbody>\n<\/table>\n<p>Pour prendre rendez-vous, veuillez contacter M. Alexandre LENOIR au 06 31 73 78 70.<\/p>\n","protected":false},"excerpt":{"rendered":"<p>Le Point Information Jeunesse (PIJ) Les objectifs du PIJ sont d\u2019accueillir, informer, pr\u00e9venir, \u00e9couter, orienter, renseigner tous les jeunes (12-25 ans) qui le souhaitent, sur tous les sujets qui touchent \u00e0 leur vie (sant\u00e9, logement, emploi, formation, loisirs, vacances&#8230;). Aide au montage de projet\u00a0; cr\u00e9ation d\u2019association&#8230; Adresse\u00a0: 6-8 rue \u00c9tienne Dolet 62420 Billy-Montigny Horaires d\u2019ouverture\u00a0: [&hellip;]<\/p>\n","protected":false},"author":3,"featured_media":0,"parent":82,"menu_order":0,"comment_status":"closed","ping_status":"closed","template":"","meta":{"footnotes":""},"class_list":["post-185","page","type-page","status-publish","hentry"],"publishpress_future_action":{"enabled":false,"date":"2026-04-23 09:29:11","action":"change-status","newStatus":"draft","terms":[],"taxonomy":"","extraData":[]},"publishpress_future_workflow_manual_trigger":{"enabledWorkflows":[]},"_links":{"self":[{"href":"https:\/\/www.billy-montigny.fr\/site\/wp-json\/wp\/v2\/pages\/185","targetHints":{"allow":["GET"]}}],"collection":[{"href":"https:\/\/www.billy-montigny.fr\/site\/wp-json\/wp\/v2\/pages"}],"about":[{"href":"https:\/\/www.billy-montigny.fr\/site\/wp-json\/wp\/v2\/types\/page"}],"author":[{"embeddable":true,"href":"https:\/\/www.billy-montigny.fr\/site\/wp-json\/wp\/v2\/users\/3"}],"replies":[{"embeddable":true,"href":"https:\/\/www.billy-montigny.fr\/site\/wp-json\/wp\/v2\/comments?post=185"}],"version-history":[{"count":9,"href":"https:\/\/www.billy-montigny.fr\/site\/wp-json\/wp\/v2\/pages\/185\/revisions"}],"predecessor-version":[{"id":2553,"href":"https:\/\/www.billy-montigny.fr\/site\/wp-json\/wp\/v2\/pages\/185\/revisions\/2553"}],"up":[{"embeddable":true,"href":"https:\/\/www.billy-montigny.fr\/site\/wp-json\/wp\/v2\/pages\/82"}],"wp:attachment":[{"href":"https:\/\/www.billy-montigny.fr\/site\/wp-json\/wp\/v2\/media?parent=185"}],"curies":[{"name":"wp","href":"https:\/\/api.w.org\/{rel}","templated":true}]}}