{"id":1760,"date":"2019-02-21T10:47:11","date_gmt":"2019-02-21T09:47:11","guid":{"rendered":"https:\/\/www.billy-montigny.fr\/site\/?page_id=1760"},"modified":"2019-02-21T10:52:28","modified_gmt":"2019-02-21T09:52:28","slug":"demande-de-medaille-dhonneur-du-travail","status":"publish","type":"page","link":"https:\/\/www.billy-montigny.fr\/site\/en-un-clic\/travail\/demande-de-medaille-dhonneur-du-travail\/","title":{"rendered":"Demande de M\u00e9daille d&rsquo;honneur du travail"},"content":{"rendered":"<p>La d\u00e9mat\u00e9rialisation de demande de M\u00e9daille d&rsquo;honneur du travail des candidats domicili\u00e9s dans le Pas-de-Calais est mise en place pour la<strong> promotion du 14 juillet 2019<\/strong>.<\/p>\n<p>Pour rappel, les M\u00e9dailles d\u2019honneur du travail sont d\u00e9cern\u00e9es par arr\u00eat\u00e9 pr\u00e9fectoral, deux fois par an :<br \/>\n&#8211; Promotion du 1er JANVIER : d\u00e9p\u00f4t des demandes obligatoirement <strong>avant le 15 octobre<\/strong><br \/>\n&#8211; Promotion du 14 JUILLET : d\u00e9p\u00f4t des demandes obligatoirement<strong> avant le 1er mai<\/strong><\/p>\n<p>Si votre demande est accept\u00e9e, un dipl\u00f4me vous sera d\u00e9cern\u00e9 et<strong> sera adress\u00e9 \u00e0 la mairie de votre domicile<\/strong> au cours du mois qui pr\u00e9c\u00e8de la date de la promotion concern\u00e9e.<\/p>\n<p>Retrouvez les Informations et pi\u00e8ces utiles au dossier sur le site de la Pr\u00e9fecture du Pas-de-Calais :<\/p>\n<p><a href=\"http:\/\/www.pas-de-calais.gouv.fr\/Politiquespubliques\/Citoyennete-jeunesse-sport-vie-associative\/Les-distinctions-honorifiques\">http:\/\/www.pas-de-calais.gouv.fr\/Politiquespubliques\/Citoyennete-jeunesse-sport-vie-associative\/Les-distinctions-honorifiques<\/a><\/p>\n<p>&nbsp;<\/p>\n<p>&nbsp;<\/p>\n<p>Afin de vous accompagner dans cette d\u00e9marche, la Pr\u00e9fecture a mis en place un petit guide explicatif que vous trouverez ci-dessous<\/p>\n<p style=\"text-align: center;\"><a href=\"https:\/\/www.billy-montigny.fr\/site\/wp-content\/uploads\/2019\/02\/Guide-explicatif-de-la-demande-en-ligne.pdf\">Guide explicatif de la demande en ligne<\/a><\/p>\n<p>&nbsp;<\/p>\n<p>Veuillez cliquer sur le lien ci-dessous afin de d\u00e9buter votre demande. Il vous sera possible d&rsquo;enregistrer un brouillon et de poursuivre ult\u00e9rieurement.<\/p>\n<p style=\"text-align: center;\"><a href=\"https:\/\/www.demarches-simplifiees.fr\/commencer\/demande-de-medaille-du-travail-pas-decalais\">https:\/\/www.demarches-simplifiees.fr\/commencer\/demande-de-medaille-du-travail-pas-decalais<\/a><\/p>\n<p>&nbsp;<\/p>\n<p style=\"text-align: center;\">\n","protected":false},"excerpt":{"rendered":"<p>La d\u00e9mat\u00e9rialisation de demande de M\u00e9daille d&rsquo;honneur du travail des candidats domicili\u00e9s dans le Pas-de-Calais est mise en place pour la promotion du 14 juillet 2019. Pour rappel, les M\u00e9dailles d\u2019honneur du travail sont d\u00e9cern\u00e9es par arr\u00eat\u00e9 pr\u00e9fectoral, deux fois par an : &#8211; Promotion du 1er JANVIER : d\u00e9p\u00f4t des demandes obligatoirement avant le [&hellip;]<\/p>\n","protected":false},"author":3,"featured_media":0,"parent":1757,"menu_order":0,"comment_status":"closed","ping_status":"closed","template":"","meta":{"footnotes":""},"class_list":["post-1760","page","type-page","status-publish","hentry"],"publishpress_future_action":{"enabled":false,"date":"2026-04-20 16:56:44","action":"change-status","newStatus":"draft","terms":[],"taxonomy":"","extraData":[]},"publishpress_future_workflow_manual_trigger":{"enabledWorkflows":[]},"_links":{"self":[{"href":"https:\/\/www.billy-montigny.fr\/site\/wp-json\/wp\/v2\/pages\/1760","targetHints":{"allow":["GET"]}}],"collection":[{"href":"https:\/\/www.billy-montigny.fr\/site\/wp-json\/wp\/v2\/pages"}],"about":[{"href":"https:\/\/www.billy-montigny.fr\/site\/wp-json\/wp\/v2\/types\/page"}],"author":[{"embeddable":true,"href":"https:\/\/www.billy-montigny.fr\/site\/wp-json\/wp\/v2\/users\/3"}],"replies":[{"embeddable":true,"href":"https:\/\/www.billy-montigny.fr\/site\/wp-json\/wp\/v2\/comments?post=1760"}],"version-history":[{"count":2,"href":"https:\/\/www.billy-montigny.fr\/site\/wp-json\/wp\/v2\/pages\/1760\/revisions"}],"predecessor-version":[{"id":1765,"href":"https:\/\/www.billy-montigny.fr\/site\/wp-json\/wp\/v2\/pages\/1760\/revisions\/1765"}],"up":[{"embeddable":true,"href":"https:\/\/www.billy-montigny.fr\/site\/wp-json\/wp\/v2\/pages\/1757"}],"wp:attachment":[{"href":"https:\/\/www.billy-montigny.fr\/site\/wp-json\/wp\/v2\/media?parent=1760"}],"curies":[{"name":"wp","href":"https:\/\/api.w.org\/{rel}","templated":true}]}}