{"id":1667,"date":"2019-01-11T15:21:07","date_gmt":"2019-01-11T14:21:07","guid":{"rendered":"https:\/\/www.billy-montigny.fr\/site\/?page_id=1667"},"modified":"2026-03-02T16:08:13","modified_gmt":"2026-03-02T15:08:13","slug":"demande-dutilisation-du-domaine-public","status":"publish","type":"page","link":"https:\/\/www.billy-montigny.fr\/site\/demande-dutilisation-du-domaine-public\/","title":{"rendered":"Demande d&rsquo;utilisation du domaine public"},"content":{"rendered":"<h5><strong>Demande d&rsquo;utilisation du domaine public<br \/>\n<\/strong><\/h5>\n<p>Le document ci-dessous est \u00e0 t\u00e9l\u00e9charger, imprimer, et remettre d\u00fbment rempli au service ASVP (asvp@billy-montigny.fr), qui se chargera de transmettre en retour l&rsquo;arr\u00eat\u00e9 autorisant l&rsquo;occupation\u00a0 :<\/p>\n<p><center><a href=\"https:\/\/www.billy-montigny.fr\/site\/wp-content\/uploads\/2019\/01\/courrier-utilisation-domaine-public.pdf\"><img loading=\"lazy\" decoding=\"async\" class=\"aligncenter wp-image-1669\" src=\"https:\/\/www.billy-montigny.fr\/site\/wp-content\/uploads\/2019\/01\/courrier-utilisation-domaine-public-212x300.jpg\" alt=\"\" width=\"150\" height=\"212\" srcset=\"https:\/\/www.billy-montigny.fr\/site\/wp-content\/uploads\/2019\/01\/courrier-utilisation-domaine-public-212x300.jpg 212w, https:\/\/www.billy-montigny.fr\/site\/wp-content\/uploads\/2019\/01\/courrier-utilisation-domaine-public-768x1086.jpg 768w, https:\/\/www.billy-montigny.fr\/site\/wp-content\/uploads\/2019\/01\/courrier-utilisation-domaine-public-724x1024.jpg 724w, https:\/\/www.billy-montigny.fr\/site\/wp-content\/uploads\/2019\/01\/courrier-utilisation-domaine-public-283x400.jpg 283w, https:\/\/www.billy-montigny.fr\/site\/wp-content\/uploads\/2019\/01\/courrier-utilisation-domaine-public-1170x1655.jpg 1170w, https:\/\/www.billy-montigny.fr\/site\/wp-content\/uploads\/2019\/01\/courrier-utilisation-domaine-public-380x537.jpg 380w, https:\/\/www.billy-montigny.fr\/site\/wp-content\/uploads\/2019\/01\/courrier-utilisation-domaine-public-78x110.jpg 78w, https:\/\/www.billy-montigny.fr\/site\/wp-content\/uploads\/2019\/01\/courrier-utilisation-domaine-public.jpg 1214w\" sizes=\"auto, (max-width: 150px) 100vw, 150px\" \/><\/a><\/center><\/p>\n","protected":false},"excerpt":{"rendered":"<p>Demande d&rsquo;utilisation du domaine public Le document ci-dessous est \u00e0 t\u00e9l\u00e9charger, imprimer, et remettre d\u00fbment rempli au service ASVP (asvp@billy-montigny.fr), qui se chargera de transmettre en retour l&rsquo;arr\u00eat\u00e9 autorisant l&rsquo;occupation\u00a0 :<\/p>\n","protected":false},"author":3,"featured_media":0,"parent":0,"menu_order":0,"comment_status":"closed","ping_status":"closed","template":"","meta":{"footnotes":""},"class_list":["post-1667","page","type-page","status-publish","hentry"],"publishpress_future_action":{"enabled":false,"date":"2026-05-07 10:20:16","action":"change-status","newStatus":"draft","terms":[],"taxonomy":"","extraData":[]},"publishpress_future_workflow_manual_trigger":{"enabledWorkflows":[]},"_links":{"self":[{"href":"https:\/\/www.billy-montigny.fr\/site\/wp-json\/wp\/v2\/pages\/1667","targetHints":{"allow":["GET"]}}],"collection":[{"href":"https:\/\/www.billy-montigny.fr\/site\/wp-json\/wp\/v2\/pages"}],"about":[{"href":"https:\/\/www.billy-montigny.fr\/site\/wp-json\/wp\/v2\/types\/page"}],"author":[{"embeddable":true,"href":"https:\/\/www.billy-montigny.fr\/site\/wp-json\/wp\/v2\/users\/3"}],"replies":[{"embeddable":true,"href":"https:\/\/www.billy-montigny.fr\/site\/wp-json\/wp\/v2\/comments?post=1667"}],"version-history":[{"count":4,"href":"https:\/\/www.billy-montigny.fr\/site\/wp-json\/wp\/v2\/pages\/1667\/revisions"}],"predecessor-version":[{"id":6100,"href":"https:\/\/www.billy-montigny.fr\/site\/wp-json\/wp\/v2\/pages\/1667\/revisions\/6100"}],"wp:attachment":[{"href":"https:\/\/www.billy-montigny.fr\/site\/wp-json\/wp\/v2\/media?parent=1667"}],"curies":[{"name":"wp","href":"https:\/\/api.w.org\/{rel}","templated":true}]}}