{"id":1426,"date":"2018-09-20T11:33:20","date_gmt":"2018-09-20T09:33:20","guid":{"rendered":"https:\/\/www.billy-montigny.fr\/site\/?page_id=1426"},"modified":"2026-03-17T12:04:21","modified_gmt":"2026-03-17T11:04:21","slug":"dossier-dinscription-scolaire","status":"publish","type":"page","link":"https:\/\/www.billy-montigny.fr\/site\/en-un-clic\/scolarite\/dossier-dinscription-scolaire\/","title":{"rendered":"Dossier d&rsquo;inscription scolaire"},"content":{"rendered":"<p>Le document ci-dessous est \u00e0 t\u00e9l\u00e9charger, imprimer, et remettre d\u00fbment rempli au service affaires scolaires. Tout dossier incomplet ne sera pas pris en compte.<\/p>\n<p style=\"text-align: center;\"><a href=\"https:\/\/www.billy-montigny.fr\/site\/wp-content\/uploads\/2026\/03\/DOSSIER-INSCRIPTION-2026-2027.pdf\"><img loading=\"lazy\" decoding=\"async\" class=\"aligncenter wp-image-5276 size-medium\" src=\"https:\/\/www.billy-montigny.fr\/site\/wp-content\/uploads\/2025\/01\/INSCRIPTION-SCOLAIRE-ECOLE-MATERNELLE-212x300.jpg\" alt=\"\" width=\"212\" height=\"300\" srcset=\"https:\/\/www.billy-montigny.fr\/site\/wp-content\/uploads\/2025\/01\/INSCRIPTION-SCOLAIRE-ECOLE-MATERNELLE-212x300.jpg 212w, https:\/\/www.billy-montigny.fr\/site\/wp-content\/uploads\/2025\/01\/INSCRIPTION-SCOLAIRE-ECOLE-MATERNELLE-724x1024.jpg 724w, https:\/\/www.billy-montigny.fr\/site\/wp-content\/uploads\/2025\/01\/INSCRIPTION-SCOLAIRE-ECOLE-MATERNELLE-768x1086.jpg 768w, https:\/\/www.billy-montigny.fr\/site\/wp-content\/uploads\/2025\/01\/INSCRIPTION-SCOLAIRE-ECOLE-MATERNELLE-1086x1536.jpg 1086w, https:\/\/www.billy-montigny.fr\/site\/wp-content\/uploads\/2025\/01\/INSCRIPTION-SCOLAIRE-ECOLE-MATERNELLE-283x400.jpg 283w, https:\/\/www.billy-montigny.fr\/site\/wp-content\/uploads\/2025\/01\/INSCRIPTION-SCOLAIRE-ECOLE-MATERNELLE-1170x1655.jpg 1170w, https:\/\/www.billy-montigny.fr\/site\/wp-content\/uploads\/2025\/01\/INSCRIPTION-SCOLAIRE-ECOLE-MATERNELLE-380x538.jpg 380w, https:\/\/www.billy-montigny.fr\/site\/wp-content\/uploads\/2025\/01\/INSCRIPTION-SCOLAIRE-ECOLE-MATERNELLE-78x110.jpg 78w, https:\/\/www.billy-montigny.fr\/site\/wp-content\/uploads\/2025\/01\/INSCRIPTION-SCOLAIRE-ECOLE-MATERNELLE.jpg 1240w\" sizes=\"auto, (max-width: 212px) 100vw, 212px\" \/><\/a><\/p>\n","protected":false},"excerpt":{"rendered":"<p>Le document ci-dessous est \u00e0 t\u00e9l\u00e9charger, imprimer, et remettre d\u00fbment rempli au service affaires scolaires. Tout dossier incomplet ne sera pas pris en compte.<\/p>\n","protected":false},"author":3,"featured_media":0,"parent":1395,"menu_order":0,"comment_status":"closed","ping_status":"closed","template":"","meta":{"footnotes":""},"class_list":["post-1426","page","type-page","status-publish","hentry"],"publishpress_future_action":{"enabled":false,"date":"2026-05-09 13:08:44","action":"change-status","newStatus":"draft","terms":[],"taxonomy":"","extraData":[]},"publishpress_future_workflow_manual_trigger":{"enabledWorkflows":[]},"_links":{"self":[{"href":"https:\/\/www.billy-montigny.fr\/site\/wp-json\/wp\/v2\/pages\/1426","targetHints":{"allow":["GET"]}}],"collection":[{"href":"https:\/\/www.billy-montigny.fr\/site\/wp-json\/wp\/v2\/pages"}],"about":[{"href":"https:\/\/www.billy-montigny.fr\/site\/wp-json\/wp\/v2\/types\/page"}],"author":[{"embeddable":true,"href":"https:\/\/www.billy-montigny.fr\/site\/wp-json\/wp\/v2\/users\/3"}],"replies":[{"embeddable":true,"href":"https:\/\/www.billy-montigny.fr\/site\/wp-json\/wp\/v2\/comments?post=1426"}],"version-history":[{"count":11,"href":"https:\/\/www.billy-montigny.fr\/site\/wp-json\/wp\/v2\/pages\/1426\/revisions"}],"predecessor-version":[{"id":6119,"href":"https:\/\/www.billy-montigny.fr\/site\/wp-json\/wp\/v2\/pages\/1426\/revisions\/6119"}],"up":[{"embeddable":true,"href":"https:\/\/www.billy-montigny.fr\/site\/wp-json\/wp\/v2\/pages\/1395"}],"wp:attachment":[{"href":"https:\/\/www.billy-montigny.fr\/site\/wp-json\/wp\/v2\/media?parent=1426"}],"curies":[{"name":"wp","href":"https:\/\/api.w.org\/{rel}","templated":true}]}}