{"id":1403,"date":"2018-09-18T10:54:36","date_gmt":"2018-09-18T08:54:36","guid":{"rendered":"https:\/\/www.billy-montigny.fr\/site\/?page_id=1403"},"modified":"2026-02-11T16:05:52","modified_gmt":"2026-02-11T15:05:52","slug":"demande-de-bourse-communale","status":"publish","type":"page","link":"https:\/\/www.billy-montigny.fr\/site\/en-un-clic\/scolarite\/demande-de-bourse-communale\/","title":{"rendered":"Demande de bourse communale"},"content":{"rendered":"<p>Tout \u00e9l\u00e8ve scolaris\u00e9 \u00e0 l&rsquo;ext\u00e9rieur de la commune, \u00e0 compter de la 6\u00e8me, peut pr\u00e9tendre \u00e0 une aide \u00e0 la scolarit\u00e9 : une bourse communale OU le remboursement de l&rsquo;abonnement de transport TADAO. Cette aide concerne les \u00e9l\u00e8ves fr\u00e9quentant des \u00e9tablissements publics, non apprentis ou en alternance.<\/p>\n<p>Le document ci-dessous est \u00e0 t\u00e9l\u00e9charger, imprimer, et \u00e0 remettre d\u00fbment compl\u00e9t\u00e9, et accompagn\u00e9 des pi\u00e8ces justificatives, au CCAS 39 rue de Rouvroy avant le 1er juin 2026. Tout dossier incomplet ne sera pas pris en compte.<\/p>\n<p style=\"text-align: center;\"><a href=\"https:\/\/www.billy-montigny.fr\/site\/wp-content\/uploads\/2025\/07\/Annee-2025-2026.pdf\" target=\"_blank\" rel=\"noopener\"><img loading=\"lazy\" decoding=\"async\" class=\"alignnone wp-image-4889 size-medium\" src=\"https:\/\/www.billy-montigny.fr\/site\/wp-content\/uploads\/2024\/06\/Annee-2024-2025-194x300.jpg\" alt=\"\" width=\"194\" height=\"300\" \/><\/a><\/p>\n","protected":false},"excerpt":{"rendered":"<p>Tout \u00e9l\u00e8ve scolaris\u00e9 \u00e0 l&rsquo;ext\u00e9rieur de la commune, \u00e0 compter de la 6\u00e8me, peut pr\u00e9tendre \u00e0 une aide \u00e0 la scolarit\u00e9 : une bourse communale OU le remboursement de l&rsquo;abonnement de transport TADAO. Cette aide concerne les \u00e9l\u00e8ves fr\u00e9quentant des \u00e9tablissements publics, non apprentis ou en alternance. Le document ci-dessous est \u00e0 t\u00e9l\u00e9charger, imprimer, et [&hellip;]<\/p>\n","protected":false},"author":3,"featured_media":0,"parent":1395,"menu_order":0,"comment_status":"closed","ping_status":"closed","template":"","meta":{"footnotes":""},"class_list":["post-1403","page","type-page","status-publish","hentry"],"publishpress_future_action":{"enabled":false,"date":"2026-04-22 22:12:05","action":"change-status","newStatus":"draft","terms":[],"taxonomy":"","extraData":[]},"publishpress_future_workflow_manual_trigger":{"enabledWorkflows":[]},"_links":{"self":[{"href":"https:\/\/www.billy-montigny.fr\/site\/wp-json\/wp\/v2\/pages\/1403","targetHints":{"allow":["GET"]}}],"collection":[{"href":"https:\/\/www.billy-montigny.fr\/site\/wp-json\/wp\/v2\/pages"}],"about":[{"href":"https:\/\/www.billy-montigny.fr\/site\/wp-json\/wp\/v2\/types\/page"}],"author":[{"embeddable":true,"href":"https:\/\/www.billy-montigny.fr\/site\/wp-json\/wp\/v2\/users\/3"}],"replies":[{"embeddable":true,"href":"https:\/\/www.billy-montigny.fr\/site\/wp-json\/wp\/v2\/comments?post=1403"}],"version-history":[{"count":28,"href":"https:\/\/www.billy-montigny.fr\/site\/wp-json\/wp\/v2\/pages\/1403\/revisions"}],"predecessor-version":[{"id":6034,"href":"https:\/\/www.billy-montigny.fr\/site\/wp-json\/wp\/v2\/pages\/1403\/revisions\/6034"}],"up":[{"embeddable":true,"href":"https:\/\/www.billy-montigny.fr\/site\/wp-json\/wp\/v2\/pages\/1395"}],"wp:attachment":[{"href":"https:\/\/www.billy-montigny.fr\/site\/wp-json\/wp\/v2\/media?parent=1403"}],"curies":[{"name":"wp","href":"https:\/\/api.w.org\/{rel}","templated":true}]}}