{"id":140,"date":"2017-06-20T15:02:50","date_gmt":"2017-06-20T13:02:50","guid":{"rendered":"https:\/\/www.billy-montigny.fr\/site\/?page_id=140"},"modified":"2026-02-10T17:40:32","modified_gmt":"2026-02-10T16:40:32","slug":"jeunesse","status":"publish","type":"page","link":"https:\/\/www.billy-montigny.fr\/site\/vivre-a-billy-montigny\/jeunesse\/","title":{"rendered":"Jeunesse"},"content":{"rendered":"<h3 class=\"western\" style=\"text-align: justify;\"><span style=\"color: #000000;\">Accueil de loisirs municipal, rue Jean Rostand<\/span><\/h3>\n<p style=\"text-align: justify;\"><span style=\"color: #000000;\"><strong>Responsable<\/strong><\/span><br \/>\n<span style=\"color: #000000;\"> Catherine HANTUTE<\/span><br \/>\n<span style=\"color: #000000;\"> Mairie de Billy-Montigny<\/span><br \/>\n<span style=\"color: #000000;\"> t\u00e9l\u00a0: 06.72.57.75.76<\/span><\/p>\n<p style=\"text-align: justify;\"><span style=\"color: #000000;\"><strong>Mercredis permanents <\/strong>\u00a0: <\/span><br \/>\n<span style=\"color: #000000;\"> activit\u00e9s propos\u00e9es hors vacances scolaires de 9h \u00e0 17h, repas compris.<\/span><br \/>\n<span style=\"color: #000000;\"> <strong>Possibilit\u00e9 de p\u00e9ri-loisirs<\/strong> de 7h30 \u00e0 9h et de 17h \u00e0 18h30.<\/span><br \/>\n<span style=\"color: #000000;\"> Organisation d\u2019activit\u00e9s pour les jeunes billysiens de 3 \u00e0 17 ans.<\/span><\/p>\n<p style=\"text-align: justify;\"><span style=\"color: #000000;\">Le m\u00eame service est propos\u00e9 durant<strong> les petites vacances scolaires<\/strong> (sauf No\u00ebl) et durant <strong>les vacances d\u2019\u00e9t\u00e9<\/strong>, en juillet et en ao\u00fbt. Tarifs fix\u00e9s selon les revenus et le quotient familial.<\/span><\/p>\n<p style=\"text-align: justify;\"><span style=\"color: #000000;\">Renseignements au 06 72 57 75 76<br \/>\n<\/span><\/p>\n<p>&nbsp;<\/p>\n<hr \/>\n<h3>Cr\u00e8che Les Petits Chaperons Rouges Parent&rsquo;aise, rue Jean Rostand<\/h3>\n<p>En partenariat avec la ville, la cr\u00e8che Les Petits Chaperons Rouges accueille vos enfants de 2 mois et demi \u00e0 4 ans et 6 ans dans le cas d&rsquo;enfant en situation de handicap du lundi au vendredi de 7h30 \u00e0 18h.<\/p>\n<p>Pour toute demande d\u2019inscription\u00a0: <a href=\"http:\/\/www.lpcr.fr\">www.lpcr.fr<\/a><br \/>\nPuis \u00ab\u00a0Inscription en cr\u00e8che\u00a0\u00bb\u00a0:\u00a0 \u00ab\u00a0J\u2019ai un Code\u00a0\u00bb\u00a0: \u00a0<strong>62420<\/strong><\/p>\n<p>Pour plus d\u2019informations :<br \/>\nT\u00e9l : 03 59 93 79 99<br \/>\nMail : <a href=\"mailto:p.levret@lpcr.fr\">\u00a0<\/a>billy.montigny@lpcr.fr<\/p>\n<hr \/>\n<p style=\"text-align: justify;\">\n","protected":false},"excerpt":{"rendered":"<p>Accueil de loisirs municipal, rue Jean Rostand Responsable Catherine HANTUTE Mairie de Billy-Montigny t\u00e9l\u00a0: 06.72.57.75.76 Mercredis permanents \u00a0: activit\u00e9s propos\u00e9es hors vacances scolaires de 9h \u00e0 17h, repas compris. Possibilit\u00e9 de p\u00e9ri-loisirs de 7h30 \u00e0 9h et de 17h \u00e0 18h30. Organisation d\u2019activit\u00e9s pour les jeunes billysiens de 3 \u00e0 17 ans. Le m\u00eame service [&hellip;]<\/p>\n","protected":false},"author":3,"featured_media":0,"parent":82,"menu_order":0,"comment_status":"closed","ping_status":"closed","template":"","meta":{"footnotes":""},"class_list":["post-140","page","type-page","status-publish","hentry"],"publishpress_future_action":{"enabled":false,"date":"2026-04-20 16:41:58","action":"change-status","newStatus":"draft","terms":[],"taxonomy":"","extraData":[]},"publishpress_future_workflow_manual_trigger":{"enabledWorkflows":[]},"_links":{"self":[{"href":"https:\/\/www.billy-montigny.fr\/site\/wp-json\/wp\/v2\/pages\/140","targetHints":{"allow":["GET"]}}],"collection":[{"href":"https:\/\/www.billy-montigny.fr\/site\/wp-json\/wp\/v2\/pages"}],"about":[{"href":"https:\/\/www.billy-montigny.fr\/site\/wp-json\/wp\/v2\/types\/page"}],"author":[{"embeddable":true,"href":"https:\/\/www.billy-montigny.fr\/site\/wp-json\/wp\/v2\/users\/3"}],"replies":[{"embeddable":true,"href":"https:\/\/www.billy-montigny.fr\/site\/wp-json\/wp\/v2\/comments?post=140"}],"version-history":[{"count":12,"href":"https:\/\/www.billy-montigny.fr\/site\/wp-json\/wp\/v2\/pages\/140\/revisions"}],"predecessor-version":[{"id":6023,"href":"https:\/\/www.billy-montigny.fr\/site\/wp-json\/wp\/v2\/pages\/140\/revisions\/6023"}],"up":[{"embeddable":true,"href":"https:\/\/www.billy-montigny.fr\/site\/wp-json\/wp\/v2\/pages\/82"}],"wp:attachment":[{"href":"https:\/\/www.billy-montigny.fr\/site\/wp-json\/wp\/v2\/media?parent=140"}],"curies":[{"name":"wp","href":"https:\/\/api.w.org\/{rel}","templated":true}]}}