{"id":11,"date":"2016-12-05T16:29:40","date_gmt":"2016-12-05T15:29:40","guid":{"rendered":"http:\/\/wordpress.lxc\/billy-montigny\/?page_id=11"},"modified":"2026-02-25T17:32:59","modified_gmt":"2026-02-25T16:32:59","slug":"mairie","status":"publish","type":"page","link":"https:\/\/www.billy-montigny.fr\/site\/vie-municipale\/mairie\/","title":{"rendered":"Les services municipaux"},"content":{"rendered":"<p align=\"left\"><strong>H\u00f4tel de Ville<\/strong><br \/>\nRue Jean Jaur\u00e8s<br \/>\n62420 Billy-Montigny<br \/>\nTel\u00a0: 03.21.13.81.13<br \/>\nFax\u00a0: 03.21.13.81.21<\/p>\n<p align=\"left\"><strong>HORAIRES D\u2019OUVERTURE DE LA MAIRIE<\/strong><br \/>\nDu lundi au vendredi de 8h30 \u00e0 12h et de 14h \u00e0 17h30.<br \/>\nLe samedi de 8h30 \u00e0 12h.<\/p>\n<p align=\"left\"><strong>Secr\u00e9tariat du maire<\/strong><br \/>\nTel : 03.21.13.81.20<\/p>\n<p align=\"left\"><strong>Comptabilit\u00e9<\/strong><br \/>\nTel\u00a0: 03.21.13.81.19<\/p>\n<p align=\"left\"><strong>Bureau d\u2019\u00e9tudes<\/strong><br \/>\nTel : 03.21.13.81.10<\/p>\n<p align=\"left\"><strong>Location de salles<\/strong><br \/>\nTel : 03.21.13.81.13<\/p>\n<p align=\"left\"><strong>Urbanisme<\/strong><br \/>\nTel\u00a0: 03.21.13.81.15<\/p>\n<p align=\"left\"><strong>Affaires scolaires<\/strong><br \/>\nTel\u00a0: 03.21.13.81.26<\/p>\n<p align=\"left\"><strong>\u00c9lections<\/strong><br \/>\nTel\u00a0: 03.21.13.81.23<\/p>\n<p align=\"left\"><strong>Communication<\/strong><br \/>\nTel\u00a0: 03.21.49.49.40<\/p>\n<p align=\"left\"><strong>\u00c9tat civil &#8211; Cimeti\u00e8re<\/strong><br \/>\nTel\u00a0: 03.21.13.81.14<\/p>\n<p align=\"left\"><strong>Garde champ\u00eatre<\/strong> <strong>R\u00e9gies\/Plis<\/strong><br \/>\nTel\u00a0: 03.21.13.81.22<\/p>\n<p><strong>Agents de Surveillance de la Voie Publique (ASVP)<\/strong><br \/>\nH\u00f4tel de Ville<br \/>\nRue Jean Jaur\u00e8s<br \/>\nPermanences le mercredi de 10h \u00e0 12h<br \/>\nT\u00e9l : 06.07.34.43.36 \/ 06.07.33.03.72<\/p>\n<p align=\"left\"><strong>Actions sociales<\/strong><br \/>\n39 rue de Rouvroy<br \/>\nTel\u00a0: 03.21.76.23.00<\/p>\n<p align=\"left\"><strong>Service solidarit\u00e9<\/strong><br \/>\n39 rue de Rouvroy<br \/>\nT\u00e9l : 07.87.49.91.63<\/p>\n<p align=\"left\"><strong>Service des sports<\/strong><br \/>\n5 rue Jean Jaur\u00e8s<br \/>\nTel : 03.21.49.52.91<\/p>\n<p align=\"left\"><strong>Services techniques<\/strong><br \/>\nParc d\u2019Activit\u00e9s EURO-BILLY<br \/>\nRue H\u00e9l\u00e8ne Boucher<br \/>\nT\u00e9l\u00a0: 03.91.83.01.70<br \/>\nFax\u00a0: 03.91.83.01.79<\/p>\n<p align=\"left\"><strong>Jeunesse &#8211; Actions quartier<\/strong><i><br \/>\n<\/i>Maison de l&rsquo;Enfant, rue Jean Rostand<strong><br \/>\n<\/strong>T\u00e9l : 06.72.57.75.76<\/p>\n<p align=\"left\"><strong>Culturel<\/strong><br \/>\nEspace L\u00e9on Delfosse<br \/>\nEspace L\u00e9o Ferr\u00e9<\/p>\n<p align=\"left\"><strong>Centre aquatique<\/strong><br \/>\n153 avenue de la R\u00e9publique<br \/>\nTel : 03.76.09.02.16<\/p>\n<p align=\"left\"><strong>C.C.A.S &#8211; Service logement<\/strong><br \/>\n39 rue de Rouvroy<br \/>\n62420 Billy-Montigny<br \/>\nTel\u00a0: 03.21.76.23.00<\/p>\n<p><u>HORAIRES D\u2019OUVERTURE\u00a0:<\/u><br \/>\nLe lundi de 14h \u00e0 17h30.<br \/>\nDu mardi au vendredi de 8h30 \u00e0 12h et de 14h \u00e0 17h30.<\/p>\n<p align=\"left\"><strong>M\u00e9diath\u00e8que Nelson Madiba Mandela<\/strong><br \/>\nRue Pasteur<br \/>\n62420 Billy-Montigny<br \/>\nTel : 03.21.49.08.59<\/p>\n<p><u>HORAIRES D\u2019OUVERTURE\u00a0:<\/u><br \/>\nMardi de 14h \u00e0 19h<br \/>\nMercredi de 10h \u00e0 12h et de 14h \u00e0 18h<br \/>\nJeudi et vendredi de 14h \u00e0 18h<br \/>\nSamedi de 10h \u00e0 12h et de 14h \u00e0 17h<\/p>\n<h5>Parc urbain<\/h5>\n<p>Horaires d&rsquo;\u00e9t\u00e9 (d&rsquo;avril \u00e0 fin septembre) : tous les jours de 10h \u00e0 11h45 et de 14h \u00e0 18h45.<br \/>\nHoraires d&rsquo;hiver (d&rsquo;octobre \u00e0 mars) : tous les jours de 10h \u00e0 11h45 et de 14h \u00e0 16h45.<\/p>\n","protected":false},"excerpt":{"rendered":"<p>H\u00f4tel de Ville Rue Jean Jaur\u00e8s 62420 Billy-Montigny Tel\u00a0: 03.21.13.81.13 Fax\u00a0: 03.21.13.81.21 HORAIRES D\u2019OUVERTURE DE LA MAIRIE Du lundi au vendredi de 8h30 \u00e0 12h et de 14h \u00e0 17h30. Le samedi de 8h30 \u00e0 12h. Secr\u00e9tariat du maire Tel : 03.21.13.81.20 Comptabilit\u00e9 Tel\u00a0: 03.21.13.81.19 Bureau d\u2019\u00e9tudes Tel : 03.21.13.81.10 Location de salles Tel : [&hellip;]<\/p>\n","protected":false},"author":1,"featured_media":0,"parent":9,"menu_order":0,"comment_status":"closed","ping_status":"closed","template":"","meta":{"footnotes":""},"class_list":["post-11","page","type-page","status-publish","hentry"],"publishpress_future_action":{"enabled":false,"date":"2026-05-02 01:25:51","action":"change-status","newStatus":"draft","terms":[],"taxonomy":"","extraData":[]},"publishpress_future_workflow_manual_trigger":{"enabledWorkflows":[]},"_links":{"self":[{"href":"https:\/\/www.billy-montigny.fr\/site\/wp-json\/wp\/v2\/pages\/11","targetHints":{"allow":["GET"]}}],"collection":[{"href":"https:\/\/www.billy-montigny.fr\/site\/wp-json\/wp\/v2\/pages"}],"about":[{"href":"https:\/\/www.billy-montigny.fr\/site\/wp-json\/wp\/v2\/types\/page"}],"author":[{"embeddable":true,"href":"https:\/\/www.billy-montigny.fr\/site\/wp-json\/wp\/v2\/users\/1"}],"replies":[{"embeddable":true,"href":"https:\/\/www.billy-montigny.fr\/site\/wp-json\/wp\/v2\/comments?post=11"}],"version-history":[{"count":44,"href":"https:\/\/www.billy-montigny.fr\/site\/wp-json\/wp\/v2\/pages\/11\/revisions"}],"predecessor-version":[{"id":6094,"href":"https:\/\/www.billy-montigny.fr\/site\/wp-json\/wp\/v2\/pages\/11\/revisions\/6094"}],"up":[{"embeddable":true,"href":"https:\/\/www.billy-montigny.fr\/site\/wp-json\/wp\/v2\/pages\/9"}],"wp:attachment":[{"href":"https:\/\/www.billy-montigny.fr\/site\/wp-json\/wp\/v2\/media?parent=11"}],"curies":[{"name":"wp","href":"https:\/\/api.w.org\/{rel}","templated":true}]}}